{"id":21477,"date":"2018-01-02T01:02:14","date_gmt":"2018-01-02T01:02:14","guid":{"rendered":"http:\/\/biblian.is\/videy\/salmarnir-150-kafli\/"},"modified":"2018-01-02T01:02:14","modified_gmt":"2018-01-02T01:02:14","slug":"salmarnir-150-kafli","status":"publish","type":"page","link":"https:\/\/biblian.is\/videy\/salmarnir-150-kafli\/","title":{"rendered":"S\u00e1lmarnir 150. kafli"},"content":{"rendered":"<div class=\"fyrirsognVidey\">Lofs\u00e1lmur.<\/div>\n<p><a name=\"1\"><span class=\"versanumer\">1<\/span><\/a>Lofi\u00f0 Drottin! Lofi\u00f0 Gu\u00f0 \u00ed hans helgid\u00f3m, lofi\u00f0 hann \u00ed hans \u00fatbreiddu styrkleikafestingu.<a name=\"2\"><span class=\"versanumer\">2<\/span><\/a>Lofi\u00f0 hann fyrir hans st\u00f3rvirki. Lofi\u00f0 hann samkv\u00e6mt hans mikilleika.<a name=\"3\"><span class=\"versanumer\">3<\/span><\/a>Lofi\u00f0 hann me\u00f0 b\u00e1s\u00fanuhlj\u00f3m. Lofi\u00f0 hann me\u00f0 hlj\u00f3\u00f0f\u00e6rum og h\u00f6rpu.<a name=\"4\"><span class=\"versanumer\">4<\/span><\/a>Lofi\u00f0 hann me\u00f0 bumbum og dansi, lofi\u00f0 hann me\u00f0 strengjum og organi.<a name=\"5\"><span class=\"versanumer\">5<\/span><\/a>Lofi\u00f0 hann me\u00f0 hlj\u00f3\u00f0hvellum hornum, symblum, lofi\u00f0 hann me\u00f0 klingjandi symblum.<a name=\"6\"><span class=\"versanumer\">6<\/span><\/a>Allt hva\u00f0 andardr\u00e1tt hefir, lofi\u00f0 Drottin. <span class='VideyAth'>(Halel\u00faja)<\/span>. Lofi\u00f0 Drottin.<\/p>\n<div class=\"footnoteVidey\"><\/div>\n","protected":false},"excerpt":{"rendered":"<p>Lofs\u00e1lmur. 1Lofi\u00f0 Drottin! Lofi\u00f0 Gu\u00f0 \u00ed hans helgid\u00f3m, lofi\u00f0 hann \u00ed hans \u00fatbreiddu styrkleikafestingu.2Lofi\u00f0 hann fyrir hans st\u00f3rvirki. Lofi\u00f0 hann samkv\u00e6mt hans mikilleika.3Lofi\u00f0 hann me\u00f0 b\u00e1s\u00fanuhlj\u00f3m. Lofi\u00f0 hann me\u00f0 hlj\u00f3\u00f0f\u00e6rum og h\u00f6rpu.4Lofi\u00f0 hann me\u00f0 bumbum og dansi, lofi\u00f0 hann me\u00f0 strengjum og organi.5Lofi\u00f0 hann me\u00f0 hlj\u00f3\u00f0hvellum hornum, symblum, lofi\u00f0 hann me\u00f0 klingjandi symblum.6Allt hva\u00f0 andardr\u00e1tt hefir, lofi\u00f0 Drottin. (Halel\u00faja). Lofi\u00f0 Drottin.<\/p>\n","protected":false},"author":1,"featured_media":0,"parent":0,"menu_order":0,"comment_status":"open","ping_status":"open","template":"bibliukaflar.php","meta":{"footnotes":""},"class_list":["post-21477","page","type-page","status-publish","hentry"],"_links":{"self":[{"href":"https:\/\/biblian.is\/videy\/wp-json\/wp\/v2\/pages\/21477","targetHints":{"allow":["GET"]}}],"collection":[{"href":"https:\/\/biblian.is\/videy\/wp-json\/wp\/v2\/pages"}],"about":[{"href":"https:\/\/biblian.is\/videy\/wp-json\/wp\/v2\/types\/page"}],"author":[{"embeddable":true,"href":"https:\/\/biblian.is\/videy\/wp-json\/wp\/v2\/users\/1"}],"replies":[{"embeddable":true,"href":"https:\/\/biblian.is\/videy\/wp-json\/wp\/v2\/comments?post=21477"}],"version-history":[{"count":0,"href":"https:\/\/biblian.is\/videy\/wp-json\/wp\/v2\/pages\/21477\/revisions"}],"wp:attachment":[{"href":"https:\/\/biblian.is\/videy\/wp-json\/wp\/v2\/media?parent=21477"}],"curies":[{"name":"wp","href":"https:\/\/api.w.org\/{rel}","templated":true}]}}