{"id":21475,"date":"2018-01-02T01:02:14","date_gmt":"2018-01-02T01:02:14","guid":{"rendered":"http:\/\/biblian.is\/videy\/salmarnir-148-kafli\/"},"modified":"2018-01-02T01:02:14","modified_gmt":"2018-01-02T01:02:14","slug":"salmarnir-148-kafli","status":"publish","type":"page","link":"https:\/\/biblian.is\/videy\/salmarnir-148-kafli\/","title":{"rendered":"S\u00e1lmarnir 148. kafli"},"content":{"rendered":"<div class=\"fyrirsognVidey\">Lofgj\u00f6r\u00f0 Drottins.<\/div>\n<p><a name=\"1\"><span class=\"versanumer\">1<\/span><\/a>Lofi\u00f0 Gu\u00f0! Lofi\u00f0 Drottin, \u00e1 himnum lofi\u00f0 hann \u00ed h\u00e6\u00f0inni,<a name=\"2\"><span class=\"versanumer\">2<\/span><\/a>lofi\u00f0 hann allir hans englar, lofi\u00f0 hann allar hans hersveitir,<a name=\"3\"><span class=\"versanumer\">3<\/span><\/a>lofi\u00f0 hann s\u00f3l og tungl, lofi\u00f0 hann allar \u00fe\u00e9r tindrandi stj\u00f6rnur,<a name=\"4\"><span class=\"versanumer\">4<\/span><\/a>lofi\u00f0 hann himnanna himnar! og \u00fe\u00e9r v\u00f6tn sem eru\u00f0 yfir himninum,<a name=\"5\"><span class=\"versanumer\">5<\/span><\/a>lofi \u00feeir Drottins nafn, \u00fev\u00ed \u00fe\u00e1 hann bau\u00f0, voru \u00feeir skapa\u00f0ir,<a name=\"6\"><span class=\"versanumer\">6<\/span><\/a>og hann hefir fest \u00fe\u00e1 \u00e6 og eil\u00edflega, hann setti \u00feeim l\u00f6g, sem \u00feeir ei munu yfirtro\u00f0a,<a name=\"7\"><span class=\"versanumer\">7<\/span><\/a>lofi\u00f0 Drottin \u00e1 j\u00f6r\u00f0unni, \u00fe\u00e9r \u00f3freskjur og \u00f6ll dj\u00fap,<a name=\"8\"><span class=\"versanumer\">8<\/span><\/a>eldur og hagl, snj\u00f3r og \u00feoka, og \u00fe\u00e9r stormar sem framkv\u00e6mi\u00f0 hans skipanir,<a name=\"9\"><span class=\"versanumer\">9<\/span><\/a>\u00fe\u00e9r fj\u00f6ll og allar h\u00e6\u00f0ir, \u00fe\u00e9r \u00e1vaxtatr\u00e9 og \u00f6ll sedrustr\u00e9,<a name=\"10\"><span class=\"versanumer\">10<\/span><\/a>\u00fe\u00e9r villud\u00fdr og allur f\u00e9na\u00f0ur, \u00fe\u00e9r ormar og fleygir fuglar,<a name=\"11\"><span class=\"versanumer\">11<\/span><\/a>\u00fe\u00e9r jar\u00f0arinnar k\u00f3ngar, og allar \u00fej\u00f3\u00f0ir, \u00fe\u00e9r furstar og allir d\u00f3marar \u00e1 j\u00f6r\u00f0u.<a name=\"12\"><span class=\"versanumer\">12<\/span><\/a>Sveinar og meyjar allar, gamlir me\u00f0 ungum.<a name=\"13\"><span class=\"versanumer\">13<\/span><\/a>\u00deeir skulu lofa Drottins nafn, \u00fev\u00ed hans nafn alleina er h\u00e1tt upphafi\u00f0, hans h\u00e1tign er yfir j\u00f6r\u00f0 og himni.<a name=\"14\"><span class=\"versanumer\">14<\/span><\/a>Hann hefir gefi\u00f0 s\u00ednu f\u00f3lki veldi, lofst\u00edr \u00f6llum s\u00ednum heil\u00f6gu, \u00cdsraels b\u00f6rnum, \u00fev\u00ed f\u00f3lki sem honum er n\u00e1l\u00e6gt, lofi\u00f0 Drottin!<\/p>\n<div class=\"footnoteVidey\"><\/div>\n","protected":false},"excerpt":{"rendered":"<p>Lofgj\u00f6r\u00f0 Drottins. 1Lofi\u00f0 Gu\u00f0! Lofi\u00f0 Drottin, \u00e1 himnum lofi\u00f0 hann \u00ed h\u00e6\u00f0inni,2lofi\u00f0 hann allir hans englar, lofi\u00f0 hann allar hans hersveitir,3lofi\u00f0 hann s\u00f3l og tungl, lofi\u00f0 hann allar \u00fe\u00e9r tindrandi stj\u00f6rnur,4lofi\u00f0 hann himnanna himnar! og \u00fe\u00e9r v\u00f6tn sem eru\u00f0 yfir himninum,5lofi \u00feeir Drottins nafn, \u00fev\u00ed \u00fe\u00e1 hann bau\u00f0, voru \u00feeir skapa\u00f0ir,6og hann hefir fest \u00fe\u00e1 \u00e6 og eil\u00edflega, hann setti \u00feeim l\u00f6g, sem \u00feeir ei munu yfirtro\u00f0a,7lofi\u00f0 Drottin \u00e1 j\u00f6r\u00f0unni, \u00fe\u00e9r \u00f3freskjur og \u00f6ll dj\u00fap,8eldur og hagl, snj\u00f3r og \u00feoka, og \u00fe\u00e9r stormar sem framkv\u00e6mi\u00f0 hans skipanir,9\u00fe\u00e9r fj\u00f6ll og allar h\u00e6\u00f0ir, \u00fe\u00e9r \u00e1vaxtatr\u00e9 og \u00f6ll sedrustr\u00e9,10\u00fe\u00e9r villud\u00fdr og allur f\u00e9na\u00f0ur, <a href=\"https:\/\/biblian.is\/videy\/salmarnir-148-kafli\/\"> [&#8230;]<\/a><\/p>\n","protected":false},"author":1,"featured_media":0,"parent":0,"menu_order":0,"comment_status":"open","ping_status":"open","template":"bibliukaflar.php","meta":{"footnotes":""},"class_list":["post-21475","page","type-page","status-publish","hentry"],"_links":{"self":[{"href":"https:\/\/biblian.is\/videy\/wp-json\/wp\/v2\/pages\/21475","targetHints":{"allow":["GET"]}}],"collection":[{"href":"https:\/\/biblian.is\/videy\/wp-json\/wp\/v2\/pages"}],"about":[{"href":"https:\/\/biblian.is\/videy\/wp-json\/wp\/v2\/types\/page"}],"author":[{"embeddable":true,"href":"https:\/\/biblian.is\/videy\/wp-json\/wp\/v2\/users\/1"}],"replies":[{"embeddable":true,"href":"https:\/\/biblian.is\/videy\/wp-json\/wp\/v2\/comments?post=21475"}],"version-history":[{"count":0,"href":"https:\/\/biblian.is\/videy\/wp-json\/wp\/v2\/pages\/21475\/revisions"}],"wp:attachment":[{"href":"https:\/\/biblian.is\/videy\/wp-json\/wp\/v2\/media?parent=21475"}],"curies":[{"name":"wp","href":"https:\/\/api.w.org\/{rel}","templated":true}]}}