{"id":21474,"date":"2018-01-02T01:02:14","date_gmt":"2018-01-02T01:02:14","guid":{"rendered":"http:\/\/biblian.is\/videy\/salmarnir-147-kafli\/"},"modified":"2018-01-02T01:02:14","modified_gmt":"2018-01-02T01:02:14","slug":"salmarnir-147-kafli","status":"publish","type":"page","link":"https:\/\/biblian.is\/videy\/salmarnir-147-kafli\/","title":{"rendered":"S\u00e1lmarnir 147. kafli"},"content":{"rendered":"<div class=\"fyrirsognVidey\">Lofgj\u00f6r\u00f0 Drottins.<\/div>\n<p><a name=\"1\"><span class=\"versanumer\">1<\/span><\/a>Lofi\u00f0 Drottin! \u00fev\u00ed \u00fea\u00f0 er fagurt a\u00f0 syngja vorum Gu\u00f0i <span class='VideyAth'>(s\u00e1lma)<\/span>, \u00fev\u00ed elskulegur og fagur er s\u00e1 lofs\u00f6ngur.<a name=\"2\"><span class=\"versanumer\">2<\/span><\/a>Drottinn <span class='VideyAth'>(endur)<\/span>byggir Jer\u00fasalem, \u00feeim tv\u00edstru\u00f0u \u00cdsraels samansafnar hann.<a name=\"3\"><span class=\"versanumer\">3<\/span><\/a>Hann l\u00e6knar \u00fe\u00e1, sem hafa sundurmari\u00f0 hjarta og bindur um \u00feeirra s\u00e1r.<a name=\"4\"><span class=\"versanumer\">4<\/span><\/a>Hann telur stj\u00f6rnurnar og nefnir \u00fe\u00e6r allar me\u00f0 nafni.<a name=\"5\"><span class=\"versanumer\">5<\/span><\/a>Mikill og voldugur er vor Drottinn, hans skilningur er \u00f3m\u00e6lanlegur.<a name=\"6\"><span class=\"versanumer\">6<\/span><\/a>\u00de\u00e1 h\u00f3gv\u00e6ru upphefur hann, \u00fe\u00e1 \u00f3gu\u00f0legu l\u00e6gir hann allt a\u00f0 j\u00f6r\u00f0u.<a name=\"7\"><span class=\"versanumer\">7<\/span><\/a>Syngi\u00f0 fyrir Drottni me\u00f0 \u00feakkl\u00e6ti! spili\u00f0 fyrir Drottni \u00e1 h\u00f6rpu.<a name=\"8\"><span class=\"versanumer\">8<\/span><\/a>Fyrir honum sem \u00feekur himininn me\u00f0 sk\u00fdjum, sem tilb\u00fdr j\u00f6r\u00f0inni regn, sem l\u00e6tur gras spretta \u00e1 fj\u00f6llunum.<a name=\"9\"><span class=\"versanumer\">9<\/span><\/a>Fyrir honum sem gefur f\u00e6\u00f0u f\u00e9na\u00f0inum, ungum hrafnanna, sem til hans kalla,<a name=\"10\"><span class=\"versanumer\">10<\/span><\/a>hann hefir ei lyst \u00e1 styrkleika hestsins, ei vel\u00fe\u00f3knan \u00e1 f\u00f3tleggjum mannsins.<a name=\"11\"><span class=\"versanumer\">11<\/span><\/a>Drottni \u00fe\u00f3knast \u00feeir sem hann \u00f3ttast, \u00feeir sem hafa von \u00e1 hans miskunn.<a name=\"12\"><span class=\"versanumer\">12<\/span><\/a>Vegsama Drottin, Jer\u00fasalem! lofa \u00feinn Gu\u00f0, S\u00edon!<a name=\"13\"><span class=\"versanumer\">13<\/span><\/a>\u00fev\u00ed hann gj\u00f6rir fasta slagbranda \u00feinna porta, hann blessar \u00fe\u00edn b\u00f6rn \u00fear fyrir innan.<a name=\"14\"><span class=\"versanumer\">14<\/span><\/a>Hann gefur \u00fe\u00ednu landi fri\u00f0, me\u00f0 besta hveiti mettar hann \u00feig.<a name=\"15\"><span class=\"versanumer\">15<\/span><\/a>Hann sendir sinn bo\u00f0skap til jar\u00f0ar, me\u00f0 hra\u00f0a fer hans or\u00f0.<a name=\"16\"><span class=\"versanumer\">16<\/span><\/a>Hann gefur snj\u00f3 sem ull, \u00fatdreifir hr\u00edmi sem \u00f6sku.<a name=\"17\"><span class=\"versanumer\">17<\/span><\/a>Hann sendir ni\u00f0ur klaka \u00ed molum, hv\u00f6r stenst hans kulda?<a name=\"18\"><span class=\"versanumer\">18<\/span><\/a>Hann sendir sitt or\u00f0 og br\u00e6\u00f0ir hann; hann l\u00e6tur sinn vind bl\u00e1sa og vatni\u00f0 rennur.<a name=\"19\"><span class=\"versanumer\">19<\/span><\/a>Hann hefir kunngj\u00f6rt Jakob sitt or\u00f0, \u00cdsrael s\u00edna setninga og r\u00e9ttindi.<a name=\"20\"><span class=\"versanumer\">20<\/span><\/a>Ekki gj\u00f6r\u00f0i hann svo vi\u00f0 allt f\u00f3lk, hans r\u00e9ttindi \u00feekkja \u00feeir ekki. <span class='VideyAth'>(Halel\u00faja)<\/span> lofi\u00f0 Drottin!<\/p>\n<div class=\"footnoteVidey\"><\/div>\n","protected":false},"excerpt":{"rendered":"<p>Lofgj\u00f6r\u00f0 Drottins. 1Lofi\u00f0 Drottin! \u00fev\u00ed \u00fea\u00f0 er fagurt a\u00f0 syngja vorum Gu\u00f0i (s\u00e1lma), \u00fev\u00ed elskulegur og fagur er s\u00e1 lofs\u00f6ngur.2Drottinn (endur)byggir Jer\u00fasalem, \u00feeim tv\u00edstru\u00f0u \u00cdsraels samansafnar hann.3Hann l\u00e6knar \u00fe\u00e1, sem hafa sundurmari\u00f0 hjarta og bindur um \u00feeirra s\u00e1r.4Hann telur stj\u00f6rnurnar og nefnir \u00fe\u00e6r allar me\u00f0 nafni.5Mikill og voldugur er vor Drottinn, hans skilningur er \u00f3m\u00e6lanlegur.6\u00de\u00e1 h\u00f3gv\u00e6ru upphefur hann, \u00fe\u00e1 \u00f3gu\u00f0legu l\u00e6gir hann allt a\u00f0 j\u00f6r\u00f0u.7Syngi\u00f0 fyrir Drottni me\u00f0 \u00feakkl\u00e6ti! spili\u00f0 fyrir Drottni \u00e1 h\u00f6rpu.8Fyrir honum sem \u00feekur himininn me\u00f0 sk\u00fdjum, sem tilb\u00fdr j\u00f6r\u00f0inni regn, sem l\u00e6tur gras spretta \u00e1 fj\u00f6llunum.9Fyrir honum sem gefur f\u00e6\u00f0u f\u00e9na\u00f0inum, ungum hrafnanna, sem til hans <a href=\"https:\/\/biblian.is\/videy\/salmarnir-147-kafli\/\"> [&#8230;]<\/a><\/p>\n","protected":false},"author":1,"featured_media":0,"parent":0,"menu_order":0,"comment_status":"open","ping_status":"open","template":"bibliukaflar.php","meta":{"footnotes":""},"class_list":["post-21474","page","type-page","status-publish","hentry"],"_links":{"self":[{"href":"https:\/\/biblian.is\/videy\/wp-json\/wp\/v2\/pages\/21474","targetHints":{"allow":["GET"]}}],"collection":[{"href":"https:\/\/biblian.is\/videy\/wp-json\/wp\/v2\/pages"}],"about":[{"href":"https:\/\/biblian.is\/videy\/wp-json\/wp\/v2\/types\/page"}],"author":[{"embeddable":true,"href":"https:\/\/biblian.is\/videy\/wp-json\/wp\/v2\/users\/1"}],"replies":[{"embeddable":true,"href":"https:\/\/biblian.is\/videy\/wp-json\/wp\/v2\/comments?post=21474"}],"version-history":[{"count":0,"href":"https:\/\/biblian.is\/videy\/wp-json\/wp\/v2\/pages\/21474\/revisions"}],"wp:attachment":[{"href":"https:\/\/biblian.is\/videy\/wp-json\/wp\/v2\/media?parent=21474"}],"curies":[{"name":"wp","href":"https:\/\/api.w.org\/{rel}","templated":true}]}}