{"id":21473,"date":"2018-01-02T01:02:14","date_gmt":"2018-01-02T01:02:14","guid":{"rendered":"http:\/\/biblian.is\/videy\/salmarnir-146-kafli\/"},"modified":"2018-01-02T01:02:14","modified_gmt":"2018-01-02T01:02:14","slug":"salmarnir-146-kafli","status":"publish","type":"page","link":"https:\/\/biblian.is\/videy\/salmarnir-146-kafli\/","title":{"rendered":"S\u00e1lmarnir 146. kafli"},"content":{"rendered":"<div class=\"fyrirsognVidey\">Lofgj\u00f6r\u00f0 Drottins.<\/div>\n<p><a name=\"1\"><span class=\"versanumer\">1<\/span><\/a>Lofi\u00f0 Gu\u00f0! M\u00edn s\u00e1l! lofa Drottin! eg vil lofa Drottin svo lengi sem eg lifi;<a name=\"2\"><span class=\"versanumer\">2<\/span><\/a>eg vil syngja m\u00ednum Gu\u00f0i s\u00e1lma, svo lengi sem eg er til.<a name=\"3\"><span class=\"versanumer\">3<\/span><\/a>Rei\u00f0i\u00f0 y\u00f0ur ekki \u00e1 h\u00f6f\u00f0ingja, ekki \u00e1 mannab\u00f6rn, hj\u00e1 \u00feeim er ekki hj\u00e1lp.<a name=\"4\"><span class=\"versanumer\">4<\/span><\/a>Fari andinn \u00far \u00feeim, ver\u00f0a \u00feau aftur a\u00f0 j\u00f6r\u00f0u; \u00e1 sama degi hverfa \u00feeirra drambl\u00e1tu r\u00e1\u00f0agj\u00f6r\u00f0ir.<a name=\"5\"><span class=\"versanumer\">5<\/span><\/a>S\u00e6ll er s\u00e1 hv\u00f6rs hj\u00e1lp Jakobs Gu\u00f0 er, hv\u00f6rs von er til Drottins hans Gu\u00f0s,<a name=\"6\"><span class=\"versanumer\">6<\/span><\/a>sem gj\u00f6r\u00f0i himininn, j\u00f6r\u00f0ina, hafi\u00f0 og allt sem \u00ed \u00feeim er, sem heldur trygg\u00f0 eil\u00edflega,<a name=\"7\"><span class=\"versanumer\">7<\/span><\/a>sem \u00fatvegar r\u00e9tt \u00feeim undir\u00ferykkta, gefur brau\u00f0 \u00feeim hungra\u00f0a. Drottinn leysir \u00fe\u00e1 bundnu,<a name=\"8\"><span class=\"versanumer\">8<\/span><\/a>Drottinn opnar augu hinna blindu, Drottinn uppreisir \u00fe\u00e1 ni\u00f0urbeyg\u00f0u, Drottinn elskar \u00fe\u00e1 r\u00e1\u00f0v\u00f6ndu.<a name=\"9\"><span class=\"versanumer\">9<\/span><\/a>Drottinn verndar \u00fe\u00e1 \u00fatlendu, f\u00f6\u00f0urlausum og ekkjum hj\u00e1lpar hann, en hann umturnar vegi hinna \u00f3gu\u00f0legu.<a name=\"10\"><span class=\"versanumer\">10<\/span><\/a>Drottinn mun stj\u00f3rna eil\u00edflega, \u00feinn Gu\u00f0, \u00f3 S\u00edon! fr\u00e1 kyni til kyns <span class='VideyAth'>(Halel\u00faja)<\/span> lofi\u00f0 Drottinn!<\/p>\n<div class=\"footnoteVidey\"><\/div>\n","protected":false},"excerpt":{"rendered":"<p>Lofgj\u00f6r\u00f0 Drottins. 1Lofi\u00f0 Gu\u00f0! M\u00edn s\u00e1l! lofa Drottin! eg vil lofa Drottin svo lengi sem eg lifi;2eg vil syngja m\u00ednum Gu\u00f0i s\u00e1lma, svo lengi sem eg er til.3Rei\u00f0i\u00f0 y\u00f0ur ekki \u00e1 h\u00f6f\u00f0ingja, ekki \u00e1 mannab\u00f6rn, hj\u00e1 \u00feeim er ekki hj\u00e1lp.4Fari andinn \u00far \u00feeim, ver\u00f0a \u00feau aftur a\u00f0 j\u00f6r\u00f0u; \u00e1 sama degi hverfa \u00feeirra drambl\u00e1tu r\u00e1\u00f0agj\u00f6r\u00f0ir.5S\u00e6ll er s\u00e1 hv\u00f6rs hj\u00e1lp Jakobs Gu\u00f0 er, hv\u00f6rs von er til Drottins hans Gu\u00f0s,6sem gj\u00f6r\u00f0i himininn, j\u00f6r\u00f0ina, hafi\u00f0 og allt sem \u00ed \u00feeim er, sem heldur trygg\u00f0 eil\u00edflega,7sem \u00fatvegar r\u00e9tt \u00feeim undir\u00ferykkta, gefur brau\u00f0 \u00feeim hungra\u00f0a. Drottinn leysir \u00fe\u00e1 bundnu,8Drottinn opnar augu hinna blindu, Drottinn <a href=\"https:\/\/biblian.is\/videy\/salmarnir-146-kafli\/\"> [&#8230;]<\/a><\/p>\n","protected":false},"author":1,"featured_media":0,"parent":0,"menu_order":0,"comment_status":"open","ping_status":"open","template":"bibliukaflar.php","meta":{"footnotes":""},"class_list":["post-21473","page","type-page","status-publish","hentry"],"_links":{"self":[{"href":"https:\/\/biblian.is\/videy\/wp-json\/wp\/v2\/pages\/21473","targetHints":{"allow":["GET"]}}],"collection":[{"href":"https:\/\/biblian.is\/videy\/wp-json\/wp\/v2\/pages"}],"about":[{"href":"https:\/\/biblian.is\/videy\/wp-json\/wp\/v2\/types\/page"}],"author":[{"embeddable":true,"href":"https:\/\/biblian.is\/videy\/wp-json\/wp\/v2\/users\/1"}],"replies":[{"embeddable":true,"href":"https:\/\/biblian.is\/videy\/wp-json\/wp\/v2\/comments?post=21473"}],"version-history":[{"count":0,"href":"https:\/\/biblian.is\/videy\/wp-json\/wp\/v2\/pages\/21473\/revisions"}],"wp:attachment":[{"href":"https:\/\/biblian.is\/videy\/wp-json\/wp\/v2\/media?parent=21473"}],"curies":[{"name":"wp","href":"https:\/\/api.w.org\/{rel}","templated":true}]}}