{"id":21472,"date":"2018-01-02T01:02:14","date_gmt":"2018-01-02T01:02:14","guid":{"rendered":"http:\/\/biblian.is\/videy\/salmarnir-145-kafli\/"},"modified":"2018-01-02T01:02:14","modified_gmt":"2018-01-02T01:02:14","slug":"salmarnir-145-kafli","status":"publish","type":"page","link":"https:\/\/biblian.is\/videy\/salmarnir-145-kafli\/","title":{"rendered":"S\u00e1lmarnir 145. kafli"},"content":{"rendered":"<div class=\"fyrirsognVidey\">Lofgj\u00f6r\u00f0 Drottins.<\/div>\n<p><a name=\"1\"><span class=\"versanumer\">1<\/span><\/a>Lofs\u00f6ngur Dav\u00ed\u00f0s. Eg vil vegsama \u00feig, minn Gu\u00f0! \u00fe\u00fa konungur, og eg vil lofa \u00feitt nafn eil\u00edflega;<a name=\"2\"><span class=\"versanumer\">2<\/span><\/a>allan daginn vil eg vegsama \u00feig, og pr\u00edsa \u00feitt nafn \u00e6 og \u00e6vinlega.<a name=\"3\"><span class=\"versanumer\">3<\/span><\/a>Mikill er Drottinn og mj\u00f6g loflegur, hans mikilleiki er \u00f3rannsakanlegur.<a name=\"4\"><span class=\"versanumer\">4<\/span><\/a>Ein kynsl\u00f3\u00f0 mun fyrir annarri hr\u00f3sa \u00fe\u00ednum verkum, og menn munu kunngj\u00f6ra \u00fe\u00edn st\u00f3rvirki.<a name=\"5\"><span class=\"versanumer\">5<\/span><\/a>Eg vil \u00edgrunda d\u00fdr\u00f0 og \u00e1g\u00e6ti \u00feinnar h\u00e1tignar og \u00fe\u00ednar d\u00e1semdir.<a name=\"6\"><span class=\"versanumer\">6<\/span><\/a>Um m\u00e1tt \u00feinna \u00f3ttalegu verka munu menn tala, og fr\u00e1 \u00fe\u00ednum mikilleika vil eg segja.<a name=\"7\"><span class=\"versanumer\">7<\/span><\/a>Endurminning \u00feinnar miklu g\u00e6sku munu \u00feeir \u00fatbrei\u00f0a, og yfir \u00fe\u00ednu r\u00e9ttl\u00e6ti munu \u00feeir fagna.<a name=\"8\"><span class=\"versanumer\">8<\/span><\/a>N\u00e1\u00f0ugur og miskunnsamur er Drottinn, \u00feolinm\u00f3\u00f0ur og mj\u00f6g g\u00e6skur\u00edkur.<a name=\"9\"><span class=\"versanumer\">9<\/span><\/a>Drottinn er g\u00f3\u00f0ur vi\u00f0 alla, og hans miskunnsemi n\u00e6r til allra hans verka.<a name=\"10\"><span class=\"versanumer\">10<\/span><\/a>Drottinn! \u00f6ll \u00fe\u00edn verk vegsama \u00feig, og \u00fe\u00ednir heil\u00f6gu lofa \u00feig;<a name=\"11\"><span class=\"versanumer\">11<\/span><\/a>fr\u00e1 d\u00fdr\u00f0 \u00fe\u00edns r\u00edkis munu \u00feeir segja og um \u00feitt veldi tala;<a name=\"12\"><span class=\"versanumer\">12<\/span><\/a>til a\u00f0 gj\u00f6ra sonum mannanna kunnug \u00fe\u00edn st\u00f3rvirki, og \u00fe\u00e1 d\u00fdr\u00f0legu h\u00e1tign \u00fe\u00edns r\u00edkis.<a name=\"13\"><span class=\"versanumer\">13<\/span><\/a>\u00deitt r\u00edki er eil\u00edft r\u00edki, og \u00feitt veldi varir fr\u00e1 kyni til kyns.<a name=\"14\"><span class=\"versanumer\">14<\/span><\/a>Drottinn sty\u00f0ur alla sem \u00e6tla a\u00f0 detta, og reisir alla \u00fe\u00e1 sem eru ni\u00f0urbeyg\u00f0ir.<a name=\"15\"><span class=\"versanumer\">15<\/span><\/a>Allra augu vona \u00e1 \u00feig og \u00fe\u00fa gefur \u00feeim \u00feeirra f\u00e6\u00f0u \u00e1 s\u00ednum t\u00edma,<a name=\"16\"><span class=\"versanumer\">16<\/span><\/a>\u00fe\u00fa uppl\u00fdkur \u00feinni hendi og mettar allt sem lifir me\u00f0 n\u00e1\u00f0,<a name=\"17\"><span class=\"versanumer\">17<\/span><\/a>r\u00e9ttv\u00eds er Drottinn \u00e1 \u00f6llum s\u00ednum vegum, og miskunnsamur \u00ed \u00f6llum s\u00ednum verkum.<a name=\"18\"><span class=\"versanumer\">18<\/span><\/a>Drottinn er n\u00e1l\u00e6gur \u00f6llum \u00feeim sem hann \u00e1kalla, \u00f6llum sem \u00e1kalla hann einl\u00e6glega.<a name=\"19\"><span class=\"versanumer\">19<\/span><\/a>Hann gj\u00f6rir \u00fea\u00f0 sem \u00feeir gu\u00f0hr\u00e6ddu girnast, \u00feeirra kall heyrir hann og frelsar \u00fe\u00e1.<a name=\"20\"><span class=\"versanumer\">20<\/span><\/a>Drottinn var\u00f0veitir alla \u00fe\u00e1 sem elska hann, en hann ey\u00f0ileggur alla \u00fe\u00e1 \u00f3gu\u00f0legu.<a name=\"21\"><span class=\"versanumer\">21<\/span><\/a>Drottins lofgj\u00f6r\u00f0 skal minn munnur m\u00e6la, og allt hold skal lofa hans heilaga nafn \u00e6 og eil\u00edflega.<\/p>\n<div class=\"footnoteVidey\"><\/div>\n","protected":false},"excerpt":{"rendered":"<p>Lofgj\u00f6r\u00f0 Drottins. 1Lofs\u00f6ngur Dav\u00ed\u00f0s. Eg vil vegsama \u00feig, minn Gu\u00f0! \u00fe\u00fa konungur, og eg vil lofa \u00feitt nafn eil\u00edflega;2allan daginn vil eg vegsama \u00feig, og pr\u00edsa \u00feitt nafn \u00e6 og \u00e6vinlega.3Mikill er Drottinn og mj\u00f6g loflegur, hans mikilleiki er \u00f3rannsakanlegur.4Ein kynsl\u00f3\u00f0 mun fyrir annarri hr\u00f3sa \u00fe\u00ednum verkum, og menn munu kunngj\u00f6ra \u00fe\u00edn st\u00f3rvirki.5Eg vil \u00edgrunda d\u00fdr\u00f0 og \u00e1g\u00e6ti \u00feinnar h\u00e1tignar og \u00fe\u00ednar d\u00e1semdir.6Um m\u00e1tt \u00feinna \u00f3ttalegu verka munu menn tala, og fr\u00e1 \u00fe\u00ednum mikilleika vil eg segja.7Endurminning \u00feinnar miklu g\u00e6sku munu \u00feeir \u00fatbrei\u00f0a, og yfir \u00fe\u00ednu r\u00e9ttl\u00e6ti munu \u00feeir fagna.8N\u00e1\u00f0ugur og miskunnsamur er Drottinn, \u00feolinm\u00f3\u00f0ur og mj\u00f6g g\u00e6skur\u00edkur.9Drottinn er g\u00f3\u00f0ur <a href=\"https:\/\/biblian.is\/videy\/salmarnir-145-kafli\/\"> [&#8230;]<\/a><\/p>\n","protected":false},"author":1,"featured_media":0,"parent":0,"menu_order":0,"comment_status":"open","ping_status":"open","template":"bibliukaflar.php","meta":{"footnotes":""},"class_list":["post-21472","page","type-page","status-publish","hentry"],"_links":{"self":[{"href":"https:\/\/biblian.is\/videy\/wp-json\/wp\/v2\/pages\/21472","targetHints":{"allow":["GET"]}}],"collection":[{"href":"https:\/\/biblian.is\/videy\/wp-json\/wp\/v2\/pages"}],"about":[{"href":"https:\/\/biblian.is\/videy\/wp-json\/wp\/v2\/types\/page"}],"author":[{"embeddable":true,"href":"https:\/\/biblian.is\/videy\/wp-json\/wp\/v2\/users\/1"}],"replies":[{"embeddable":true,"href":"https:\/\/biblian.is\/videy\/wp-json\/wp\/v2\/comments?post=21472"}],"version-history":[{"count":0,"href":"https:\/\/biblian.is\/videy\/wp-json\/wp\/v2\/pages\/21472\/revisions"}],"wp:attachment":[{"href":"https:\/\/biblian.is\/videy\/wp-json\/wp\/v2\/media?parent=21472"}],"curies":[{"name":"wp","href":"https:\/\/api.w.org\/{rel}","templated":true}]}}