{"id":21471,"date":"2018-01-02T01:02:14","date_gmt":"2018-01-02T01:02:14","guid":{"rendered":"http:\/\/biblian.is\/videy\/salmarnir-144-kafli\/"},"modified":"2018-01-02T01:02:14","modified_gmt":"2018-01-02T01:02:14","slug":"salmarnir-144-kafli","status":"publish","type":"page","link":"https:\/\/biblian.is\/videy\/salmarnir-144-kafli\/","title":{"rendered":"S\u00e1lmarnir 144. kafli"},"content":{"rendered":"<div class=\"fyrirsognVidey\">\u00deakkl\u00e6ti og b\u00e6n.<\/div>\n<p><a name=\"1\"><span class=\"versanumer\">1<\/span><\/a>S\u00e1lmur af Dav\u00ed\u00f0. Lofa\u00f0ur s\u00e9 Drottinn, mitt bjarg! hann sem kennir m\u00ednum h\u00f6ndum a\u00f0 str\u00ed\u00f0a, m\u00ednum fingrum a\u00f0 berjast,<a name=\"2\"><span class=\"versanumer\">2<\/span><\/a>hann <span class='VideyAth'>(Gu\u00f0)<\/span> minn velgj\u00f6rari og mitt v\u00edgi, mitt h\u00e6li og minn frelsari, minn skj\u00f6ldur, \u00e1 hv\u00f6rn eg rei\u00f0i mig, hann sem leggur \u00fej\u00f3\u00f0irnar undir mig.<a name=\"3\"><span class=\"versanumer\">3<\/span><\/a>Drottinn! hva\u00f0 er ma\u00f0urinn a\u00f0 \u00fe\u00fa vilt vi\u00f0 hann kannast! mannsins barn a\u00f0 \u00fe\u00fa gefur gaum a\u00f0 \u00fev\u00ed!<a name=\"4\"><span class=\"versanumer\">4<\/span><\/a>Ma\u00f0urinn, sem er l\u00edkur andardr\u00e6tti, hans dagar sem hverfandi skuggi.<a name=\"5\"><span class=\"versanumer\">5<\/span><\/a>Drottinn! beyg \u00feinn himin og st\u00edg ni\u00f0ur, snertu fj\u00f6llin svo \u00far \u00feeim rj\u00faki,<a name=\"6\"><span class=\"versanumer\">6<\/span><\/a>sendu \u00fe\u00edna eldingu og tv\u00edstra \u00feeim, sendu \u00fe\u00ednar \u00f6rvar og skelka \u00fe\u00e1.<a name=\"7\"><span class=\"versanumer\">7<\/span><\/a>\u00datr\u00e9ttu \u00fe\u00ednar hendur fr\u00e1 h\u00e6\u00f0inni, frelsa \u00fe\u00fa mig og bjarga m\u00e9r \u00far \u00feeim miklu v\u00f6tnum, af \u00fatlendra hendi;<a name=\"8\"><span class=\"versanumer\">8<\/span><\/a>hv\u00f6rra munnur talar svik, hv\u00f6rra h\u00e6gri h\u00f6nd er prettv\u00edsinnar h\u00e6gri h\u00f6nd. <br \/><a name=\"9\"><span class=\"versanumer\">9<\/span><\/a>Gu\u00f0! n\u00fdjan s\u00f6ng vil eg syngja \u00fe\u00e9r, \u00e1 h\u00f6rpu me\u00f0 t\u00edu strengjum vil eg spila fyrir \u00fe\u00e9r;<a name=\"10\"><span class=\"versanumer\">10<\/span><\/a>fyrir \u00fe\u00e9r, sem gefur k\u00f3ngunum sigur, sem frelsa\u00f0ir Dav\u00ed\u00f0, \u00feinn \u00fe\u00e9nara, fr\u00e1 \u00f3vina sver\u00f0i.<a name=\"11\"><span class=\"versanumer\">11<\/span><\/a>Frelsa \u00fe\u00fa mig og bjarga m\u00e9r undan hendi \u00fatlendra, hv\u00f6rra munnur talar svik, hv\u00f6rra h\u00e6gri h\u00f6nd er prettv\u00edsinnar h\u00e6gri h\u00f6nd.<a name=\"12\"><span class=\"versanumer\">12<\/span><\/a>A\u00f0 vorir synir megi vera sem h\u00e1vaxnar pl\u00f6ntur \u00ed \u00e6sku sinni og vorar d\u00e6tur sem hornsteinar f\u00e1ga\u00f0ir, eins og \u00ed h\u00f6ll. <br \/><a name=\"13\"><span class=\"versanumer\">13<\/span><\/a>\u00d6ll vor for\u00f0ab\u00far s\u00e9u full, og \u00far \u00feeim <span class='VideyAth'>(komi)<\/span> hv\u00f6r matv\u00e6li eftir \u00f6nnur, vorar \u00e6r, \u00fe\u00fasund- og t\u00edu\u00fe\u00fasundfaldist, \u00ed voru haglendi;<a name=\"14\"><span class=\"versanumer\">14<\/span><\/a>vor nautpeningur ver\u00f0i me\u00f0 t\u00edma, ekki s\u00e9 brotist \u00ed h\u00fas, ekki r\u00e6nt, ekkert arg ver\u00f0i \u00e1 vorum str\u00e6tum.<a name=\"15\"><span class=\"versanumer\">15<\/span><\/a>S\u00e6l er s\u00fa \u00fej\u00f3\u00f0, sem svo vegnar, s\u00e6l er s\u00fa \u00fej\u00f3\u00f0, hv\u00f6rrar Gu\u00f0 Drottinn er.<\/p>\n<div class=\"footnoteVidey\"><\/div>\n","protected":false},"excerpt":{"rendered":"<p>\u00deakkl\u00e6ti og b\u00e6n. 1S\u00e1lmur af Dav\u00ed\u00f0. Lofa\u00f0ur s\u00e9 Drottinn, mitt bjarg! hann sem kennir m\u00ednum h\u00f6ndum a\u00f0 str\u00ed\u00f0a, m\u00ednum fingrum a\u00f0 berjast,2hann (Gu\u00f0) minn velgj\u00f6rari og mitt v\u00edgi, mitt h\u00e6li og minn frelsari, minn skj\u00f6ldur, \u00e1 hv\u00f6rn eg rei\u00f0i mig, hann sem leggur \u00fej\u00f3\u00f0irnar undir mig.3Drottinn! hva\u00f0 er ma\u00f0urinn a\u00f0 \u00fe\u00fa vilt vi\u00f0 hann kannast! mannsins barn a\u00f0 \u00fe\u00fa gefur gaum a\u00f0 \u00fev\u00ed!4Ma\u00f0urinn, sem er l\u00edkur andardr\u00e6tti, hans dagar sem hverfandi skuggi.5Drottinn! beyg \u00feinn himin og st\u00edg ni\u00f0ur, snertu fj\u00f6llin svo \u00far \u00feeim rj\u00faki,6sendu \u00fe\u00edna eldingu og tv\u00edstra \u00feeim, sendu \u00fe\u00ednar \u00f6rvar og skelka \u00fe\u00e1.7\u00datr\u00e9ttu \u00fe\u00ednar hendur fr\u00e1 h\u00e6\u00f0inni, frelsa <a href=\"https:\/\/biblian.is\/videy\/salmarnir-144-kafli\/\"> [&#8230;]<\/a><\/p>\n","protected":false},"author":1,"featured_media":0,"parent":0,"menu_order":0,"comment_status":"open","ping_status":"open","template":"bibliukaflar.php","meta":{"footnotes":""},"class_list":["post-21471","page","type-page","status-publish","hentry"],"_links":{"self":[{"href":"https:\/\/biblian.is\/videy\/wp-json\/wp\/v2\/pages\/21471","targetHints":{"allow":["GET"]}}],"collection":[{"href":"https:\/\/biblian.is\/videy\/wp-json\/wp\/v2\/pages"}],"about":[{"href":"https:\/\/biblian.is\/videy\/wp-json\/wp\/v2\/types\/page"}],"author":[{"embeddable":true,"href":"https:\/\/biblian.is\/videy\/wp-json\/wp\/v2\/users\/1"}],"replies":[{"embeddable":true,"href":"https:\/\/biblian.is\/videy\/wp-json\/wp\/v2\/comments?post=21471"}],"version-history":[{"count":0,"href":"https:\/\/biblian.is\/videy\/wp-json\/wp\/v2\/pages\/21471\/revisions"}],"wp:attachment":[{"href":"https:\/\/biblian.is\/videy\/wp-json\/wp\/v2\/media?parent=21471"}],"curies":[{"name":"wp","href":"https:\/\/api.w.org\/{rel}","templated":true}]}}