{"id":21470,"date":"2018-01-02T01:02:14","date_gmt":"2018-01-02T01:02:14","guid":{"rendered":"http:\/\/biblian.is\/videy\/salmarnir-143-kafli\/"},"modified":"2018-01-02T01:02:14","modified_gmt":"2018-01-02T01:02:14","slug":"salmarnir-143-kafli","status":"publish","type":"page","link":"https:\/\/biblian.is\/videy\/salmarnir-143-kafli\/","title":{"rendered":"S\u00e1lmarnir 143. kafli"},"content":{"rendered":"<div class=\"fyrirsognVidey\">Sama efni.<\/div>\n<p><a name=\"1\"><span class=\"versanumer\">1<\/span><\/a>Lj\u00f3\u00f0 af Dav\u00ed\u00f0. Drottinn, heyr m\u00edna b\u00e6n! sn\u00fa \u00fe\u00ednu eyra til minnar gr\u00e1tbei\u00f0ni, b\u00e6nheyr mig eftir \u00feinni tr\u00fafesti, eftir \u00fe\u00ednu r\u00e9ttl\u00e6ti,<a name=\"2\"><span class=\"versanumer\">2<\/span><\/a>og gakk ekki \u00ed r\u00e9tt vi\u00f0 \u00feinn \u00fe\u00e9nara! \u00fev\u00ed r\u00e9ttl\u00e1tur fyrir \u00fe\u00e9r er enginn lifandi <span class='VideyAth'>(ma\u00f0ur)<\/span>.<a name=\"3\"><span class=\"versanumer\">3<\/span><\/a>\u00dev\u00ed \u00f3vinurinn ofs\u00e6kir m\u00edna s\u00e1l, hann sundurmer mitt l\u00edf vi\u00f0 j\u00f6r\u00f0ina, hann l\u00e6tur mig b\u00faa \u00ed \u00feeim dimmu b\u00fast\u00f6\u00f0um, l\u00edkt \u00feeim dau\u00f0u \u00ed forn\u00f6ld.<a name=\"4\"><span class=\"versanumer\">4<\/span><\/a>\u00dev\u00ed vanmegnast minn andi \u00ed m\u00e9r, og innst \u00ed m\u00e9r skelfist mitt hjarta.<a name=\"5\"><span class=\"versanumer\">5<\/span><\/a>Eg minnist hinna fyrri daganna, eg \u00edgrunda \u00f6ll \u00fe\u00edn verk, verkin \u00feinna handa yfirvega eg.<a name=\"6\"><span class=\"versanumer\">6<\/span><\/a>Eg \u00fatbrei\u00f0i m\u00ednar hendur til \u00fe\u00edn, m\u00edna s\u00e1l <span class='VideyAth'>(\u00feyrstir)<\/span> eins og \u00feurrt land eftir \u00fe\u00e9r <span class='VideyAth'>(m\u00e1lhv\u00edld)<\/span>.<a name=\"7\"><span class=\"versanumer\">7<\/span><\/a>Fl\u00fdttu \u00fe\u00e9r a\u00f0 b\u00e6nheyra mig, Drottinn! af l\u00f6ngun \u00f6rmagnast minn andi; fel ei fyrir m\u00e9r \u00feitt auglit, annars ver\u00f0 eg l\u00edkur \u00feeim sem farnir eru ni\u00f0ur \u00ed gr\u00f6fina.<a name=\"8\"><span class=\"versanumer\">8<\/span><\/a>L\u00e1ttu mig flj\u00f3tt reyna \u00fe\u00edna miskunn, \u00fev\u00ed eg treysti \u00e1 \u00feig, kunnan gj\u00f6r m\u00e9r \u00feann veg sem eg gangi, \u00fev\u00ed til \u00fe\u00edn upplyfti eg minni s\u00e1lu.<a name=\"9\"><span class=\"versanumer\">9<\/span><\/a>Frelsa mig, Drottinn! fr\u00e1 m\u00ednum \u00f3vinum; hj\u00e1 \u00fe\u00e9r hefi eg fali\u00f0 mig.<a name=\"10\"><span class=\"versanumer\">10<\/span><\/a>Kenn m\u00e9r \u00feinn vilja! \u00fev\u00ed \u00fe\u00fa ert minn Gu\u00f0; \u00feinn g\u00f3\u00f0i andi lei\u00f0i mig um grei\u00f0an veg.<a name=\"11\"><span class=\"versanumer\">11<\/span><\/a>Sakir \u00fe\u00edns nafns, Drottinn! haltu m\u00e9r vi\u00f0 l\u00edfi\u00f0, \u00fe\u00edns r\u00e9ttl\u00e6tis vegna, lei\u00f0 m\u00edna s\u00e1l \u00far nau\u00f0um.<a name=\"12\"><span class=\"versanumer\">12<\/span><\/a>Og sakir \u00feinnar miskunnar afm\u00e1 m\u00edna \u00f3vini, og ey\u00f0ilegg alla \u00fe\u00e1 sem \u00ferengja a\u00f0 minni s\u00e1l, \u00fev\u00ed eg er \u00feinn \u00fe\u00e9nari.<\/p>\n<div class=\"footnoteVidey\"><\/div>\n","protected":false},"excerpt":{"rendered":"<p>Sama efni. 1Lj\u00f3\u00f0 af Dav\u00ed\u00f0. Drottinn, heyr m\u00edna b\u00e6n! sn\u00fa \u00fe\u00ednu eyra til minnar gr\u00e1tbei\u00f0ni, b\u00e6nheyr mig eftir \u00feinni tr\u00fafesti, eftir \u00fe\u00ednu r\u00e9ttl\u00e6ti,2og gakk ekki \u00ed r\u00e9tt vi\u00f0 \u00feinn \u00fe\u00e9nara! \u00fev\u00ed r\u00e9ttl\u00e1tur fyrir \u00fe\u00e9r er enginn lifandi (ma\u00f0ur).3\u00dev\u00ed \u00f3vinurinn ofs\u00e6kir m\u00edna s\u00e1l, hann sundurmer mitt l\u00edf vi\u00f0 j\u00f6r\u00f0ina, hann l\u00e6tur mig b\u00faa \u00ed \u00feeim dimmu b\u00fast\u00f6\u00f0um, l\u00edkt \u00feeim dau\u00f0u \u00ed forn\u00f6ld.4\u00dev\u00ed vanmegnast minn andi \u00ed m\u00e9r, og innst \u00ed m\u00e9r skelfist mitt hjarta.5Eg minnist hinna fyrri daganna, eg \u00edgrunda \u00f6ll \u00fe\u00edn verk, verkin \u00feinna handa yfirvega eg.6Eg \u00fatbrei\u00f0i m\u00ednar hendur til \u00fe\u00edn, m\u00edna s\u00e1l (\u00feyrstir) eins og \u00feurrt land eftir <a href=\"https:\/\/biblian.is\/videy\/salmarnir-143-kafli\/\"> [&#8230;]<\/a><\/p>\n","protected":false},"author":1,"featured_media":0,"parent":0,"menu_order":0,"comment_status":"open","ping_status":"open","template":"bibliukaflar.php","meta":{"footnotes":""},"class_list":["post-21470","page","type-page","status-publish","hentry"],"_links":{"self":[{"href":"https:\/\/biblian.is\/videy\/wp-json\/wp\/v2\/pages\/21470","targetHints":{"allow":["GET"]}}],"collection":[{"href":"https:\/\/biblian.is\/videy\/wp-json\/wp\/v2\/pages"}],"about":[{"href":"https:\/\/biblian.is\/videy\/wp-json\/wp\/v2\/types\/page"}],"author":[{"embeddable":true,"href":"https:\/\/biblian.is\/videy\/wp-json\/wp\/v2\/users\/1"}],"replies":[{"embeddable":true,"href":"https:\/\/biblian.is\/videy\/wp-json\/wp\/v2\/comments?post=21470"}],"version-history":[{"count":0,"href":"https:\/\/biblian.is\/videy\/wp-json\/wp\/v2\/pages\/21470\/revisions"}],"wp:attachment":[{"href":"https:\/\/biblian.is\/videy\/wp-json\/wp\/v2\/media?parent=21470"}],"curies":[{"name":"wp","href":"https:\/\/api.w.org\/{rel}","templated":true}]}}