{"id":21469,"date":"2018-01-02T01:02:07","date_gmt":"2018-01-02T01:02:07","guid":{"rendered":"http:\/\/biblian.is\/videy\/salmarnir-142-kafli\/"},"modified":"2018-01-02T01:02:07","modified_gmt":"2018-01-02T01:02:07","slug":"salmarnir-142-kafli","status":"publish","type":"page","link":"https:\/\/biblian.is\/videy\/salmarnir-142-kafli\/","title":{"rendered":"S\u00e1lmarnir 142. kafli"},"content":{"rendered":"<div class=\"fyrirsognVidey\">B\u00e6n m\u00f3ti \u00f3vinum. (1 Sam. 24,4).<\/div>\n<p><a name=\"1\"><span class=\"versanumer\">1<\/span><\/a>Lj\u00f3\u00f0 af Dav\u00ed\u00f0; b\u00e6n \u00fe\u00e1 hann var \u00ed hellirnum.<a name=\"2\"><span class=\"versanumer\">2<\/span><\/a>Me\u00f0 h\u00e1rri raust kalla eg til Drottins, me\u00f0 h\u00e1rri raust bi\u00f0 eg Drottin um n\u00e1\u00f0.<a name=\"3\"><span class=\"versanumer\">3<\/span><\/a>Eg \u00fateys m\u00ednu kveini fyrir hans augliti, m\u00edna ney\u00f0 tj\u00e1i eg frammi fyrir hans augs\u00fdn.<a name=\"4\"><span class=\"versanumer\">4<\/span><\/a>\u00deegar minn andi vanmegnast \u00ed m\u00e9r, \u00fe\u00e1 \u00feekkir \u00fe\u00fa m\u00edna g\u00f6tu, \u00e1 veginn sem eg \u00e1 a\u00f0 fara um, leggja \u00feeir fyrir mig sn\u00f6rur.<a name=\"5\"><span class=\"versanumer\">5<\/span><\/a>Eg l\u00edt til h\u00e6gri handar og s\u00e9 \u00fear engan sem vi\u00f0 mig kannast; m\u00e9r er allt h\u00e6li horfi\u00f0, enginn gefur um mig.<a name=\"6\"><span class=\"versanumer\">6<\/span><\/a>\u00de\u00e1 kalla eg til \u00fe\u00edn, Drottinn! eg segi: \u00fe\u00fa ert mitt h\u00e6li, m\u00edn hlutdeild \u00e1 landi hinna lifandi.<a name=\"7\"><span class=\"versanumer\">7<\/span><\/a>Gef gaum a\u00f0 m\u00ednu kalli, \u00fev\u00ed eg er mj\u00f6g aumur, frelsa\u00f0u mig fr\u00e1 \u00feeim sem ofs\u00e6kja mig, \u00fev\u00ed \u00feeir bera mig ofurli\u00f0a.<a name=\"8\"><span class=\"versanumer\">8<\/span><\/a>Lei\u00f0 s\u00e1l m\u00edna \u00far fangelsinu, a\u00f0 eg megi pr\u00edsa \u00feitt nafn! \u00feeir r\u00e1\u00f0v\u00f6ndu safna s\u00e9r \u00ed kringum mig, ef a\u00f0 \u00fe\u00fa gj\u00f6rir vel vi\u00f0 mig.<\/p>\n<div class=\"footnoteVidey\"><\/div>\n","protected":false},"excerpt":{"rendered":"<p>B\u00e6n m\u00f3ti \u00f3vinum. (1 Sam. 24,4). 1Lj\u00f3\u00f0 af Dav\u00ed\u00f0; b\u00e6n \u00fe\u00e1 hann var \u00ed hellirnum.2Me\u00f0 h\u00e1rri raust kalla eg til Drottins, me\u00f0 h\u00e1rri raust bi\u00f0 eg Drottin um n\u00e1\u00f0.3Eg \u00fateys m\u00ednu kveini fyrir hans augliti, m\u00edna ney\u00f0 tj\u00e1i eg frammi fyrir hans augs\u00fdn.4\u00deegar minn andi vanmegnast \u00ed m\u00e9r, \u00fe\u00e1 \u00feekkir \u00fe\u00fa m\u00edna g\u00f6tu, \u00e1 veginn sem eg \u00e1 a\u00f0 fara um, leggja \u00feeir fyrir mig sn\u00f6rur.5Eg l\u00edt til h\u00e6gri handar og s\u00e9 \u00fear engan sem vi\u00f0 mig kannast; m\u00e9r er allt h\u00e6li horfi\u00f0, enginn gefur um mig.6\u00de\u00e1 kalla eg til \u00fe\u00edn, Drottinn! eg segi: \u00fe\u00fa ert mitt h\u00e6li, m\u00edn hlutdeild <a href=\"https:\/\/biblian.is\/videy\/salmarnir-142-kafli\/\"> [&#8230;]<\/a><\/p>\n","protected":false},"author":1,"featured_media":0,"parent":0,"menu_order":0,"comment_status":"open","ping_status":"open","template":"bibliukaflar.php","meta":{"footnotes":""},"class_list":["post-21469","page","type-page","status-publish","hentry"],"_links":{"self":[{"href":"https:\/\/biblian.is\/videy\/wp-json\/wp\/v2\/pages\/21469","targetHints":{"allow":["GET"]}}],"collection":[{"href":"https:\/\/biblian.is\/videy\/wp-json\/wp\/v2\/pages"}],"about":[{"href":"https:\/\/biblian.is\/videy\/wp-json\/wp\/v2\/types\/page"}],"author":[{"embeddable":true,"href":"https:\/\/biblian.is\/videy\/wp-json\/wp\/v2\/users\/1"}],"replies":[{"embeddable":true,"href":"https:\/\/biblian.is\/videy\/wp-json\/wp\/v2\/comments?post=21469"}],"version-history":[{"count":0,"href":"https:\/\/biblian.is\/videy\/wp-json\/wp\/v2\/pages\/21469\/revisions"}],"wp:attachment":[{"href":"https:\/\/biblian.is\/videy\/wp-json\/wp\/v2\/media?parent=21469"}],"curies":[{"name":"wp","href":"https:\/\/api.w.org\/{rel}","templated":true}]}}