{"id":21468,"date":"2018-01-02T01:02:07","date_gmt":"2018-01-02T01:02:07","guid":{"rendered":"http:\/\/biblian.is\/videy\/salmarnir-141-kafli\/"},"modified":"2018-01-02T01:02:07","modified_gmt":"2018-01-02T01:02:07","slug":"salmarnir-141-kafli","status":"publish","type":"page","link":"https:\/\/biblian.is\/videy\/salmarnir-141-kafli\/","title":{"rendered":"S\u00e1lmarnir 141. kafli"},"content":{"rendered":"<div class=\"fyrirsognVidey\">B\u00e6n m\u00f3ti \u00f3vinum.<\/div>\n<p><a name=\"1\"><span class=\"versanumer\">1<\/span><\/a>Hlj\u00f3\u00f0f\u00e6rameistaranum, s\u00e1lmur af Dav\u00ed\u00f0. Drottinn! eg hr\u00f3pa til \u00fe\u00edn! fl\u00fdttu \u00fe\u00e9r til m\u00edn! leg\u00f0u eyrun vi\u00f0 minni raust \u00feegar eg kalla til \u00fe\u00edn!<a name=\"2\"><span class=\"versanumer\">2<\/span><\/a>M\u00edn b\u00e6n komi sem reykur fyrir \u00feig, minna handa upplyfting sem kv\u00f6ldf\u00f3rn.<a name=\"3\"><span class=\"versanumer\">3<\/span><\/a>Settu v\u00f6r\u00f0 fyrir minn munn, og vakta\u00f0u dyr minna vara.<a name=\"4\"><span class=\"versanumer\">4<\/span><\/a>L\u00e1t ekki mitt hjarta beygjast til nokkur ills, til a\u00f0 a\u00f0hafast \u00f3gu\u00f0leg verk me\u00f0 m\u00f6nnum sem gj\u00f6ra rangt, a\u00f0 eg ekki eti af \u00feeirra kr\u00e1sum.<a name=\"5\"><span class=\"versanumer\">5<\/span><\/a>S\u00e1 r\u00e1\u00f0vandi sl\u00e1i mig, \u00fea\u00f0 er elska, hann straffi mig, \u00fea\u00f0 er m\u00e9r vi\u00f0smj\u00f6r \u00e1 h\u00f6f\u00f0i; mitt h\u00f6fu\u00f0 skal ei undanf\u00e6rast, \u00fe\u00f3 hann sl\u00e1i aftur. En eg bi\u00f0 \u00e1 m\u00f3ti hinna vonsku.<a name=\"6\"><span class=\"versanumer\">6<\/span><\/a>Ni\u00f0ursteypt er \u00feeirra fyrirli\u00f0um af kletti; en \u00feeir hafa heyrt m\u00edn or\u00f0, a\u00f0 \u00feau voru elskuleg, <span class='VideyAth'>(1 Sam. 24,10\u201316)<\/span>.<a name=\"7\"><span class=\"versanumer\">7<\/span><\/a>Eins og \u00fe\u00e1 ma\u00f0ur sagar og kl\u00fdfur <span class='VideyAth'>(vi\u00f0)<\/span> \u00e1 j\u00f6r\u00f0unni, svolei\u00f0is er vorum beinum \u00fattv\u00edstra\u00f0 \u00ed grafarinnar gin.<br \/><a name=\"8\"><span class=\"versanumer\">8<\/span><\/a>Til \u00fe\u00edn Jeh\u00f3va, minn Drottinn! m\u00e6na m\u00edn augu, \u00e1 \u00feig rei\u00f0i eg mig, framsel \u00fe\u00fa ekki mitt l\u00edf!<a name=\"9\"><span class=\"versanumer\">9<\/span><\/a>Var\u00f0veittu mig fyrir sn\u00f6runni sem \u00feeir hafa fyrir mig lagt, og fr\u00e1 \u00feeirra sn\u00f6rum, sem a\u00f0hafast rangindi.<a name=\"10\"><span class=\"versanumer\">10<\/span><\/a>L\u00e1t \u00fe\u00e1 \u00f3gu\u00f0legu falla \u00ed sitt eigi\u00f0 net alla saman, en mig komast hj\u00e1 \u00fev\u00ed!<\/p>\n<div class=\"footnoteVidey\"><\/div>\n","protected":false},"excerpt":{"rendered":"<p>B\u00e6n m\u00f3ti \u00f3vinum. 1Hlj\u00f3\u00f0f\u00e6rameistaranum, s\u00e1lmur af Dav\u00ed\u00f0. Drottinn! eg hr\u00f3pa til \u00fe\u00edn! fl\u00fdttu \u00fe\u00e9r til m\u00edn! leg\u00f0u eyrun vi\u00f0 minni raust \u00feegar eg kalla til \u00fe\u00edn!2M\u00edn b\u00e6n komi sem reykur fyrir \u00feig, minna handa upplyfting sem kv\u00f6ldf\u00f3rn.3Settu v\u00f6r\u00f0 fyrir minn munn, og vakta\u00f0u dyr minna vara.4L\u00e1t ekki mitt hjarta beygjast til nokkur ills, til a\u00f0 a\u00f0hafast \u00f3gu\u00f0leg verk me\u00f0 m\u00f6nnum sem gj\u00f6ra rangt, a\u00f0 eg ekki eti af \u00feeirra kr\u00e1sum.5S\u00e1 r\u00e1\u00f0vandi sl\u00e1i mig, \u00fea\u00f0 er elska, hann straffi mig, \u00fea\u00f0 er m\u00e9r vi\u00f0smj\u00f6r \u00e1 h\u00f6f\u00f0i; mitt h\u00f6fu\u00f0 skal ei undanf\u00e6rast, \u00fe\u00f3 hann sl\u00e1i aftur. En eg bi\u00f0 \u00e1 m\u00f3ti hinna <a href=\"https:\/\/biblian.is\/videy\/salmarnir-141-kafli\/\"> [&#8230;]<\/a><\/p>\n","protected":false},"author":1,"featured_media":0,"parent":0,"menu_order":0,"comment_status":"open","ping_status":"open","template":"bibliukaflar.php","meta":{"footnotes":""},"class_list":["post-21468","page","type-page","status-publish","hentry"],"_links":{"self":[{"href":"https:\/\/biblian.is\/videy\/wp-json\/wp\/v2\/pages\/21468","targetHints":{"allow":["GET"]}}],"collection":[{"href":"https:\/\/biblian.is\/videy\/wp-json\/wp\/v2\/pages"}],"about":[{"href":"https:\/\/biblian.is\/videy\/wp-json\/wp\/v2\/types\/page"}],"author":[{"embeddable":true,"href":"https:\/\/biblian.is\/videy\/wp-json\/wp\/v2\/users\/1"}],"replies":[{"embeddable":true,"href":"https:\/\/biblian.is\/videy\/wp-json\/wp\/v2\/comments?post=21468"}],"version-history":[{"count":0,"href":"https:\/\/biblian.is\/videy\/wp-json\/wp\/v2\/pages\/21468\/revisions"}],"wp:attachment":[{"href":"https:\/\/biblian.is\/videy\/wp-json\/wp\/v2\/media?parent=21468"}],"curies":[{"name":"wp","href":"https:\/\/api.w.org\/{rel}","templated":true}]}}