{"id":21466,"date":"2018-01-02T01:02:07","date_gmt":"2018-01-02T01:02:07","guid":{"rendered":"http:\/\/biblian.is\/videy\/salmarnir-139-kafli\/"},"modified":"2018-01-02T01:02:07","modified_gmt":"2018-01-02T01:02:07","slug":"salmarnir-139-kafli","status":"publish","type":"page","link":"https:\/\/biblian.is\/videy\/salmarnir-139-kafli\/","title":{"rendered":"S\u00e1lmarnir 139. kafli"},"content":{"rendered":"<div class=\"fyrirsognVidey\">Gu\u00f0 rannsakar hj\u00f6rtun.<\/div>\n<p><a name=\"1\"><span class=\"versanumer\">1<\/span><\/a>Til hlj\u00f3\u00f0f\u00e6rameistarans. S\u00e1lmur af Dav\u00ed\u00f0. Drottinn \u00fe\u00fa rannsakar og \u00feekkir mig.<a name=\"2\"><span class=\"versanumer\">2<\/span><\/a>Hv\u00f6rt sem eg sit e\u00f0a stend upp, \u00fe\u00e1 veist\u00fa \u00fea\u00f0. \u00de\u00fa skynjar m\u00ednar hugrenningar \u00e1lengdar.<a name=\"3\"><span class=\"versanumer\">3<\/span><\/a>Minn gang og mitt legur\u00fam sko\u00f0ar \u00fe\u00fa, og alla m\u00edna vegi \u00feekkir \u00fe\u00fa n\u00e1kv\u00e6mlega.<a name=\"4\"><span class=\"versanumer\">4<\/span><\/a>\u00dev\u00ed \u00fear er ekki eitt or\u00f0 \u00e1 minni tungu, a\u00f0 \u00fe\u00fa, Drottinn! ekki vitir \u00fea\u00f0 allt saman.<a name=\"5\"><span class=\"versanumer\">5<\/span><\/a>\u00de\u00fa ert fyrir framan mig, og a\u00f0 baki m\u00e9r, og heldur yfir m\u00e9r \u00feinni hendi.<a name=\"6\"><span class=\"versanumer\">6<\/span><\/a>A\u00f0 skilja \u00feetta er m\u00e9r ofvaxi\u00f0, \u00fea\u00f0 er m\u00e9r of h\u00e1tt, eg get ei n\u00e1\u00f0 \u00fev\u00ed.<a name=\"7\"><span class=\"versanumer\">7<\/span><\/a>Hv\u00f6rt get eg fari\u00f0 fr\u00e1 \u00fe\u00ednum anda? Hv\u00f6rt fl\u00fai\u00f0 fr\u00e1 \u00fe\u00ednu augliti?<a name=\"8\"><span class=\"versanumer\">8<\/span><\/a>Fari eg upp \u00ed himininn \u00fe\u00e1 ertu \u00fear; gj\u00f6ri eg undirheima a\u00f0 m\u00ednu legur\u00fami, \u00fe\u00e1 ertu \u00fear.<a name=\"9\"><span class=\"versanumer\">9<\/span><\/a>T\u00e6ki eg v\u00e6ngi morgunro\u00f0ans, og byggi vi\u00f0 hi\u00f0 ysta haf,<a name=\"10\"><span class=\"versanumer\">10<\/span><\/a>einnig \u00fear mundi \u00fe\u00edn h\u00f6nd lei\u00f0a mig, og \u00fe\u00edn h\u00e6gri h\u00f6nd halda m\u00e9r f\u00f6stum.<a name=\"11\"><span class=\"versanumer\">11<\/span><\/a>\u00de\u00f3 eg seg\u00f0i: myrkri\u00f0 yfirfalli mig, og n\u00f3ttin s\u00e9 lj\u00f3s \u00ed kringum mig;<a name=\"12\"><span class=\"versanumer\">12<\/span><\/a>sj\u00e1lf dimman er ekki dimm hj\u00e1 \u00fe\u00e9r, og n\u00f3ttin l\u00fdsir sem dagurinn, myrkri\u00f0 sem lj\u00f3s.<a name=\"13\"><span class=\"versanumer\">13<\/span><\/a>\u00dev\u00ed \u00fe\u00fa hefir mynda\u00f0 m\u00edn n\u00fdru, \u00fe\u00fa hefir ofi\u00f0 mig \u00ed m\u00f3\u00f0url\u00edfi.<a name=\"14\"><span class=\"versanumer\">14<\/span><\/a>Eg vil vegsama \u00feig fyrir \u00fea\u00f0 eg svo d\u00e1samlega er or\u00f0inn til; merkileg eru \u00fe\u00edn verk, \u00fea\u00f0 kannast m\u00edn s\u00e1l vi\u00f0 n\u00e6sta vel.<a name=\"15\"><span class=\"versanumer\">15<\/span><\/a>M\u00edn bein voru \u00fe\u00e9r ei \u00f3kunnug, \u00fe\u00e1 eg var \u00ed leyni gj\u00f6r\u00f0ur, \u00feegar eg var mynda\u00f0ur ni\u00f0ri \u00e1 j\u00f6r\u00f0unni.<a name=\"16\"><span class=\"versanumer\">16<\/span><\/a>\u00de\u00edn augu s\u00e1u mig, \u00feegar eg enn n\u00fa var \u00f3mynda\u00f0ur, og allt var skrifa\u00f0 \u00ed \u00fe\u00edna b\u00f3k, dagarnir \u00e1\u00f0ur en einn af \u00feeim var til.<a name=\"17\"><span class=\"versanumer\">17<\/span><\/a>En, \u00f3 Gu\u00f0! hv\u00f6rsu \u00f3skiljanlegar eru m\u00e9r \u00fe\u00ednar hugsanir, hv\u00f6rsu mikil er \u00feeirra tala!<a name=\"18\"><span class=\"versanumer\">18<\/span><\/a>Vilji eg telja \u00fe\u00e6r, svo eru \u00fe\u00e6r fleiri enn sandkornin. Vakni eg, er eg enn n\u00fa hj\u00e1 \u00fe\u00e9r.<a name=\"19\"><span class=\"versanumer\">19<\/span><\/a>\u00d3 a\u00f0 \u00fe\u00fa, Gu\u00f0! vildir s\u00e1lga \u00feeim \u00f3gu\u00f0lega! \u00dei\u00f0 bl\u00f3\u00f0g\u00edrugu menn! v\u00edki\u00f0 fr\u00e1 m\u00e9r.<a name=\"20\"><span class=\"versanumer\">20<\/span><\/a>\u00de\u00e1 sem tala syndsamlega m\u00f3ti \u00fe\u00e9r; sem br\u00faka h\u00e9g\u00f3mlega \u00feitt nafn,<a name=\"21\"><span class=\"versanumer\">21<\/span><\/a>\u00fe\u00edna \u00f3vini, Drottinn! skyldi eg ei hata \u00fe\u00e1, sem hata \u00feig? og hafa vi\u00f0bj\u00f3\u00f0 \u00e1 \u00feeim, sem r\u00edsa m\u00f3ti \u00fe\u00e9r?<a name=\"22\"><span class=\"versanumer\">22<\/span><\/a>Me\u00f0 fullkomnu hatri hata eg \u00fe\u00e1, \u00feeir eru m\u00ednir \u00f3vinir.<a name=\"23\"><span class=\"versanumer\">23<\/span><\/a>Rannsaka mig, Gu\u00f0! og \u00feekktu mitt hjarta, pr\u00f3fa mig, og \u00feekktu m\u00ednar hugsanir.<a name=\"24\"><span class=\"versanumer\">24<\/span><\/a>Sj\u00e1 \u00fe\u00fa hv\u00f6rt eg er \u00e1 \u00f3lukkuvegi, og lei\u00f0 mig \u00e1 eil\u00edf\u00f0arinnar veg!<\/p>\n<div class=\"footnoteVidey\"><\/div>\n","protected":false},"excerpt":{"rendered":"<p>Gu\u00f0 rannsakar hj\u00f6rtun. 1Til hlj\u00f3\u00f0f\u00e6rameistarans. S\u00e1lmur af Dav\u00ed\u00f0. Drottinn \u00fe\u00fa rannsakar og \u00feekkir mig.2Hv\u00f6rt sem eg sit e\u00f0a stend upp, \u00fe\u00e1 veist\u00fa \u00fea\u00f0. \u00de\u00fa skynjar m\u00ednar hugrenningar \u00e1lengdar.3Minn gang og mitt legur\u00fam sko\u00f0ar \u00fe\u00fa, og alla m\u00edna vegi \u00feekkir \u00fe\u00fa n\u00e1kv\u00e6mlega.4\u00dev\u00ed \u00fear er ekki eitt or\u00f0 \u00e1 minni tungu, a\u00f0 \u00fe\u00fa, Drottinn! ekki vitir \u00fea\u00f0 allt saman.5\u00de\u00fa ert fyrir framan mig, og a\u00f0 baki m\u00e9r, og heldur yfir m\u00e9r \u00feinni hendi.6A\u00f0 skilja \u00feetta er m\u00e9r ofvaxi\u00f0, \u00fea\u00f0 er m\u00e9r of h\u00e1tt, eg get ei n\u00e1\u00f0 \u00fev\u00ed.7Hv\u00f6rt get eg fari\u00f0 fr\u00e1 \u00fe\u00ednum anda? Hv\u00f6rt fl\u00fai\u00f0 fr\u00e1 \u00fe\u00ednu augliti?8Fari eg upp \u00ed <a href=\"https:\/\/biblian.is\/videy\/salmarnir-139-kafli\/\"> [&#8230;]<\/a><\/p>\n","protected":false},"author":1,"featured_media":0,"parent":0,"menu_order":0,"comment_status":"open","ping_status":"open","template":"bibliukaflar.php","meta":{"footnotes":""},"class_list":["post-21466","page","type-page","status-publish","hentry"],"_links":{"self":[{"href":"https:\/\/biblian.is\/videy\/wp-json\/wp\/v2\/pages\/21466","targetHints":{"allow":["GET"]}}],"collection":[{"href":"https:\/\/biblian.is\/videy\/wp-json\/wp\/v2\/pages"}],"about":[{"href":"https:\/\/biblian.is\/videy\/wp-json\/wp\/v2\/types\/page"}],"author":[{"embeddable":true,"href":"https:\/\/biblian.is\/videy\/wp-json\/wp\/v2\/users\/1"}],"replies":[{"embeddable":true,"href":"https:\/\/biblian.is\/videy\/wp-json\/wp\/v2\/comments?post=21466"}],"version-history":[{"count":0,"href":"https:\/\/biblian.is\/videy\/wp-json\/wp\/v2\/pages\/21466\/revisions"}],"wp:attachment":[{"href":"https:\/\/biblian.is\/videy\/wp-json\/wp\/v2\/media?parent=21466"}],"curies":[{"name":"wp","href":"https:\/\/api.w.org\/{rel}","templated":true}]}}