{"id":21465,"date":"2018-01-02T01:02:07","date_gmt":"2018-01-02T01:02:07","guid":{"rendered":"http:\/\/biblian.is\/videy\/salmarnir-138-kafli\/"},"modified":"2018-01-02T01:02:07","modified_gmt":"2018-01-02T01:02:07","slug":"salmarnir-138-kafli","status":"publish","type":"page","link":"https:\/\/biblian.is\/videy\/salmarnir-138-kafli\/","title":{"rendered":"S\u00e1lmarnir 138. kafli"},"content":{"rendered":"<div class=\"fyrirsognVidey\">\u00deakkl\u00e6ti fyrir li\u00f0sinni.<\/div>\n<p><a name=\"1\"><span class=\"versanumer\">1<\/span><\/a>S\u00e1lmur af Dav\u00ed\u00f0. Eg vil \u00feakka \u00fe\u00e9r af \u00f6llu m\u00ednu hjarta, \u00ed Gu\u00f0s augs\u00fdn vil eg vegsama \u00feig.<a name=\"2\"><span class=\"versanumer\">2<\/span><\/a>Eg vil kn\u00e9krj\u00fapa fyrir \u00fe\u00ednu heilaga musteri, og pr\u00edsa \u00feitt nafn, fyrir \u00fe\u00edna miskunn og tr\u00fafesti, \u00fev\u00ed fram yfir allt hefir \u00fe\u00fa gj\u00f6rt \u00feitt nafn og \u00feitt or\u00f0 vegsamlegt.<a name=\"3\"><span class=\"versanumer\">3<\/span><\/a>\u00deegar eg \u00e1kalla\u00f0i \u00feig, b\u00e6nheyr\u00f0ir \u00fe\u00fa mig; \u00fe\u00fa gafst m\u00e9r hug, og styrk minni s\u00e1lu.<a name=\"4\"><span class=\"versanumer\">4<\/span><\/a>\u00deig, \u00f3 Drottin! skulu allir jar\u00f0arinnar k\u00f3ngar pr\u00edsa, \u00feegar \u00feeir heyra or\u00f0in \u00fe\u00edns munns.<a name=\"5\"><span class=\"versanumer\">5<\/span><\/a>Og \u00feeir skulu syngja um herrans veg, \u00fev\u00ed mikil er Drottins d\u00fdr\u00f0.<a name=\"6\"><span class=\"versanumer\">6<\/span><\/a>J\u00e1, upphafinn er Drottinn, en hann l\u00edtur ni\u00f0ur til h\u00edns l\u00edtilm\u00f3tlega, og \u00feann drambl\u00e1ta \u00feekkir hann langt fr\u00e1.<a name=\"7\"><span class=\"versanumer\">7<\/span><\/a>\u00de\u00f3 a\u00f0 eg r\u00e1fi mitt \u00ed \u00ferengingu, heldur \u00fe\u00fa m\u00e9r lifandi; m\u00f3ti rei\u00f0i minna \u00f3vina \u00fatr\u00e9ttir \u00fe\u00fa \u00fe\u00edna h\u00f6nd, og frelsar mig me\u00f0 \u00feinni h\u00e6gri hendi.<a name=\"8\"><span class=\"versanumer\">8<\/span><\/a>Drottinn mun framkv\u00e6ma \u00fea\u00f0 fyrir mig. Drottinn \u00fe\u00edn miskunn er eil\u00edf. Yfirgef \u00fe\u00fa ekki verkin \u00fe\u00edn handa.<\/p>\n<div class=\"footnoteVidey\"><\/div>\n","protected":false},"excerpt":{"rendered":"<p>\u00deakkl\u00e6ti fyrir li\u00f0sinni. 1S\u00e1lmur af Dav\u00ed\u00f0. Eg vil \u00feakka \u00fe\u00e9r af \u00f6llu m\u00ednu hjarta, \u00ed Gu\u00f0s augs\u00fdn vil eg vegsama \u00feig.2Eg vil kn\u00e9krj\u00fapa fyrir \u00fe\u00ednu heilaga musteri, og pr\u00edsa \u00feitt nafn, fyrir \u00fe\u00edna miskunn og tr\u00fafesti, \u00fev\u00ed fram yfir allt hefir \u00fe\u00fa gj\u00f6rt \u00feitt nafn og \u00feitt or\u00f0 vegsamlegt.3\u00deegar eg \u00e1kalla\u00f0i \u00feig, b\u00e6nheyr\u00f0ir \u00fe\u00fa mig; \u00fe\u00fa gafst m\u00e9r hug, og styrk minni s\u00e1lu.4\u00deig, \u00f3 Drottin! skulu allir jar\u00f0arinnar k\u00f3ngar pr\u00edsa, \u00feegar \u00feeir heyra or\u00f0in \u00fe\u00edns munns.5Og \u00feeir skulu syngja um herrans veg, \u00fev\u00ed mikil er Drottins d\u00fdr\u00f0.6J\u00e1, upphafinn er Drottinn, en hann l\u00edtur ni\u00f0ur til h\u00edns l\u00edtilm\u00f3tlega, og \u00feann drambl\u00e1ta <a href=\"https:\/\/biblian.is\/videy\/salmarnir-138-kafli\/\"> [&#8230;]<\/a><\/p>\n","protected":false},"author":1,"featured_media":0,"parent":0,"menu_order":0,"comment_status":"open","ping_status":"open","template":"bibliukaflar.php","meta":{"footnotes":""},"class_list":["post-21465","page","type-page","status-publish","hentry"],"_links":{"self":[{"href":"https:\/\/biblian.is\/videy\/wp-json\/wp\/v2\/pages\/21465","targetHints":{"allow":["GET"]}}],"collection":[{"href":"https:\/\/biblian.is\/videy\/wp-json\/wp\/v2\/pages"}],"about":[{"href":"https:\/\/biblian.is\/videy\/wp-json\/wp\/v2\/types\/page"}],"author":[{"embeddable":true,"href":"https:\/\/biblian.is\/videy\/wp-json\/wp\/v2\/users\/1"}],"replies":[{"embeddable":true,"href":"https:\/\/biblian.is\/videy\/wp-json\/wp\/v2\/comments?post=21465"}],"version-history":[{"count":0,"href":"https:\/\/biblian.is\/videy\/wp-json\/wp\/v2\/pages\/21465\/revisions"}],"wp:attachment":[{"href":"https:\/\/biblian.is\/videy\/wp-json\/wp\/v2\/media?parent=21465"}],"curies":[{"name":"wp","href":"https:\/\/api.w.org\/{rel}","templated":true}]}}