{"id":21464,"date":"2018-01-02T01:02:07","date_gmt":"2018-01-02T01:02:07","guid":{"rendered":"http:\/\/biblian.is\/videy\/salmarnir-137-kafli\/"},"modified":"2018-01-02T01:02:07","modified_gmt":"2018-01-02T01:02:07","slug":"salmarnir-137-kafli","status":"publish","type":"page","link":"https:\/\/biblian.is\/videy\/salmarnir-137-kafli\/","title":{"rendered":"S\u00e1lmarnir 137. kafli"},"content":{"rendered":"<div class=\"fyrirsognVidey\">Skapraun herleiddra \u00ed Bab\u00fdlon.<\/div>\n<p><a name=\"1\"><span class=\"versanumer\">1<\/span><\/a>Vi\u00f0 Bab\u00fdlons \u00e1r s\u00e1tum v\u00e9r, og gr\u00e9tum, \u00feegar v\u00e9r minntunst \u00e1 S\u00edon,<a name=\"2\"><span class=\"versanumer\">2<\/span><\/a>\u00fear hengdum v\u00e9r vorar h\u00f6rpur \u00ed greinir trj\u00e1nna,<a name=\"3\"><span class=\"versanumer\">3<\/span><\/a>\u00fe\u00e1 heimtu \u00feeir, sem h\u00f6f\u00f0u oss \u00ed haldi, af oss s\u00f6ng, og vorir undir\u00ferykkjarar gle\u00f0i, og s\u00f6g\u00f0u: syngi\u00f0 oss lofs\u00f6ng um Si\u00f3n!<a name=\"4\"><span class=\"versanumer\">4<\/span><\/a>Hv\u00f6rnig skyldum v\u00e9r syngja lofs\u00f6ng Drottins \u00ed framandi landi!<a name=\"5\"><span class=\"versanumer\">5<\/span><\/a>Ef a\u00f0 eg gleymi \u00fe\u00e9r Jer\u00fasalem, svo gleymi m\u00e9r m\u00edn h\u00e6gri h\u00f6nd.<a name=\"6\"><span class=\"versanumer\">6<\/span><\/a>M\u00edn tunga festist vi\u00f0 minn g\u00f3m, ef eg ei man til \u00fe\u00edn, ef eg ekki tek Jer\u00fasalem fram yfir m\u00edna mestu gle\u00f0i.<a name=\"7\"><span class=\"versanumer\">7<\/span><\/a>Drottinn! minnstu Edomsbarna \u00e1 Jer\u00fasalems <span class='VideyAth'>(vitjunar)<\/span>degi, \u00feeirra sem s\u00f6g\u00f0u: afm\u00e1i\u00f0, afm\u00e1i\u00f0 allt a\u00f0 hennar grundvelli!<a name=\"8\"><span class=\"versanumer\">8<\/span><\/a>Babelsd\u00f3ttir! \u00fe\u00fa sem ey\u00f0ileggur! vel ver\u00f0i \u00feeim sem endurgeldur \u00fe\u00e9r \u00fea\u00f0 sem \u00fe\u00fa hefir vi\u00f0 oss gj\u00f6rt.<a name=\"9\"><span class=\"versanumer\">9<\/span><\/a>Vel ver\u00f0i \u00feeim sem tekur \u00fe\u00edn brj\u00f3stb\u00f6rn, og sl\u00e6r \u00feeim ni\u00f0ur vi\u00f0 stein.<\/p>\n<div class=\"footnoteVidey\"><\/div>\n","protected":false},"excerpt":{"rendered":"<p>Skapraun herleiddra \u00ed Bab\u00fdlon. 1Vi\u00f0 Bab\u00fdlons \u00e1r s\u00e1tum v\u00e9r, og gr\u00e9tum, \u00feegar v\u00e9r minntunst \u00e1 S\u00edon,2\u00fear hengdum v\u00e9r vorar h\u00f6rpur \u00ed greinir trj\u00e1nna,3\u00fe\u00e1 heimtu \u00feeir, sem h\u00f6f\u00f0u oss \u00ed haldi, af oss s\u00f6ng, og vorir undir\u00ferykkjarar gle\u00f0i, og s\u00f6g\u00f0u: syngi\u00f0 oss lofs\u00f6ng um Si\u00f3n!4Hv\u00f6rnig skyldum v\u00e9r syngja lofs\u00f6ng Drottins \u00ed framandi landi!5Ef a\u00f0 eg gleymi \u00fe\u00e9r Jer\u00fasalem, svo gleymi m\u00e9r m\u00edn h\u00e6gri h\u00f6nd.6M\u00edn tunga festist vi\u00f0 minn g\u00f3m, ef eg ei man til \u00fe\u00edn, ef eg ekki tek Jer\u00fasalem fram yfir m\u00edna mestu gle\u00f0i.7Drottinn! minnstu Edomsbarna \u00e1 Jer\u00fasalems (vitjunar)degi, \u00feeirra sem s\u00f6g\u00f0u: afm\u00e1i\u00f0, afm\u00e1i\u00f0 allt a\u00f0 hennar grundvelli!8Babelsd\u00f3ttir! \u00fe\u00fa sem <a href=\"https:\/\/biblian.is\/videy\/salmarnir-137-kafli\/\"> [&#8230;]<\/a><\/p>\n","protected":false},"author":1,"featured_media":0,"parent":0,"menu_order":0,"comment_status":"open","ping_status":"open","template":"bibliukaflar.php","meta":{"footnotes":""},"class_list":["post-21464","page","type-page","status-publish","hentry"],"_links":{"self":[{"href":"https:\/\/biblian.is\/videy\/wp-json\/wp\/v2\/pages\/21464","targetHints":{"allow":["GET"]}}],"collection":[{"href":"https:\/\/biblian.is\/videy\/wp-json\/wp\/v2\/pages"}],"about":[{"href":"https:\/\/biblian.is\/videy\/wp-json\/wp\/v2\/types\/page"}],"author":[{"embeddable":true,"href":"https:\/\/biblian.is\/videy\/wp-json\/wp\/v2\/users\/1"}],"replies":[{"embeddable":true,"href":"https:\/\/biblian.is\/videy\/wp-json\/wp\/v2\/comments?post=21464"}],"version-history":[{"count":0,"href":"https:\/\/biblian.is\/videy\/wp-json\/wp\/v2\/pages\/21464\/revisions"}],"wp:attachment":[{"href":"https:\/\/biblian.is\/videy\/wp-json\/wp\/v2\/media?parent=21464"}],"curies":[{"name":"wp","href":"https:\/\/api.w.org\/{rel}","templated":true}]}}