{"id":21463,"date":"2018-01-02T01:02:07","date_gmt":"2018-01-02T01:02:07","guid":{"rendered":"http:\/\/biblian.is\/videy\/salmarnir-136-kafli\/"},"modified":"2018-01-02T01:02:07","modified_gmt":"2018-01-02T01:02:07","slug":"salmarnir-136-kafli","status":"publish","type":"page","link":"https:\/\/biblian.is\/videy\/salmarnir-136-kafli\/","title":{"rendered":"S\u00e1lmarnir 136. kafli"},"content":{"rendered":"<div class=\"fyrirsognVidey\">Lofs\u00e1lmur.<\/div>\n<p><a name=\"1\"><span class=\"versanumer\">1<\/span><\/a>\u00deakki\u00f0 \u00fe\u00e9r Drottni! \u00fev\u00ed hann er g\u00f3\u00f0ur, \u00fev\u00ed hans miskunnsemi varir eil\u00edflega.<a name=\"2\"><span class=\"versanumer\">2<\/span><\/a>\u00deakki\u00f0 Gu\u00f0i gu\u00f0anna, \u00fev\u00ed eil\u00edf er hans miskunnsemi.<a name=\"3\"><span class=\"versanumer\">3<\/span><\/a>\u00deakki\u00f0 heranna Herra! \u00fev\u00ed eil\u00edf er hans miskunnsemi.<a name=\"4\"><span class=\"versanumer\">4<\/span><\/a>Hann sem einn gj\u00f6rir d\u00e1semdarverkin, \u00fev\u00ed eil\u00edf er hans miskunnsemi;<a name=\"5\"><span class=\"versanumer\">5<\/span><\/a>honum sem gj\u00f6r\u00f0i himnana me\u00f0 v\u00edsd\u00f3mi, \u00fev\u00ed eil\u00edf er hans miskunnsemi.<a name=\"6\"><span class=\"versanumer\">6<\/span><\/a>Honum sem festi j\u00f6r\u00f0ina \u00e1 v\u00f6tnunum, \u00fev\u00ed eil\u00edf er hans miskunnsemi.<a name=\"7\"><span class=\"versanumer\">7<\/span><\/a>Honum sem gj\u00f6r\u00f0i \u00feau st\u00f3ru lj\u00f3s; \u00fev\u00ed eil\u00edf er hans miskunnsemi.<a name=\"8\"><span class=\"versanumer\">8<\/span><\/a>S\u00f3lina til a\u00f0 stj\u00f3rna \u00e1 daginn, \u00fev\u00ed eil\u00edf er hans miskunnsemi.<a name=\"9\"><span class=\"versanumer\">9<\/span><\/a>Tungli\u00f0 og stj\u00f6rnurnar til a\u00f0 stj\u00f3rna \u00e1 n\u00f3ttunni.<a name=\"10\"><span class=\"versanumer\">10<\/span><\/a>Honum sem deyddi frumbur\u00f0i hinna Egypsku, \u00fev\u00ed eil\u00edf er hans miskunnsemi;<a name=\"11\"><span class=\"versanumer\">11<\/span><\/a>og \u00fatleiddi fr\u00e1 \u00feeim \u00cdsrael, \u00fev\u00ed eil\u00edf er hans miskunnsemi,<a name=\"12\"><span class=\"versanumer\">12<\/span><\/a>me\u00f0 styrkri hendi og \u00fatr\u00e9ttum armi; \u00fev\u00ed eil\u00edf er hans miskunnsemi.<a name=\"13\"><span class=\"versanumer\">13<\/span><\/a>Honum sem skipti rau\u00f0ahafinu \u00ed tvo hluti; \u00fev\u00ed eil\u00edf er hans miskunnsemi,<a name=\"14\"><span class=\"versanumer\">14<\/span><\/a>og l\u00e9t \u00cdsrael \u00fear \u00ed gegnum ganga, \u00fev\u00ed eil\u00edf er hans miskunnsemi;<a name=\"15\"><span class=\"versanumer\">15<\/span><\/a>og steypti fara\u00f3 og hans her \u00ed hafi\u00f0 rau\u00f0a, \u00fev\u00ed eil\u00edf er hans miskunnsemi.<a name=\"16\"><span class=\"versanumer\">16<\/span><\/a>Honum sem leiddi sitt f\u00f3lk um ey\u00f0im\u00f6rkina, \u00fev\u00ed eil\u00edf er hans miskunnsemi.<a name=\"17\"><span class=\"versanumer\">17<\/span><\/a>Honum sem felldi mikla k\u00f3nga, \u00fev\u00ed eil\u00edf er hans miskunnsemi;<a name=\"18\"><span class=\"versanumer\">18<\/span><\/a>og drap volduga k\u00f3nga, \u00fev\u00ed eil\u00edf er hans miskunnsemi.<a name=\"19\"><span class=\"versanumer\">19<\/span><\/a>S\u00edhon Amor\u00edtak\u00f3ng, \u00fev\u00ed eil\u00edf er hans miskunnsemi,<a name=\"20\"><span class=\"versanumer\">20<\/span><\/a>og Og k\u00f3nginn af Basan, \u00fev\u00ed eil\u00edf er hans miskunnsemi.<a name=\"21\"><span class=\"versanumer\">21<\/span><\/a>Og \u00feeirra land gaf a\u00f0 erf\u00f0, \u00fev\u00ed eil\u00edf er hans miskunnsemi,<a name=\"22\"><span class=\"versanumer\">22<\/span><\/a>s\u00ednum \u00fe\u00e9nara \u00cdsrael a\u00f0 erf\u00f0, \u00fev\u00ed eil\u00edf er hans miskunnsemi.<a name=\"23\"><span class=\"versanumer\">23<\/span><\/a>honum sem minntist vor, \u00fe\u00e1 v\u00e9r vorum undir\u00ferykktir, \u00fev\u00ed eil\u00edf er hans miskunnsemi.<a name=\"24\"><span class=\"versanumer\">24<\/span><\/a>Og sleit oss \u00far hendi vorra \u00f3vina, \u00fev\u00ed eil\u00edf er hans miskunnsemi.<a name=\"25\"><span class=\"versanumer\">25<\/span><\/a>Honum sem gefur f\u00e6\u00f0u \u00f6llu holdi, \u00fev\u00ed eil\u00edf er hans miskunnsemi.<a name=\"26\"><span class=\"versanumer\">26<\/span><\/a>\u00deakki\u00f0 himnanna Gu\u00f0i! \u00fev\u00ed eil\u00edf er hans miskunnsemi.<\/p>\n<div class=\"footnoteVidey\"><\/div>\n","protected":false},"excerpt":{"rendered":"<p>Lofs\u00e1lmur. 1\u00deakki\u00f0 \u00fe\u00e9r Drottni! \u00fev\u00ed hann er g\u00f3\u00f0ur, \u00fev\u00ed hans miskunnsemi varir eil\u00edflega.2\u00deakki\u00f0 Gu\u00f0i gu\u00f0anna, \u00fev\u00ed eil\u00edf er hans miskunnsemi.3\u00deakki\u00f0 heranna Herra! \u00fev\u00ed eil\u00edf er hans miskunnsemi.4Hann sem einn gj\u00f6rir d\u00e1semdarverkin, \u00fev\u00ed eil\u00edf er hans miskunnsemi;5honum sem gj\u00f6r\u00f0i himnana me\u00f0 v\u00edsd\u00f3mi, \u00fev\u00ed eil\u00edf er hans miskunnsemi.6Honum sem festi j\u00f6r\u00f0ina \u00e1 v\u00f6tnunum, \u00fev\u00ed eil\u00edf er hans miskunnsemi.7Honum sem gj\u00f6r\u00f0i \u00feau st\u00f3ru lj\u00f3s; \u00fev\u00ed eil\u00edf er hans miskunnsemi.8S\u00f3lina til a\u00f0 stj\u00f3rna \u00e1 daginn, \u00fev\u00ed eil\u00edf er hans miskunnsemi.9Tungli\u00f0 og stj\u00f6rnurnar til a\u00f0 stj\u00f3rna \u00e1 n\u00f3ttunni.10Honum sem deyddi frumbur\u00f0i hinna Egypsku, \u00fev\u00ed eil\u00edf er hans miskunnsemi;11og \u00fatleiddi fr\u00e1 \u00feeim \u00cdsrael, \u00fev\u00ed eil\u00edf er <a href=\"https:\/\/biblian.is\/videy\/salmarnir-136-kafli\/\"> [&#8230;]<\/a><\/p>\n","protected":false},"author":1,"featured_media":0,"parent":0,"menu_order":0,"comment_status":"open","ping_status":"open","template":"bibliukaflar.php","meta":{"footnotes":""},"class_list":["post-21463","page","type-page","status-publish","hentry"],"_links":{"self":[{"href":"https:\/\/biblian.is\/videy\/wp-json\/wp\/v2\/pages\/21463","targetHints":{"allow":["GET"]}}],"collection":[{"href":"https:\/\/biblian.is\/videy\/wp-json\/wp\/v2\/pages"}],"about":[{"href":"https:\/\/biblian.is\/videy\/wp-json\/wp\/v2\/types\/page"}],"author":[{"embeddable":true,"href":"https:\/\/biblian.is\/videy\/wp-json\/wp\/v2\/users\/1"}],"replies":[{"embeddable":true,"href":"https:\/\/biblian.is\/videy\/wp-json\/wp\/v2\/comments?post=21463"}],"version-history":[{"count":0,"href":"https:\/\/biblian.is\/videy\/wp-json\/wp\/v2\/pages\/21463\/revisions"}],"wp:attachment":[{"href":"https:\/\/biblian.is\/videy\/wp-json\/wp\/v2\/media?parent=21463"}],"curies":[{"name":"wp","href":"https:\/\/api.w.org\/{rel}","templated":true}]}}