{"id":21462,"date":"2018-01-02T01:02:07","date_gmt":"2018-01-02T01:02:07","guid":{"rendered":"http:\/\/biblian.is\/videy\/salmarnir-135-kafli\/"},"modified":"2018-01-02T01:02:07","modified_gmt":"2018-01-02T01:02:07","slug":"salmarnir-135-kafli","status":"publish","type":"page","link":"https:\/\/biblian.is\/videy\/salmarnir-135-kafli\/","title":{"rendered":"S\u00e1lmarnir 135. kafli"},"content":{"rendered":"<div class=\"fyrirsognVidey\">Lof Drottins d\u00e1semdarverka. Afgu\u00f0ir \u00f3n\u00fdtir.<\/div>\n<p><a name=\"1\"><span class=\"versanumer\">1<\/span><\/a>Lofi\u00f0 Gu\u00f0! lofi\u00f0 Drottins nafn! lofi\u00f0 hann, \u00fe\u00e9r Drottins \u00fe\u00e9narar!<a name=\"2\"><span class=\"versanumer\">2<\/span><\/a>\u00de\u00e9r sem standi\u00f0 \u00ed Drottins h\u00fasi, \u00ed vors Gu\u00f0s h\u00fass forgar\u00f0i.<a name=\"3\"><span class=\"versanumer\">3<\/span><\/a>Vegsami\u00f0 Drottin! \u00fev\u00ed Drottinn er g\u00f3\u00f0ur. Syngi\u00f0 lof hans nafni, \u00fev\u00ed hann er yndislegur.<a name=\"4\"><span class=\"versanumer\">4<\/span><\/a>\u00dev\u00ed Drottinn \u00fatvaldi s\u00e9r Jakob, \u00cdsrael s\u00e9r til eignar. <br \/><a name=\"5\"><span class=\"versanumer\">5<\/span><\/a>Eg veit a\u00f0 Drottinn er mikill, a\u00f0 vor Herra er meiri en allir gu\u00f0ir.<a name=\"6\"><span class=\"versanumer\">6<\/span><\/a>Drottinn gj\u00f6rir allt hva\u00f0 honum \u00fe\u00f3knast \u00e1 himni og j\u00f6r\u00f0u, \u00ed hafinu og \u00ed \u00f6llum dj\u00fapum.<a name=\"7\"><span class=\"versanumer\">7<\/span><\/a>Hann l\u00e6tur sk\u00fd uppst\u00edga fr\u00e1 jar\u00f0arinnar endum; eldingar gj\u00f6rir hann og regn; hann sendir vinda \u00far s\u00ednum hirslum.<a name=\"8\"><span class=\"versanumer\">8<\/span><\/a>Hann deyddi frumbur\u00f0ina \u00ed Egyptalandi, b\u00e6\u00f0i manna og og f\u00e9na\u00f0arins.<a name=\"9\"><span class=\"versanumer\">9<\/span><\/a>Hann sendi yfir \u00feig teikn og st\u00f3rmerki, Egyptaland! yfir fara\u00f3 og alla hans \u00feegna.<a name=\"10\"><span class=\"versanumer\">10<\/span><\/a>Hann lag\u00f0i a\u00f0 velli margar \u00fej\u00f3\u00f0ir, og deyddi volduga k\u00f3nga.<a name=\"11\"><span class=\"versanumer\">11<\/span><\/a>S\u00edhon Amor\u00edtakonung, og Og, k\u00f3nginn af Basan; og alla k\u00f3ngana \u00ed Kanaan.<a name=\"12\"><span class=\"versanumer\">12<\/span><\/a>Og hann gaf a\u00f0 erf\u00f0 \u00feeirra land \u00cdsrael, s\u00ednu f\u00f3lki.<a name=\"13\"><span class=\"versanumer\">13<\/span><\/a>Drottinn, \u00feitt nafn er eil\u00edft! \u00fe\u00edn minning varir fr\u00e1 kyni til kyns.<a name=\"14\"><span class=\"versanumer\">14<\/span><\/a>\u00dev\u00ed Drottinn d\u00e6mir sitt f\u00f3lk, og miskunnar s\u00ednum \u00fe\u00e9nurum. <br \/><a name=\"15\"><span class=\"versanumer\">15<\/span><\/a>\u00dej\u00f3\u00f0anna afgu\u00f0ir eru silfur og gull, gj\u00f6r\u00f0ir af manna h\u00f6ndum.<a name=\"16\"><span class=\"versanumer\">16<\/span><\/a>Munn hafa \u00feeir, en tala ekki; augu en sj\u00e1 ekki.<a name=\"17\"><span class=\"versanumer\">17<\/span><\/a>Eyru hafa \u00feeir, en heyra ekki, og enginn andardr\u00e1ttur er \u00ed \u00feeirra munni.<a name=\"18\"><span class=\"versanumer\">18<\/span><\/a>L\u00edkir \u00feessum eru \u00feeir sem \u00fe\u00e1 gj\u00f6ra, j\u00e1, s\u00e9rhv\u00f6r sem rei\u00f0ir sig \u00e1 \u00fe\u00e1. <br \/><a name=\"19\"><span class=\"versanumer\">19<\/span><\/a>\u00cdsraels h\u00fas! lofa \u00fe\u00fa Drottin! Arons h\u00fas! lofi\u00f0 Drottin!<a name=\"20\"><span class=\"versanumer\">20<\/span><\/a>Lev\u00ed h\u00fas! lofi Drottin! allir \u00fe\u00e9r sem \u00f3ttist Drottin, lofi\u00f0 Drottin!<a name=\"21\"><span class=\"versanumer\">21<\/span><\/a>Lofa\u00f0ur s\u00e9 Drottinn \u00ed S\u00edon! hann sem b\u00fdr \u00ed Jer\u00fasalem! lofi\u00f0 Drottin.<\/p>\n<div class=\"footnoteVidey\"><\/div>\n","protected":false},"excerpt":{"rendered":"<p>Lof Drottins d\u00e1semdarverka. Afgu\u00f0ir \u00f3n\u00fdtir. 1Lofi\u00f0 Gu\u00f0! lofi\u00f0 Drottins nafn! lofi\u00f0 hann, \u00fe\u00e9r Drottins \u00fe\u00e9narar!2\u00de\u00e9r sem standi\u00f0 \u00ed Drottins h\u00fasi, \u00ed vors Gu\u00f0s h\u00fass forgar\u00f0i.3Vegsami\u00f0 Drottin! \u00fev\u00ed Drottinn er g\u00f3\u00f0ur. Syngi\u00f0 lof hans nafni, \u00fev\u00ed hann er yndislegur.4\u00dev\u00ed Drottinn \u00fatvaldi s\u00e9r Jakob, \u00cdsrael s\u00e9r til eignar. 5Eg veit a\u00f0 Drottinn er mikill, a\u00f0 vor Herra er meiri en allir gu\u00f0ir.6Drottinn gj\u00f6rir allt hva\u00f0 honum \u00fe\u00f3knast \u00e1 himni og j\u00f6r\u00f0u, \u00ed hafinu og \u00ed \u00f6llum dj\u00fapum.7Hann l\u00e6tur sk\u00fd uppst\u00edga fr\u00e1 jar\u00f0arinnar endum; eldingar gj\u00f6rir hann og regn; hann sendir vinda \u00far s\u00ednum hirslum.8Hann deyddi frumbur\u00f0ina \u00ed Egyptalandi, b\u00e6\u00f0i manna og og <a href=\"https:\/\/biblian.is\/videy\/salmarnir-135-kafli\/\"> [&#8230;]<\/a><\/p>\n","protected":false},"author":1,"featured_media":0,"parent":0,"menu_order":0,"comment_status":"open","ping_status":"open","template":"bibliukaflar.php","meta":{"footnotes":""},"class_list":["post-21462","page","type-page","status-publish","hentry"],"_links":{"self":[{"href":"https:\/\/biblian.is\/videy\/wp-json\/wp\/v2\/pages\/21462","targetHints":{"allow":["GET"]}}],"collection":[{"href":"https:\/\/biblian.is\/videy\/wp-json\/wp\/v2\/pages"}],"about":[{"href":"https:\/\/biblian.is\/videy\/wp-json\/wp\/v2\/types\/page"}],"author":[{"embeddable":true,"href":"https:\/\/biblian.is\/videy\/wp-json\/wp\/v2\/users\/1"}],"replies":[{"embeddable":true,"href":"https:\/\/biblian.is\/videy\/wp-json\/wp\/v2\/comments?post=21462"}],"version-history":[{"count":0,"href":"https:\/\/biblian.is\/videy\/wp-json\/wp\/v2\/pages\/21462\/revisions"}],"wp:attachment":[{"href":"https:\/\/biblian.is\/videy\/wp-json\/wp\/v2\/media?parent=21462"}],"curies":[{"name":"wp","href":"https:\/\/api.w.org\/{rel}","templated":true}]}}