{"id":21461,"date":"2018-01-02T01:02:07","date_gmt":"2018-01-02T01:02:07","guid":{"rendered":"http:\/\/biblian.is\/videy\/salmarnir-134-kafli\/"},"modified":"2018-01-02T01:02:07","modified_gmt":"2018-01-02T01:02:07","slug":"salmarnir-134-kafli","status":"publish","type":"page","link":"https:\/\/biblian.is\/videy\/salmarnir-134-kafli\/","title":{"rendered":"S\u00e1lmarnir 134. kafli"},"content":{"rendered":"<div class=\"fyrirsognVidey\">Lofs\u00f6ngur vi\u00f0 \u00fej\u00f3nustugj\u00f6r\u00f0ina.<\/div>\n<p><a name=\"1\"><span class=\"versanumer\">1<\/span><\/a>Uppg\u00f6ngus\u00e1lmur. Sj\u00e1! lofi\u00f0 Drottin, allir hans \u00fe\u00e9narar, sem \u00e1 n\u00e6turnar standi\u00f0 \u00ed Drottins h\u00fasi!<a name=\"2\"><span class=\"versanumer\">2<\/span><\/a>Upplyfti\u00f0 y\u00f0ar h\u00f6ndum til helgid\u00f3msins, og lofi\u00f0 Drottin.<a name=\"3\"><span class=\"versanumer\">3<\/span><\/a>\u00de\u00e1 mun Drottinn blessa y\u00f0ur fr\u00e1 S\u00edon, hann sem gj\u00f6r\u00f0i himininn og j\u00f6r\u00f0ina.<\/p>\n<div class=\"footnoteVidey\"><\/div>\n","protected":false},"excerpt":{"rendered":"<p>Lofs\u00f6ngur vi\u00f0 \u00fej\u00f3nustugj\u00f6r\u00f0ina. 1Uppg\u00f6ngus\u00e1lmur. Sj\u00e1! lofi\u00f0 Drottin, allir hans \u00fe\u00e9narar, sem \u00e1 n\u00e6turnar standi\u00f0 \u00ed Drottins h\u00fasi!2Upplyfti\u00f0 y\u00f0ar h\u00f6ndum til helgid\u00f3msins, og lofi\u00f0 Drottin.3\u00de\u00e1 mun Drottinn blessa y\u00f0ur fr\u00e1 S\u00edon, hann sem gj\u00f6r\u00f0i himininn og j\u00f6r\u00f0ina.<\/p>\n","protected":false},"author":1,"featured_media":0,"parent":0,"menu_order":0,"comment_status":"open","ping_status":"open","template":"bibliukaflar.php","meta":{"footnotes":""},"class_list":["post-21461","page","type-page","status-publish","hentry"],"_links":{"self":[{"href":"https:\/\/biblian.is\/videy\/wp-json\/wp\/v2\/pages\/21461","targetHints":{"allow":["GET"]}}],"collection":[{"href":"https:\/\/biblian.is\/videy\/wp-json\/wp\/v2\/pages"}],"about":[{"href":"https:\/\/biblian.is\/videy\/wp-json\/wp\/v2\/types\/page"}],"author":[{"embeddable":true,"href":"https:\/\/biblian.is\/videy\/wp-json\/wp\/v2\/users\/1"}],"replies":[{"embeddable":true,"href":"https:\/\/biblian.is\/videy\/wp-json\/wp\/v2\/comments?post=21461"}],"version-history":[{"count":0,"href":"https:\/\/biblian.is\/videy\/wp-json\/wp\/v2\/pages\/21461\/revisions"}],"wp:attachment":[{"href":"https:\/\/biblian.is\/videy\/wp-json\/wp\/v2\/media?parent=21461"}],"curies":[{"name":"wp","href":"https:\/\/api.w.org\/{rel}","templated":true}]}}