{"id":21460,"date":"2018-01-02T01:02:07","date_gmt":"2018-01-02T01:02:07","guid":{"rendered":"http:\/\/biblian.is\/videy\/salmarnir-133-kafli\/"},"modified":"2018-01-02T01:02:07","modified_gmt":"2018-01-02T01:02:07","slug":"salmarnir-133-kafli","status":"publish","type":"page","link":"https:\/\/biblian.is\/videy\/salmarnir-133-kafli\/","title":{"rendered":"S\u00e1lmarnir 133. kafli"},"content":{"rendered":"<div class=\"fyrirsognVidey\">Hr\u00f3s eindr\u00e6gninnar.<\/div>\n<p><a name=\"1\"><span class=\"versanumer\">1<\/span><\/a>Uppg\u00f6ngus\u00e1lmur af Dav\u00ed\u00f0. Sj\u00e1! hv\u00f6rsu \u00e1g\u00e6tt og elskulegt \u00fea\u00f0 er fyrir br\u00e6\u00f0ur a\u00f0 b\u00faa saman.<a name=\"2\"><span class=\"versanumer\">2<\/span><\/a>\u00dea\u00f0 er eins og hi\u00f0 g\u00f3\u00f0a vi\u00f0smj\u00f6r sem ni\u00f0urdr\u00fdpur af h\u00f6f\u00f0inu \u00e1 skeggi\u00f0, \u00e1 Arons skegg, j\u00e1, ni\u00f0urfl\u00fdtur \u00e1 hans kl\u00e6\u00f0afald, eins og d\u00f6gg \u00e1 Hermon,<a name=\"3\"><span class=\"versanumer\">3<\/span><\/a>sem s\u00fa d\u00f6gg er ni\u00f0urfellur \u00e1 S\u00edons fjall, \u00fev\u00ed \u00fear hefir Drottinn fyrirheiti\u00f0 blessan og l\u00edfi <span class='VideyAth'>(lukku)<\/span> um aldur og a\u00f0 eil\u00edfu.<\/p>\n<div class=\"footnoteVidey\"><\/div>\n","protected":false},"excerpt":{"rendered":"<p>Hr\u00f3s eindr\u00e6gninnar. 1Uppg\u00f6ngus\u00e1lmur af Dav\u00ed\u00f0. Sj\u00e1! hv\u00f6rsu \u00e1g\u00e6tt og elskulegt \u00fea\u00f0 er fyrir br\u00e6\u00f0ur a\u00f0 b\u00faa saman.2\u00dea\u00f0 er eins og hi\u00f0 g\u00f3\u00f0a vi\u00f0smj\u00f6r sem ni\u00f0urdr\u00fdpur af h\u00f6f\u00f0inu \u00e1 skeggi\u00f0, \u00e1 Arons skegg, j\u00e1, ni\u00f0urfl\u00fdtur \u00e1 hans kl\u00e6\u00f0afald, eins og d\u00f6gg \u00e1 Hermon,3sem s\u00fa d\u00f6gg er ni\u00f0urfellur \u00e1 S\u00edons fjall, \u00fev\u00ed \u00fear hefir Drottinn fyrirheiti\u00f0 blessan og l\u00edfi (lukku) um aldur og a\u00f0 eil\u00edfu.<\/p>\n","protected":false},"author":1,"featured_media":0,"parent":0,"menu_order":0,"comment_status":"open","ping_status":"open","template":"bibliukaflar.php","meta":{"footnotes":""},"class_list":["post-21460","page","type-page","status-publish","hentry"],"_links":{"self":[{"href":"https:\/\/biblian.is\/videy\/wp-json\/wp\/v2\/pages\/21460","targetHints":{"allow":["GET"]}}],"collection":[{"href":"https:\/\/biblian.is\/videy\/wp-json\/wp\/v2\/pages"}],"about":[{"href":"https:\/\/biblian.is\/videy\/wp-json\/wp\/v2\/types\/page"}],"author":[{"embeddable":true,"href":"https:\/\/biblian.is\/videy\/wp-json\/wp\/v2\/users\/1"}],"replies":[{"embeddable":true,"href":"https:\/\/biblian.is\/videy\/wp-json\/wp\/v2\/comments?post=21460"}],"version-history":[{"count":0,"href":"https:\/\/biblian.is\/videy\/wp-json\/wp\/v2\/pages\/21460\/revisions"}],"wp:attachment":[{"href":"https:\/\/biblian.is\/videy\/wp-json\/wp\/v2\/media?parent=21460"}],"curies":[{"name":"wp","href":"https:\/\/api.w.org\/{rel}","templated":true}]}}