{"id":21459,"date":"2018-01-02T01:02:07","date_gmt":"2018-01-02T01:02:07","guid":{"rendered":"http:\/\/biblian.is\/videy\/salmarnir-132-kafli\/"},"modified":"2018-01-02T01:02:07","modified_gmt":"2018-01-02T01:02:07","slug":"salmarnir-132-kafli","status":"publish","type":"page","link":"https:\/\/biblian.is\/videy\/salmarnir-132-kafli\/","title":{"rendered":"S\u00e1lmarnir 132. kafli"},"content":{"rendered":"<div class=\"fyrirsognVidey\">Lofs\u00f6ngur vi\u00f0 inng\u00f6ngu til Drottins b\u00fasta\u00f0ar.<\/div>\n<p><a name=\"1\"><span class=\"versanumer\">1<\/span><\/a>Uppg\u00f6ngus\u00e1lmur. Drottinn! mundu til Dav\u00ed\u00f0s m\u00f3tgangs,<a name=\"2\"><span class=\"versanumer\">2<\/span><\/a>sem s\u00f3r Drottni, sem gj\u00f6r\u00f0i heit \u00feeim volduga Jakobs:<a name=\"3\"><span class=\"versanumer\">3<\/span><\/a>\u201eEg vil ei ganga \u00ed tjaldb\u00fa\u00f0 m\u00edns heimilis, eg vil ekki st\u00edga \u00ed m\u00edna s\u00e6ng.<a name=\"4\"><span class=\"versanumer\">4<\/span><\/a>M\u00edn augu vil eg ekki l\u00e1ta sofa, ekki heldur m\u00edna augnahvarma dotta,<a name=\"5\"><span class=\"versanumer\">5<\/span><\/a>fyrr en eg finn sta\u00f0 handa Drottni, b\u00fasta\u00f0 \u00feeim volduga Jakobs\u201c.<a name=\"6\"><span class=\"versanumer\">6<\/span><\/a>Sj\u00e1! v\u00e9r heyr\u00f0um, a\u00f0 hann, <span class='VideyAth'>(b\u00fasta\u00f0urinn)<\/span> v\u00e6ri \u00ed Efrata, <span class='VideyAth'>(S\u00edl\u00f3, J\u00f3sb. 18,1)<\/span>. V\u00e9r fundum hann \u00e1 Jaars <span class='VideyAth'>(sk\u00f3garins)<\/span> v\u00f6llum, <span class='VideyAth'>(Kirjat Jearim, 1 Sam. 6,21)<\/span>.<a name=\"7\"><span class=\"versanumer\">7<\/span><\/a>L\u00e1tum oss n\u00fa innganga \u00ed hans b\u00fasta\u00f0, og tilbi\u00f0ja fyrir hans f\u00f3tsk\u00f6r.<a name=\"8\"><span class=\"versanumer\">8<\/span><\/a>Drottinn! st\u00edg \u00fe\u00fa upp til \u00fe\u00edns hv\u00edldarsta\u00f0ar, \u00fe\u00fa og \u00f6rk \u00feinnar d\u00fdr\u00f0ar.<a name=\"9\"><span class=\"versanumer\">9<\/span><\/a>\u00de\u00ednir prestar \u00edkl\u00e6\u00f0ist r\u00e9ttl\u00e6tinu, og \u00fe\u00ednir heil\u00f6gu fagni.<a name=\"10\"><span class=\"versanumer\">10<\/span><\/a>Sakir Dav\u00ed\u00f0s \u00fe\u00edns \u00fe\u00e9nara, \u00fatsk\u00fafa ei \u00fe\u00ednum smur\u00f0a!<a name=\"11\"><span class=\"versanumer\">11<\/span><\/a>Drottinn s\u00f3r Dav\u00ed\u00f0 sannan ei\u00f0, fr\u00e1 honum mun hann ekki ganga, og sag\u00f0i: \u201e\u00e1v\u00f6xt \u00fe\u00edns l\u00edfs mun eg setja \u00ed \u00feitt h\u00e1s\u00e6ti;<a name=\"12\"><span class=\"versanumer\">12<\/span><\/a>ef \u00fe\u00edn b\u00f6rn halda minn s\u00e1ttm\u00e1la og m\u00edna vitnisbur\u00f0i, sem eg mun kenna \u00feeim, \u00fe\u00e1 skulu og \u00feeirra b\u00f6rn s\u00edfellt og \u00e6t\u00ed\u00f0 sitja \u00ed \u00fe\u00ednu h\u00e1s\u00e6ti\u201c.<a name=\"13\"><span class=\"versanumer\">13<\/span><\/a>J\u00e1, Drottinn hefir \u00fatvali\u00f0 S\u00edon, hann valdi s\u00e9r S\u00edon til b\u00fasta\u00f0ar og sag\u00f0i:<a name=\"14\"><span class=\"versanumer\">14<\/span><\/a>\u00feetta er s\u00edfellt og \u00e6t\u00ed\u00f0 minn hv\u00edldarsta\u00f0ur, h\u00e9r vil eg b\u00faa, \u00fev\u00ed eg kaus m\u00e9r h\u00e9r a\u00f0 vera.<a name=\"15\"><span class=\"versanumer\">15<\/span><\/a>Hennar <span class='VideyAth'>(nl: S\u00edons)<\/span> bjargr\u00e6\u00f0i mun eg \u00e6t\u00ed\u00f0 blessa; hennar f\u00e1t\u00e6klinga mun eg metta me\u00f0 brau\u00f0i,<a name=\"16\"><span class=\"versanumer\">16<\/span><\/a>og hennar presta mun eg kl\u00e6\u00f0a me\u00f0 hj\u00e1lpr\u00e6\u00f0i, og hennar heil\u00f6gu skulu vissulega fagna.<a name=\"17\"><span class=\"versanumer\">17<\/span><\/a>\u00dear mun eg l\u00e1ta Dav\u00ed\u00f0s makt vaxa, tilrei\u00f0a skri\u00f0lj\u00f3s m\u00ednum smur\u00f0a.<a name=\"18\"><span class=\"versanumer\">18<\/span><\/a>Hennar \u00f3vini vil eg forsm\u00e1ninni kl\u00e6\u00f0a; en \u00e1 hennar h\u00f6f\u00f0i skal k\u00f3r\u00f3nan sk\u00edna.<\/p>\n<div class=\"footnoteVidey\"><\/div>\n","protected":false},"excerpt":{"rendered":"<p>Lofs\u00f6ngur vi\u00f0 inng\u00f6ngu til Drottins b\u00fasta\u00f0ar. 1Uppg\u00f6ngus\u00e1lmur. Drottinn! mundu til Dav\u00ed\u00f0s m\u00f3tgangs,2sem s\u00f3r Drottni, sem gj\u00f6r\u00f0i heit \u00feeim volduga Jakobs:3\u201eEg vil ei ganga \u00ed tjaldb\u00fa\u00f0 m\u00edns heimilis, eg vil ekki st\u00edga \u00ed m\u00edna s\u00e6ng.4M\u00edn augu vil eg ekki l\u00e1ta sofa, ekki heldur m\u00edna augnahvarma dotta,5fyrr en eg finn sta\u00f0 handa Drottni, b\u00fasta\u00f0 \u00feeim volduga Jakobs\u201c.6Sj\u00e1! v\u00e9r heyr\u00f0um, a\u00f0 hann, (b\u00fasta\u00f0urinn) v\u00e6ri \u00ed Efrata, (S\u00edl\u00f3, J\u00f3sb. 18,1). V\u00e9r fundum hann \u00e1 Jaars (sk\u00f3garins) v\u00f6llum, (Kirjat Jearim, 1 Sam. 6,21).7L\u00e1tum oss n\u00fa innganga \u00ed hans b\u00fasta\u00f0, og tilbi\u00f0ja fyrir hans f\u00f3tsk\u00f6r.8Drottinn! st\u00edg \u00fe\u00fa upp til \u00fe\u00edns hv\u00edldarsta\u00f0ar, \u00fe\u00fa og \u00f6rk \u00feinnar d\u00fdr\u00f0ar.9\u00de\u00ednir <a href=\"https:\/\/biblian.is\/videy\/salmarnir-132-kafli\/\"> [&#8230;]<\/a><\/p>\n","protected":false},"author":1,"featured_media":0,"parent":0,"menu_order":0,"comment_status":"open","ping_status":"open","template":"bibliukaflar.php","meta":{"footnotes":""},"class_list":["post-21459","page","type-page","status-publish","hentry"],"_links":{"self":[{"href":"https:\/\/biblian.is\/videy\/wp-json\/wp\/v2\/pages\/21459","targetHints":{"allow":["GET"]}}],"collection":[{"href":"https:\/\/biblian.is\/videy\/wp-json\/wp\/v2\/pages"}],"about":[{"href":"https:\/\/biblian.is\/videy\/wp-json\/wp\/v2\/types\/page"}],"author":[{"embeddable":true,"href":"https:\/\/biblian.is\/videy\/wp-json\/wp\/v2\/users\/1"}],"replies":[{"embeddable":true,"href":"https:\/\/biblian.is\/videy\/wp-json\/wp\/v2\/comments?post=21459"}],"version-history":[{"count":0,"href":"https:\/\/biblian.is\/videy\/wp-json\/wp\/v2\/pages\/21459\/revisions"}],"wp:attachment":[{"href":"https:\/\/biblian.is\/videy\/wp-json\/wp\/v2\/media?parent=21459"}],"curies":[{"name":"wp","href":"https:\/\/api.w.org\/{rel}","templated":true}]}}