{"id":21457,"date":"2018-01-02T01:02:07","date_gmt":"2018-01-02T01:02:07","guid":{"rendered":"http:\/\/biblian.is\/videy\/salmarnir-130-kafli\/"},"modified":"2018-01-02T01:02:07","modified_gmt":"2018-01-02T01:02:07","slug":"salmarnir-130-kafli","status":"publish","type":"page","link":"https:\/\/biblian.is\/videy\/salmarnir-130-kafli\/","title":{"rendered":"S\u00e1lmarnir 130. kafli"},"content":{"rendered":"<div class=\"fyrirsognVidey\">B\u00e6n. Tr\u00faartraust. Von.<\/div>\n<p><a name=\"1\"><span class=\"versanumer\">1<\/span><\/a>Uppg\u00f6ngus\u00e1lmur. Ur dj\u00fapinu kalla eg til \u00fe\u00edn, Drottinn!<a name=\"2\"><span class=\"versanumer\">2<\/span><\/a>heyr \u00fe\u00fa Drottinn, m\u00edna raust! l\u00e1t \u00fe\u00edn eyru hyggja a\u00f0 r\u00f6ddu minnar gr\u00e1tbei\u00f0ni!<a name=\"3\"><span class=\"versanumer\">3<\/span><\/a>\u00d3 Drottinn! ef a\u00f0 \u00fe\u00fa vilt muna misgj\u00f6r\u00f0ir, Drottinn! hv\u00f6r getur \u00fe\u00e1 sta\u00f0ist?<a name=\"4\"><span class=\"versanumer\">4<\/span><\/a>Nei, hj\u00e1 \u00fe\u00e9r er fyrirgefning, svo a\u00f0 menn \u00f3ttist \u00feig.<a name=\"5\"><span class=\"versanumer\">5<\/span><\/a>Eg b\u00ed\u00f0 eftir Drottni, m\u00edn s\u00e1l vonar, eg rei\u00f0i mig \u00e1 hans or\u00f0.<a name=\"6\"><span class=\"versanumer\">6<\/span><\/a>M\u00edn s\u00e1l b\u00ed\u00f0ur Drottins, meir enn vaktarar \u00e1 morgnana, sem v\u00e6nta morgunsins.<a name=\"7\"><span class=\"versanumer\">7<\/span><\/a>\u00cdsrael! vona \u00fe\u00fa upp \u00e1 Drottin, \u00fev\u00ed hj\u00e1 Drottni er miskunnsemi; og mikil endurlausn er hj\u00e1 honum.<a name=\"8\"><span class=\"versanumer\">8<\/span><\/a>Hann mun frelsa \u00cdsrael af \u00f6llum hans misgj\u00f6r\u00f0um.<\/p>\n<div class=\"footnoteVidey\"><\/div>\n","protected":false},"excerpt":{"rendered":"<p>B\u00e6n. Tr\u00faartraust. Von. 1Uppg\u00f6ngus\u00e1lmur. Ur dj\u00fapinu kalla eg til \u00fe\u00edn, Drottinn!2heyr \u00fe\u00fa Drottinn, m\u00edna raust! l\u00e1t \u00fe\u00edn eyru hyggja a\u00f0 r\u00f6ddu minnar gr\u00e1tbei\u00f0ni!3\u00d3 Drottinn! ef a\u00f0 \u00fe\u00fa vilt muna misgj\u00f6r\u00f0ir, Drottinn! hv\u00f6r getur \u00fe\u00e1 sta\u00f0ist?4Nei, hj\u00e1 \u00fe\u00e9r er fyrirgefning, svo a\u00f0 menn \u00f3ttist \u00feig.5Eg b\u00ed\u00f0 eftir Drottni, m\u00edn s\u00e1l vonar, eg rei\u00f0i mig \u00e1 hans or\u00f0.6M\u00edn s\u00e1l b\u00ed\u00f0ur Drottins, meir enn vaktarar \u00e1 morgnana, sem v\u00e6nta morgunsins.7\u00cdsrael! vona \u00fe\u00fa upp \u00e1 Drottin, \u00fev\u00ed hj\u00e1 Drottni er miskunnsemi; og mikil endurlausn er hj\u00e1 honum.8Hann mun frelsa \u00cdsrael af \u00f6llum hans misgj\u00f6r\u00f0um.<\/p>\n","protected":false},"author":1,"featured_media":0,"parent":0,"menu_order":0,"comment_status":"open","ping_status":"open","template":"bibliukaflar.php","meta":{"footnotes":""},"class_list":["post-21457","page","type-page","status-publish","hentry"],"_links":{"self":[{"href":"https:\/\/biblian.is\/videy\/wp-json\/wp\/v2\/pages\/21457","targetHints":{"allow":["GET"]}}],"collection":[{"href":"https:\/\/biblian.is\/videy\/wp-json\/wp\/v2\/pages"}],"about":[{"href":"https:\/\/biblian.is\/videy\/wp-json\/wp\/v2\/types\/page"}],"author":[{"embeddable":true,"href":"https:\/\/biblian.is\/videy\/wp-json\/wp\/v2\/users\/1"}],"replies":[{"embeddable":true,"href":"https:\/\/biblian.is\/videy\/wp-json\/wp\/v2\/comments?post=21457"}],"version-history":[{"count":0,"href":"https:\/\/biblian.is\/videy\/wp-json\/wp\/v2\/pages\/21457\/revisions"}],"wp:attachment":[{"href":"https:\/\/biblian.is\/videy\/wp-json\/wp\/v2\/media?parent=21457"}],"curies":[{"name":"wp","href":"https:\/\/api.w.org\/{rel}","templated":true}]}}