{"id":21456,"date":"2018-01-02T01:02:07","date_gmt":"2018-01-02T01:02:07","guid":{"rendered":"http:\/\/biblian.is\/videy\/salmarnir-129-kafli\/"},"modified":"2018-01-02T01:02:07","modified_gmt":"2018-01-02T01:02:07","slug":"salmarnir-129-kafli","status":"publish","type":"page","link":"https:\/\/biblian.is\/videy\/salmarnir-129-kafli\/","title":{"rendered":"S\u00e1lmarnir 129. kafli"},"content":{"rendered":"<div class=\"fyrirsognVidey\">Drottinn ey\u00f0ileggur \u00f3gu\u00f0lega.<\/div>\n<p><a name=\"1\"><span class=\"versanumer\">1<\/span><\/a>Uppg\u00f6ngus\u00e1lmur. \u00deeir \u00ferengdu a\u00f0 m\u00e9r n\u00f3gsamlega fr\u00e1 barn\u00e6sku, <span class='VideyAth'>(svo segir \u00cdsrael)<\/span>.<a name=\"2\"><span class=\"versanumer\">2<\/span><\/a>\u00deeir \u00ferengdu a\u00f0 m\u00e9r n\u00f3gsamlega fr\u00e1 m\u00ednum ungd\u00f3mi, og \u00fe\u00f3 g\u00e1tu \u00feeir ekki yfirbuga\u00f0 mig.<a name=\"3\"><span class=\"versanumer\">3<\/span><\/a>\u00c1 m\u00ednu baki pl\u00e6g\u00f0u pl\u00f3gmennirnir, \u00feeir dr\u00f3gu l\u00f6ng s\u00edn pl\u00f3gf\u00f6r.<a name=\"4\"><span class=\"versanumer\">4<\/span><\/a>Drottinn er r\u00e9ttv\u00eds, hann hj\u00f3 \u00e1 reipi hinna \u00f3gu\u00f0legu.<a name=\"5\"><span class=\"versanumer\">5<\/span><\/a>\u00deeir munu sneypast og h\u00f6rfa til baka, allir sem S\u00edon hata.<a name=\"6\"><span class=\"versanumer\">6<\/span><\/a>\u00deeir skulu ver\u00f0a sem gras \u00e1 \u00feekju, er visnar fyrr en nokkur uppr\u00e6tir \u00fea\u00f0,<a name=\"7\"><span class=\"versanumer\">7<\/span><\/a>af hv\u00f6rju sl\u00e1ttuma\u00f0urinn ekki fyllir s\u00edna h\u00f6nd, e\u00f0a bindingama\u00f0urinn sitt fang.<a name=\"8\"><span class=\"versanumer\">8<\/span><\/a>Og \u00feeir sem framhj\u00e1 fara segja ekki: Drottins blessan s\u00e9 yfir y\u00f0ur! v\u00e9r blessum y\u00f0ur \u00ed nafni Drottins!<\/p>\n<div class=\"footnoteVidey\"><\/div>\n","protected":false},"excerpt":{"rendered":"<p>Drottinn ey\u00f0ileggur \u00f3gu\u00f0lega. 1Uppg\u00f6ngus\u00e1lmur. \u00deeir \u00ferengdu a\u00f0 m\u00e9r n\u00f3gsamlega fr\u00e1 barn\u00e6sku, (svo segir \u00cdsrael).2\u00deeir \u00ferengdu a\u00f0 m\u00e9r n\u00f3gsamlega fr\u00e1 m\u00ednum ungd\u00f3mi, og \u00fe\u00f3 g\u00e1tu \u00feeir ekki yfirbuga\u00f0 mig.3\u00c1 m\u00ednu baki pl\u00e6g\u00f0u pl\u00f3gmennirnir, \u00feeir dr\u00f3gu l\u00f6ng s\u00edn pl\u00f3gf\u00f6r.4Drottinn er r\u00e9ttv\u00eds, hann hj\u00f3 \u00e1 reipi hinna \u00f3gu\u00f0legu.5\u00deeir munu sneypast og h\u00f6rfa til baka, allir sem S\u00edon hata.6\u00deeir skulu ver\u00f0a sem gras \u00e1 \u00feekju, er visnar fyrr en nokkur uppr\u00e6tir \u00fea\u00f0,7af hv\u00f6rju sl\u00e1ttuma\u00f0urinn ekki fyllir s\u00edna h\u00f6nd, e\u00f0a bindingama\u00f0urinn sitt fang.8Og \u00feeir sem framhj\u00e1 fara segja ekki: Drottins blessan s\u00e9 yfir y\u00f0ur! v\u00e9r blessum y\u00f0ur \u00ed nafni Drottins!<\/p>\n","protected":false},"author":1,"featured_media":0,"parent":0,"menu_order":0,"comment_status":"open","ping_status":"open","template":"bibliukaflar.php","meta":{"footnotes":""},"class_list":["post-21456","page","type-page","status-publish","hentry"],"_links":{"self":[{"href":"https:\/\/biblian.is\/videy\/wp-json\/wp\/v2\/pages\/21456","targetHints":{"allow":["GET"]}}],"collection":[{"href":"https:\/\/biblian.is\/videy\/wp-json\/wp\/v2\/pages"}],"about":[{"href":"https:\/\/biblian.is\/videy\/wp-json\/wp\/v2\/types\/page"}],"author":[{"embeddable":true,"href":"https:\/\/biblian.is\/videy\/wp-json\/wp\/v2\/users\/1"}],"replies":[{"embeddable":true,"href":"https:\/\/biblian.is\/videy\/wp-json\/wp\/v2\/comments?post=21456"}],"version-history":[{"count":0,"href":"https:\/\/biblian.is\/videy\/wp-json\/wp\/v2\/pages\/21456\/revisions"}],"wp:attachment":[{"href":"https:\/\/biblian.is\/videy\/wp-json\/wp\/v2\/media?parent=21456"}],"curies":[{"name":"wp","href":"https:\/\/api.w.org\/{rel}","templated":true}]}}