{"id":21455,"date":"2018-01-02T01:02:07","date_gmt":"2018-01-02T01:02:07","guid":{"rendered":"http:\/\/biblian.is\/videy\/salmarnir-128-kafli\/"},"modified":"2018-01-02T01:02:07","modified_gmt":"2018-01-02T01:02:07","slug":"salmarnir-128-kafli","status":"publish","type":"page","link":"https:\/\/biblian.is\/videy\/salmarnir-128-kafli\/","title":{"rendered":"S\u00e1lmarnir 128. kafli"},"content":{"rendered":"<div class=\"fyrirsognVidey\">S\u00e6la ens gu\u00f0hr\u00e6dda.<\/div>\n<p><a name=\"1\"><span class=\"versanumer\">1<\/span><\/a>Uppg\u00f6ngus\u00e1lmur. S\u00e6ll er hv\u00f6r s\u00e1 sem \u00f3ttast Drottin, sem gengur \u00e1 hans vegi!<a name=\"2\"><span class=\"versanumer\">2<\/span><\/a>\u00c1v\u00f6xtinn af erfi\u00f0i \u00feinna handa muntu eta. S\u00e6ll ert\u00fa! \u00fe\u00e9r vegnar vel.<a name=\"3\"><span class=\"versanumer\">3<\/span><\/a>\u00de\u00edn kona mun vera sem frj\u00f3vsamt v\u00edntr\u00e9 innst \u00ed \u00fe\u00ednum h\u00edb\u00fdlum; \u00fe\u00edn b\u00f6rn eins og vi\u00f0smj\u00f6rsgreinir kringum \u00feitt bor\u00f0.<a name=\"4\"><span class=\"versanumer\">4<\/span><\/a>Sj\u00e1! \u00feannig mun s\u00e1 ma\u00f0ur blessast, sem \u00f3ttast Drottin.<a name=\"5\"><span class=\"versanumer\">5<\/span><\/a>Drottinn mun blessa \u00feig fr\u00e1 S\u00edon, og \u00fe\u00fa munt sj\u00e1 Jer\u00fasalems velgengni alla daga \u00fe\u00edns l\u00edfs.<a name=\"6\"><span class=\"versanumer\">6<\/span><\/a>\u00de\u00fa munt sj\u00e1 b\u00f6rn \u00feinna barna. Fri\u00f0ur s\u00e9 yfir \u00cdsrael!<\/p>\n<div class=\"footnoteVidey\"><\/div>\n","protected":false},"excerpt":{"rendered":"<p>S\u00e6la ens gu\u00f0hr\u00e6dda. 1Uppg\u00f6ngus\u00e1lmur. S\u00e6ll er hv\u00f6r s\u00e1 sem \u00f3ttast Drottin, sem gengur \u00e1 hans vegi!2\u00c1v\u00f6xtinn af erfi\u00f0i \u00feinna handa muntu eta. S\u00e6ll ert\u00fa! \u00fe\u00e9r vegnar vel.3\u00de\u00edn kona mun vera sem frj\u00f3vsamt v\u00edntr\u00e9 innst \u00ed \u00fe\u00ednum h\u00edb\u00fdlum; \u00fe\u00edn b\u00f6rn eins og vi\u00f0smj\u00f6rsgreinir kringum \u00feitt bor\u00f0.4Sj\u00e1! \u00feannig mun s\u00e1 ma\u00f0ur blessast, sem \u00f3ttast Drottin.5Drottinn mun blessa \u00feig fr\u00e1 S\u00edon, og \u00fe\u00fa munt sj\u00e1 Jer\u00fasalems velgengni alla daga \u00fe\u00edns l\u00edfs.6\u00de\u00fa munt sj\u00e1 b\u00f6rn \u00feinna barna. Fri\u00f0ur s\u00e9 yfir \u00cdsrael!<\/p>\n","protected":false},"author":1,"featured_media":0,"parent":0,"menu_order":0,"comment_status":"open","ping_status":"open","template":"bibliukaflar.php","meta":{"footnotes":""},"class_list":["post-21455","page","type-page","status-publish","hentry"],"_links":{"self":[{"href":"https:\/\/biblian.is\/videy\/wp-json\/wp\/v2\/pages\/21455","targetHints":{"allow":["GET"]}}],"collection":[{"href":"https:\/\/biblian.is\/videy\/wp-json\/wp\/v2\/pages"}],"about":[{"href":"https:\/\/biblian.is\/videy\/wp-json\/wp\/v2\/types\/page"}],"author":[{"embeddable":true,"href":"https:\/\/biblian.is\/videy\/wp-json\/wp\/v2\/users\/1"}],"replies":[{"embeddable":true,"href":"https:\/\/biblian.is\/videy\/wp-json\/wp\/v2\/comments?post=21455"}],"version-history":[{"count":0,"href":"https:\/\/biblian.is\/videy\/wp-json\/wp\/v2\/pages\/21455\/revisions"}],"wp:attachment":[{"href":"https:\/\/biblian.is\/videy\/wp-json\/wp\/v2\/media?parent=21455"}],"curies":[{"name":"wp","href":"https:\/\/api.w.org\/{rel}","templated":true}]}}