{"id":21453,"date":"2018-01-02T01:02:07","date_gmt":"2018-01-02T01:02:07","guid":{"rendered":"http:\/\/biblian.is\/videy\/salmarnir-126-kafli\/"},"modified":"2018-01-02T01:02:07","modified_gmt":"2018-01-02T01:02:07","slug":"salmarnir-126-kafli","status":"publish","type":"page","link":"https:\/\/biblian.is\/videy\/salmarnir-126-kafli\/","title":{"rendered":"S\u00e1lmarnir 126. kafli"},"content":{"rendered":"<div class=\"fyrirsognVidey\">Gle\u00f0i yfir lausn \u00far \u00fatleg\u00f0inni.<\/div>\n<p><a name=\"1\"><span class=\"versanumer\">1<\/span><\/a>Uppg\u00f6ngus\u00e1lmur. \u00deegar Drottinn f\u00f3r heim me\u00f0 S\u00edons fanga, vorum v\u00e9r sem \u00ed draumi.<a name=\"2\"><span class=\"versanumer\">2<\/span><\/a>\u00de\u00e1 var vor munnur fullur af hl\u00e1tri, og vor tunga full af gle\u00f0is\u00f6ng; \u00fe\u00e1 s\u00f6g\u00f0u menn me\u00f0al \u00fej\u00f3\u00f0anna: mikla hluti hefir Drottinn gj\u00f6rt vi\u00f0 \u00feessa.<a name=\"3\"><span class=\"versanumer\">3<\/span><\/a>J\u00e1, mikla hluti hefir Drottinn gj\u00f6rt vi\u00f0 oss, \u00fev\u00ed erum v\u00e9r gla\u00f0ir.<a name=\"4\"><span class=\"versanumer\">4<\/span><\/a>Drottinn flyttu til baka vora herteknu, eins og \u00fe\u00e1 veitt er l\u00e6kjum \u00e1 \u00feurrlendi.<a name=\"5\"><span class=\"versanumer\">5<\/span><\/a>\u00deeir sem s\u00e1 me\u00f0 t\u00e1rum, munu uppskera me\u00f0 gle\u00f0is\u00f6ng.<a name=\"6\"><span class=\"versanumer\">6<\/span><\/a>Gr\u00e1tandi gengur s\u00e1\u00f0ma\u00f0urinn og ber s\u00e1\u00f0i\u00f0 sem \u00e1 a\u00f0 s\u00e1, en hann kemur aftur me\u00f0 gle\u00f0is\u00f6ng, \u00feegar hann ber heim kornbindinin.<\/p>\n<div class=\"footnoteVidey\"><\/div>\n","protected":false},"excerpt":{"rendered":"<p>Gle\u00f0i yfir lausn \u00far \u00fatleg\u00f0inni. 1Uppg\u00f6ngus\u00e1lmur. \u00deegar Drottinn f\u00f3r heim me\u00f0 S\u00edons fanga, vorum v\u00e9r sem \u00ed draumi.2\u00de\u00e1 var vor munnur fullur af hl\u00e1tri, og vor tunga full af gle\u00f0is\u00f6ng; \u00fe\u00e1 s\u00f6g\u00f0u menn me\u00f0al \u00fej\u00f3\u00f0anna: mikla hluti hefir Drottinn gj\u00f6rt vi\u00f0 \u00feessa.3J\u00e1, mikla hluti hefir Drottinn gj\u00f6rt vi\u00f0 oss, \u00fev\u00ed erum v\u00e9r gla\u00f0ir.4Drottinn flyttu til baka vora herteknu, eins og \u00fe\u00e1 veitt er l\u00e6kjum \u00e1 \u00feurrlendi.5\u00deeir sem s\u00e1 me\u00f0 t\u00e1rum, munu uppskera me\u00f0 gle\u00f0is\u00f6ng.6Gr\u00e1tandi gengur s\u00e1\u00f0ma\u00f0urinn og ber s\u00e1\u00f0i\u00f0 sem \u00e1 a\u00f0 s\u00e1, en hann kemur aftur me\u00f0 gle\u00f0is\u00f6ng, \u00feegar hann ber heim kornbindinin.<\/p>\n","protected":false},"author":1,"featured_media":0,"parent":0,"menu_order":0,"comment_status":"open","ping_status":"open","template":"bibliukaflar.php","meta":{"footnotes":""},"class_list":["post-21453","page","type-page","status-publish","hentry"],"_links":{"self":[{"href":"https:\/\/biblian.is\/videy\/wp-json\/wp\/v2\/pages\/21453","targetHints":{"allow":["GET"]}}],"collection":[{"href":"https:\/\/biblian.is\/videy\/wp-json\/wp\/v2\/pages"}],"about":[{"href":"https:\/\/biblian.is\/videy\/wp-json\/wp\/v2\/types\/page"}],"author":[{"embeddable":true,"href":"https:\/\/biblian.is\/videy\/wp-json\/wp\/v2\/users\/1"}],"replies":[{"embeddable":true,"href":"https:\/\/biblian.is\/videy\/wp-json\/wp\/v2\/comments?post=21453"}],"version-history":[{"count":0,"href":"https:\/\/biblian.is\/videy\/wp-json\/wp\/v2\/pages\/21453\/revisions"}],"wp:attachment":[{"href":"https:\/\/biblian.is\/videy\/wp-json\/wp\/v2\/media?parent=21453"}],"curies":[{"name":"wp","href":"https:\/\/api.w.org\/{rel}","templated":true}]}}