{"id":21452,"date":"2018-01-02T01:02:07","date_gmt":"2018-01-02T01:02:07","guid":{"rendered":"http:\/\/biblian.is\/videy\/salmarnir-125-kafli\/"},"modified":"2018-01-02T01:02:07","modified_gmt":"2018-01-02T01:02:07","slug":"salmarnir-125-kafli","status":"publish","type":"page","link":"https:\/\/biblian.is\/videy\/salmarnir-125-kafli\/","title":{"rendered":"S\u00e1lmarnir 125. kafli"},"content":{"rendered":"<div class=\"fyrirsognVidey\">Tr\u00faartraust \u00e1 Drottni.<\/div>\n<p><a name=\"1\"><span class=\"versanumer\">1<\/span><\/a>Uppg\u00f6ngus\u00e1lmur. \u00deeir sem rei\u00f0a sig \u00e1 Drottin eru eins og S\u00edonsfjall sem ekki bifast, heldur stendur eil\u00edflega.<a name=\"2\"><span class=\"versanumer\">2<\/span><\/a>Allt \u00ed kringum Jer\u00fasalem eru fj\u00f6ll, svolei\u00f0is er Drottinn allt \u00ed kringum sitt f\u00f3lk, fr\u00e1 \u00fev\u00ed n\u00fa og til eil\u00edfrar t\u00ed\u00f0ar.<a name=\"3\"><span class=\"versanumer\">3<\/span><\/a>\u00dev\u00ed veldissp\u00edra \u00f3gu\u00f0legleikans skal ekki hv\u00edla yfir hlutdeild hinna r\u00e1\u00f0v\u00f6ndu, til \u00feess a\u00f0 hinir r\u00e1\u00f0v\u00f6ndu \u00fatr\u00e9tti ekki s\u00ednar hendur til ranginda.<a name=\"4\"><span class=\"versanumer\">4<\/span><\/a>Drottinn gj\u00f6r vel vi\u00f0 \u00fe\u00e1 g\u00f3\u00f0u og \u00fe\u00e1 fr\u00f3mhj\u00f6rtu\u00f0u.<a name=\"5\"><span class=\"versanumer\">5<\/span><\/a>En hina sem beygja af lei\u00f0 \u00e1 kr\u00f3k\u00f3tta vegu, mun Drottinn l\u00e1ta fara \u00e1samt me\u00f0 \u00feeim, sem rangindi a\u00f0hafast. Fri\u00f0ur s\u00e9 yfir \u00cdsrael!<\/p>\n<div class=\"footnoteVidey\"><\/div>\n","protected":false},"excerpt":{"rendered":"<p>Tr\u00faartraust \u00e1 Drottni. 1Uppg\u00f6ngus\u00e1lmur. \u00deeir sem rei\u00f0a sig \u00e1 Drottin eru eins og S\u00edonsfjall sem ekki bifast, heldur stendur eil\u00edflega.2Allt \u00ed kringum Jer\u00fasalem eru fj\u00f6ll, svolei\u00f0is er Drottinn allt \u00ed kringum sitt f\u00f3lk, fr\u00e1 \u00fev\u00ed n\u00fa og til eil\u00edfrar t\u00ed\u00f0ar.3\u00dev\u00ed veldissp\u00edra \u00f3gu\u00f0legleikans skal ekki hv\u00edla yfir hlutdeild hinna r\u00e1\u00f0v\u00f6ndu, til \u00feess a\u00f0 hinir r\u00e1\u00f0v\u00f6ndu \u00fatr\u00e9tti ekki s\u00ednar hendur til ranginda.4Drottinn gj\u00f6r vel vi\u00f0 \u00fe\u00e1 g\u00f3\u00f0u og \u00fe\u00e1 fr\u00f3mhj\u00f6rtu\u00f0u.5En hina sem beygja af lei\u00f0 \u00e1 kr\u00f3k\u00f3tta vegu, mun Drottinn l\u00e1ta fara \u00e1samt me\u00f0 \u00feeim, sem rangindi a\u00f0hafast. Fri\u00f0ur s\u00e9 yfir \u00cdsrael!<\/p>\n","protected":false},"author":1,"featured_media":0,"parent":0,"menu_order":0,"comment_status":"open","ping_status":"open","template":"bibliukaflar.php","meta":{"footnotes":""},"class_list":["post-21452","page","type-page","status-publish","hentry"],"_links":{"self":[{"href":"https:\/\/biblian.is\/videy\/wp-json\/wp\/v2\/pages\/21452","targetHints":{"allow":["GET"]}}],"collection":[{"href":"https:\/\/biblian.is\/videy\/wp-json\/wp\/v2\/pages"}],"about":[{"href":"https:\/\/biblian.is\/videy\/wp-json\/wp\/v2\/types\/page"}],"author":[{"embeddable":true,"href":"https:\/\/biblian.is\/videy\/wp-json\/wp\/v2\/users\/1"}],"replies":[{"embeddable":true,"href":"https:\/\/biblian.is\/videy\/wp-json\/wp\/v2\/comments?post=21452"}],"version-history":[{"count":0,"href":"https:\/\/biblian.is\/videy\/wp-json\/wp\/v2\/pages\/21452\/revisions"}],"wp:attachment":[{"href":"https:\/\/biblian.is\/videy\/wp-json\/wp\/v2\/media?parent=21452"}],"curies":[{"name":"wp","href":"https:\/\/api.w.org\/{rel}","templated":true}]}}