{"id":21449,"date":"2018-01-02T01:02:00","date_gmt":"2018-01-02T01:02:00","guid":{"rendered":"http:\/\/biblian.is\/videy\/salmarnir-122-kafli\/"},"modified":"2018-01-02T01:02:00","modified_gmt":"2018-01-02T01:02:00","slug":"salmarnir-122-kafli","status":"publish","type":"page","link":"https:\/\/biblian.is\/videy\/salmarnir-122-kafli\/","title":{"rendered":"S\u00e1lmarnir 122. kafli"},"content":{"rendered":"<div class=\"fyrirsognVidey\">Gle\u00f0i yfir a\u00f0 koma til Jer\u00fasalem.<\/div>\n<p><a name=\"1\"><span class=\"versanumer\">1<\/span><\/a>St\u00edgandi s\u00e1lmur af Dav\u00ed\u00f0. Gla\u00f0ur ver\u00f0 eg \u00feegar \u00feeir segja vi\u00f0 mig: l\u00e1tum oss ganga \u00ed h\u00fas Drottins.<a name=\"2\"><span class=\"versanumer\">2<\/span><\/a>Vorir f\u00e6tur eru <span class='VideyAth'>(n\u00fa \u00feegar)<\/span> \u00ed \u00fe\u00ednum portum Jer\u00fasalem.<a name=\"3\"><span class=\"versanumer\">3<\/span><\/a>Jer\u00fasalem, \u00fe\u00fa velbygg\u00f0a, sem borg samtengd.<a name=\"4\"><span class=\"versanumer\">4<\/span><\/a>\u00deanga\u00f0 fara kynkv\u00edslirnar, Drottins kynkv\u00edslir, \u00fea\u00f0 eru l\u00f6g fyrir \u00cdsrael, til a\u00f0 pr\u00edsa nafni\u00f0 Drottins.<a name=\"5\"><span class=\"versanumer\">5<\/span><\/a>\u00dev\u00ed \u00fear standa d\u00f3mst\u00f3lar, Dav\u00ed\u00f0s h\u00fass st\u00f3lar.<a name=\"6\"><span class=\"versanumer\">6<\/span><\/a>\u00d3ski\u00f0 Jer\u00fasalem heilla! hafi \u00feeir lukku, sem elska \u00feig.<a name=\"7\"><span class=\"versanumer\">7<\/span><\/a>Fri\u00f0ur s\u00e9 innan \u00feinna veggja, r\u00f3semi \u00ed \u00fe\u00ednum h\u00f6llum,<a name=\"8\"><span class=\"versanumer\">8<\/span><\/a>fyrir vina minna og br\u00e6\u00f0ra sakir, segi eg: fri\u00f0ur s\u00e9 me\u00f0 \u00fe\u00e9r!<a name=\"9\"><span class=\"versanumer\">9<\/span><\/a>fyrir sakir h\u00fassins vors Drottins, vors Gu\u00f0s, vil eg leita \u00fe\u00edns besta, <span class='VideyAth'>(\u00f3ska \u00fe\u00e9r g\u00f3\u00f0s)<\/span>.<\/p>\n<div class=\"footnoteVidey\"><\/div>\n","protected":false},"excerpt":{"rendered":"<p>Gle\u00f0i yfir a\u00f0 koma til Jer\u00fasalem. 1St\u00edgandi s\u00e1lmur af Dav\u00ed\u00f0. Gla\u00f0ur ver\u00f0 eg \u00feegar \u00feeir segja vi\u00f0 mig: l\u00e1tum oss ganga \u00ed h\u00fas Drottins.2Vorir f\u00e6tur eru (n\u00fa \u00feegar) \u00ed \u00fe\u00ednum portum Jer\u00fasalem.3Jer\u00fasalem, \u00fe\u00fa velbygg\u00f0a, sem borg samtengd.4\u00deanga\u00f0 fara kynkv\u00edslirnar, Drottins kynkv\u00edslir, \u00fea\u00f0 eru l\u00f6g fyrir \u00cdsrael, til a\u00f0 pr\u00edsa nafni\u00f0 Drottins.5\u00dev\u00ed \u00fear standa d\u00f3mst\u00f3lar, Dav\u00ed\u00f0s h\u00fass st\u00f3lar.6\u00d3ski\u00f0 Jer\u00fasalem heilla! hafi \u00feeir lukku, sem elska \u00feig.7Fri\u00f0ur s\u00e9 innan \u00feinna veggja, r\u00f3semi \u00ed \u00fe\u00ednum h\u00f6llum,8fyrir vina minna og br\u00e6\u00f0ra sakir, segi eg: fri\u00f0ur s\u00e9 me\u00f0 \u00fe\u00e9r!9fyrir sakir h\u00fassins vors Drottins, vors Gu\u00f0s, vil eg leita \u00fe\u00edns besta, (\u00f3ska \u00fe\u00e9r g\u00f3\u00f0s).<\/p>\n","protected":false},"author":1,"featured_media":0,"parent":0,"menu_order":0,"comment_status":"open","ping_status":"open","template":"bibliukaflar.php","meta":{"footnotes":""},"class_list":["post-21449","page","type-page","status-publish","hentry"],"_links":{"self":[{"href":"https:\/\/biblian.is\/videy\/wp-json\/wp\/v2\/pages\/21449","targetHints":{"allow":["GET"]}}],"collection":[{"href":"https:\/\/biblian.is\/videy\/wp-json\/wp\/v2\/pages"}],"about":[{"href":"https:\/\/biblian.is\/videy\/wp-json\/wp\/v2\/types\/page"}],"author":[{"embeddable":true,"href":"https:\/\/biblian.is\/videy\/wp-json\/wp\/v2\/users\/1"}],"replies":[{"embeddable":true,"href":"https:\/\/biblian.is\/videy\/wp-json\/wp\/v2\/comments?post=21449"}],"version-history":[{"count":0,"href":"https:\/\/biblian.is\/videy\/wp-json\/wp\/v2\/pages\/21449\/revisions"}],"wp:attachment":[{"href":"https:\/\/biblian.is\/videy\/wp-json\/wp\/v2\/media?parent=21449"}],"curies":[{"name":"wp","href":"https:\/\/api.w.org\/{rel}","templated":true}]}}