{"id":21448,"date":"2018-01-02T01:02:00","date_gmt":"2018-01-02T01:02:00","guid":{"rendered":"http:\/\/biblian.is\/videy\/salmarnir-121-kafli\/"},"modified":"2018-01-02T01:02:00","modified_gmt":"2018-01-02T01:02:00","slug":"salmarnir-121-kafli","status":"publish","type":"page","link":"https:\/\/biblian.is\/videy\/salmarnir-121-kafli\/","title":{"rendered":"S\u00e1lmarnir 121. kafli"},"content":{"rendered":"<div class=\"fyrirsognVidey\">Von um Drottins li\u00f0sinni.<\/div>\n<p><a name=\"1\"><span class=\"versanumer\">1<\/span><\/a>St\u00edgandi s\u00e1lmur. Eg lyfti m\u00ednum augum til fjallanna, hva\u00f0an m\u00edn hj\u00e1lp mun koma.<a name=\"2\"><span class=\"versanumer\">2<\/span><\/a>M\u00edn hj\u00e1lp kemur fr\u00e1 Drottni, sem gj\u00f6r\u00f0i himin og j\u00f6r\u00f0.<a name=\"3\"><span class=\"versanumer\">3<\/span><\/a>Hann mun ekki l\u00e1ta \u00feinn f\u00f3t rasa, hann \u00feinn vaktara syfjar ekki,<a name=\"4\"><span class=\"versanumer\">4<\/span><\/a>sj\u00e1! hann sofnar ekki, \u00cdsraels vaktari sefur ekki.<a name=\"5\"><span class=\"versanumer\">5<\/span><\/a>Drottinn er s\u00e1 sem vaktar \u00feig, Drottinn er \u00fe\u00edn hl\u00edf, hann er \u00fe\u00e9r til h\u00e6gri handar.<a name=\"6\"><span class=\"versanumer\">6<\/span><\/a>\u00c1 daginn mun s\u00f3lin ekki lj\u00f3sta \u00feig, og ekki tungli\u00f0 \u00e1 n\u00f3ttunni.<a name=\"7\"><span class=\"versanumer\">7<\/span><\/a>Drottinn mun var\u00f0veita \u00feig fr\u00e1 \u00f6llu illu, hann mun geyma \u00fe\u00edna s\u00e1l.<a name=\"8\"><span class=\"versanumer\">8<\/span><\/a>Drottinn mun var\u00f0veita \u00feinn inngang og \u00fatgang fr\u00e1 \u00fev\u00ed n\u00fa er og til eil\u00edfrar t\u00ed\u00f0ar!<\/p>\n<div class=\"footnoteVidey\"><\/div>\n","protected":false},"excerpt":{"rendered":"<p>Von um Drottins li\u00f0sinni. 1St\u00edgandi s\u00e1lmur. Eg lyfti m\u00ednum augum til fjallanna, hva\u00f0an m\u00edn hj\u00e1lp mun koma.2M\u00edn hj\u00e1lp kemur fr\u00e1 Drottni, sem gj\u00f6r\u00f0i himin og j\u00f6r\u00f0.3Hann mun ekki l\u00e1ta \u00feinn f\u00f3t rasa, hann \u00feinn vaktara syfjar ekki,4sj\u00e1! hann sofnar ekki, \u00cdsraels vaktari sefur ekki.5Drottinn er s\u00e1 sem vaktar \u00feig, Drottinn er \u00fe\u00edn hl\u00edf, hann er \u00fe\u00e9r til h\u00e6gri handar.6\u00c1 daginn mun s\u00f3lin ekki lj\u00f3sta \u00feig, og ekki tungli\u00f0 \u00e1 n\u00f3ttunni.7Drottinn mun var\u00f0veita \u00feig fr\u00e1 \u00f6llu illu, hann mun geyma \u00fe\u00edna s\u00e1l.8Drottinn mun var\u00f0veita \u00feinn inngang og \u00fatgang fr\u00e1 \u00fev\u00ed n\u00fa er og til eil\u00edfrar t\u00ed\u00f0ar!<\/p>\n","protected":false},"author":1,"featured_media":0,"parent":0,"menu_order":0,"comment_status":"open","ping_status":"open","template":"bibliukaflar.php","meta":{"footnotes":""},"class_list":["post-21448","page","type-page","status-publish","hentry"],"_links":{"self":[{"href":"https:\/\/biblian.is\/videy\/wp-json\/wp\/v2\/pages\/21448","targetHints":{"allow":["GET"]}}],"collection":[{"href":"https:\/\/biblian.is\/videy\/wp-json\/wp\/v2\/pages"}],"about":[{"href":"https:\/\/biblian.is\/videy\/wp-json\/wp\/v2\/types\/page"}],"author":[{"embeddable":true,"href":"https:\/\/biblian.is\/videy\/wp-json\/wp\/v2\/users\/1"}],"replies":[{"embeddable":true,"href":"https:\/\/biblian.is\/videy\/wp-json\/wp\/v2\/comments?post=21448"}],"version-history":[{"count":0,"href":"https:\/\/biblian.is\/videy\/wp-json\/wp\/v2\/pages\/21448\/revisions"}],"wp:attachment":[{"href":"https:\/\/biblian.is\/videy\/wp-json\/wp\/v2\/media?parent=21448"}],"curies":[{"name":"wp","href":"https:\/\/api.w.org\/{rel}","templated":true}]}}