{"id":21443,"date":"2018-01-02T01:02:00","date_gmt":"2018-01-02T01:02:00","guid":{"rendered":"http:\/\/biblian.is\/videy\/salmarnir-116-kafli\/"},"modified":"2018-01-02T01:02:00","modified_gmt":"2018-01-02T01:02:00","slug":"salmarnir-116-kafli","status":"publish","type":"page","link":"https:\/\/biblian.is\/videy\/salmarnir-116-kafli\/","title":{"rendered":"S\u00e1lmarnir 116. kafli"},"content":{"rendered":"<div class=\"fyrirsognVidey\">\u00deakkargj\u00f6r\u00f0 fyrir li\u00f0sinni.<\/div>\n<p><a name=\"1\"><span class=\"versanumer\">1<\/span><\/a>Hv\u00f6rsu gle\u00f0ur \u00fea\u00f0 mig a\u00f0 Drottinn heyrir m\u00edna raust og m\u00edna au\u00f0mj\u00fak b\u00e6n!<a name=\"2\"><span class=\"versanumer\">2<\/span><\/a>\u00fev\u00ed hann hneig\u00f0i sitt eyra til m\u00edn, alla m\u00edna daga vil eg hann \u00e1kalla.<a name=\"3\"><span class=\"versanumer\">3<\/span><\/a>Dau\u00f0ans fj\u00f6trar umspenntu mig, grafarinnar angist var yfir m\u00e9r; eg kenndi til \u00f3tta og hrygg\u00f0ar.<a name=\"4\"><span class=\"versanumer\">4<\/span><\/a>En eg \u00e1kalla\u00f0i nafn Drottins, og sag\u00f0i: Drottinn! frelsa \u00fe\u00fa m\u00edna s\u00e1l!<a name=\"5\"><span class=\"versanumer\">5<\/span><\/a>N\u00e1\u00f0ugur er Drottinn og r\u00e9ttl\u00e1tur, og vor Gu\u00f0 miskunnsamur.<a name=\"6\"><span class=\"versanumer\">6<\/span><\/a>Drottinn var\u00f0veitir \u00fe\u00e1 einf\u00f6ldu. Eg var aumingi hann frelsa\u00f0i mig.<a name=\"7\"><span class=\"versanumer\">7<\/span><\/a>Vertu n\u00fa aftur r\u00f3leg, m\u00edn s\u00e1l! \u00fev\u00ed Drottinn hefir gj\u00f6rt vel vi\u00f0 \u00feig.<a name=\"8\"><span class=\"versanumer\">8<\/span><\/a>\u00dev\u00ed hann frelsa\u00f0i mig fr\u00e1 dau\u00f0anum, mitt auga fr\u00e1 gr\u00e1ti og minn f\u00f3t fr\u00e1 falli.<a name=\"9\"><span class=\"versanumer\">9<\/span><\/a>Eg mun ganga fyrir Drottni \u00e1 landi lifandi manna.<a name=\"10\"><span class=\"versanumer\">10<\/span><\/a>Eg tr\u00fa\u00f0i, \u00fe\u00f3 eg seg\u00f0i: miki\u00f0 ver\u00f0 eg a\u00f0 l\u00ed\u00f0a!<a name=\"11\"><span class=\"versanumer\">11<\/span><\/a>Eg sag\u00f0i \u00fev\u00ed eg var hissa: allir menn breg\u00f0ast.<a name=\"12\"><span class=\"versanumer\">12<\/span><\/a>Hv\u00f6rnig skal eg Drottni endurgjalda fyrir allar hans velgj\u00f6r\u00f0ir vi\u00f0 mig.<a name=\"13\"><span class=\"versanumer\">13<\/span><\/a>Frelsisins bikar vil eg upplyfta <span class='VideyAth'>a)<\/span>, og \u00e1kalla nafni\u00f0 Drottins. <br \/><a name=\"14\"><span class=\"versanumer\">14<\/span><\/a>Mitt heiti vil eg Gu\u00f0i grei\u00f0a \u00ed augs\u00fdn alls f\u00f3lksins.<a name=\"15\"><span class=\"versanumer\">15<\/span><\/a>D\u00fdrm\u00e6tur er fyrir Drottni dau\u00f0i hans heil\u00f6gu.<a name=\"16\"><span class=\"versanumer\">16<\/span><\/a>Heyr mig \u00f3 Drottinn! \u00fev\u00ed eg em \u00feinn \u00fe\u00e9nari, sonur \u00feinnar amb\u00e1ttar, \u00fe\u00fa hefur leyst m\u00edn fj\u00f6tur;<a name=\"17\"><span class=\"versanumer\">17<\/span><\/a>\u00fe\u00e9r vil eg offra \u00feakkarf\u00f3rn og \u00e1kalla Drottins nafn.<a name=\"18\"><span class=\"versanumer\">18<\/span><\/a>Mitt heit vil eg Drottni grei\u00f0a \u00ed alls f\u00f3lksins augs\u00fdn,<a name=\"19\"><span class=\"versanumer\">19<\/span><\/a>\u00ed forgar\u00f0inum vi\u00f0 Drottins h\u00fas, mitt \u00ed \u00fe\u00e9r, Jer\u00fasalem! Lofi\u00f0 Drottin.<\/p>\n<div class=\"footnoteVidey\">V. 13. a. Halda \u00feakkl\u00e6tisveislu \u00ed minning s\u00edns frelsis.<\/div>\n","protected":false},"excerpt":{"rendered":"<p>\u00deakkargj\u00f6r\u00f0 fyrir li\u00f0sinni. 1Hv\u00f6rsu gle\u00f0ur \u00fea\u00f0 mig a\u00f0 Drottinn heyrir m\u00edna raust og m\u00edna au\u00f0mj\u00fak b\u00e6n!2\u00fev\u00ed hann hneig\u00f0i sitt eyra til m\u00edn, alla m\u00edna daga vil eg hann \u00e1kalla.3Dau\u00f0ans fj\u00f6trar umspenntu mig, grafarinnar angist var yfir m\u00e9r; eg kenndi til \u00f3tta og hrygg\u00f0ar.4En eg \u00e1kalla\u00f0i nafn Drottins, og sag\u00f0i: Drottinn! frelsa \u00fe\u00fa m\u00edna s\u00e1l!5N\u00e1\u00f0ugur er Drottinn og r\u00e9ttl\u00e1tur, og vor Gu\u00f0 miskunnsamur.6Drottinn var\u00f0veitir \u00fe\u00e1 einf\u00f6ldu. Eg var aumingi hann frelsa\u00f0i mig.7Vertu n\u00fa aftur r\u00f3leg, m\u00edn s\u00e1l! \u00fev\u00ed Drottinn hefir gj\u00f6rt vel vi\u00f0 \u00feig.8\u00dev\u00ed hann frelsa\u00f0i mig fr\u00e1 dau\u00f0anum, mitt auga fr\u00e1 gr\u00e1ti og minn f\u00f3t fr\u00e1 falli.9Eg mun ganga fyrir <a href=\"https:\/\/biblian.is\/videy\/salmarnir-116-kafli\/\"> [&#8230;]<\/a><\/p>\n","protected":false},"author":1,"featured_media":0,"parent":0,"menu_order":0,"comment_status":"open","ping_status":"open","template":"bibliukaflar.php","meta":{"footnotes":""},"class_list":["post-21443","page","type-page","status-publish","hentry"],"_links":{"self":[{"href":"https:\/\/biblian.is\/videy\/wp-json\/wp\/v2\/pages\/21443","targetHints":{"allow":["GET"]}}],"collection":[{"href":"https:\/\/biblian.is\/videy\/wp-json\/wp\/v2\/pages"}],"about":[{"href":"https:\/\/biblian.is\/videy\/wp-json\/wp\/v2\/types\/page"}],"author":[{"embeddable":true,"href":"https:\/\/biblian.is\/videy\/wp-json\/wp\/v2\/users\/1"}],"replies":[{"embeddable":true,"href":"https:\/\/biblian.is\/videy\/wp-json\/wp\/v2\/comments?post=21443"}],"version-history":[{"count":0,"href":"https:\/\/biblian.is\/videy\/wp-json\/wp\/v2\/pages\/21443\/revisions"}],"wp:attachment":[{"href":"https:\/\/biblian.is\/videy\/wp-json\/wp\/v2\/media?parent=21443"}],"curies":[{"name":"wp","href":"https:\/\/api.w.org\/{rel}","templated":true}]}}