{"id":21442,"date":"2018-01-02T01:02:00","date_gmt":"2018-01-02T01:02:00","guid":{"rendered":"http:\/\/biblian.is\/videy\/salmarnir-115-kafli\/"},"modified":"2018-01-02T01:02:00","modified_gmt":"2018-01-02T01:02:00","slug":"salmarnir-115-kafli","status":"publish","type":"page","link":"https:\/\/biblian.is\/videy\/salmarnir-115-kafli\/","title":{"rendered":"S\u00e1lmarnir 115. kafli"},"content":{"rendered":"<div class=\"fyrirsognVidey\">Drottinn s\u00e1 sanni Gu\u00f0.<\/div>\n<p><a name=\"1\"><span class=\"versanumer\">1<\/span><\/a>Eigi oss, Drottinn! eigi oss, heldur \u00fe\u00ednu nafni s\u00e9 hei\u00f0ur, fyrir sakir \u00feinnar miklu miskunnar og tr\u00fafesti.<a name=\"2\"><span class=\"versanumer\">2<\/span><\/a>Hvar fyrir skyldu \u00fej\u00f3\u00f0irnar segja: hvar er n\u00fa \u00feeirra Gu\u00f0?<a name=\"3\"><span class=\"versanumer\">3<\/span><\/a>Vor Gu\u00f0 er \u00ed himninum, allt hva\u00f0 honum \u00fe\u00f3knast, \u00fea\u00f0 gj\u00f6rir hann. <br \/><a name=\"4\"><span class=\"versanumer\">4<\/span><\/a>\u00deeirra afgu\u00f0ir eru silfur og gull, gj\u00f6r\u00f0ir af manna h\u00f6ndum.<a name=\"5\"><span class=\"versanumer\">5<\/span><\/a>Munn hafa \u00feeir, en geta ekki tala\u00f0; augu hafa \u00feeir, en geta ekki s\u00e9\u00f0,<a name=\"6\"><span class=\"versanumer\">6<\/span><\/a>\u00feeir hafa eyru, en heyra ekki, nasir, en finna enga lykt.<a name=\"7\"><span class=\"versanumer\">7<\/span><\/a>\u00deeir hafa hendur, en geta ekkert me\u00f0 \u00feeim gripi\u00f0; f\u00e6tur hafa \u00feeir, en geta ekki gengi\u00f0, og upp um sinn h\u00e1ls geta \u00feeir ekki or\u00f0i komi\u00f0.<a name=\"8\"><span class=\"versanumer\">8<\/span><\/a>L\u00edkir \u00feeim eru \u00feeir sem gj\u00f6ra \u00fe\u00e1; allir sem \u00e1 \u00fe\u00e1 treysta. <br \/><a name=\"9\"><span class=\"versanumer\">9<\/span><\/a>\u00cdsrael! reiddu \u00feig \u00e1 Drottin, hann er vor hj\u00e1lp og vor skj\u00f6ldur.<a name=\"10\"><span class=\"versanumer\">10<\/span><\/a>Arons h\u00fas, rei\u00f0i\u00f0 y\u00f0ur \u00e1 Drottin! hann er vor hj\u00e1lp og vor skj\u00f6ldur.<a name=\"11\"><span class=\"versanumer\">11<\/span><\/a>\u00de\u00e9r sem \u00f3ttist Drottin, rei\u00f0i\u00f0 y\u00f0ur \u00e1 Drottin. Hann er vor hj\u00e1lp, og vor skj\u00f6ldur.<a name=\"12\"><span class=\"versanumer\">12<\/span><\/a>Drottinn minnist vor, hann blessar oss; hann blessi \u00cdsraels h\u00fas! hann blessi Arons h\u00fas!<a name=\"13\"><span class=\"versanumer\">13<\/span><\/a>Hann mun blessa \u00fe\u00e1 sem \u00f3ttast Drottin, \u00fe\u00e1 sm\u00e1u me\u00f0 \u00feeim st\u00f3ru.<a name=\"14\"><span class=\"versanumer\">14<\/span><\/a>Drottinn mun blessa y\u00f0ur meir og meir, og y\u00f0ar b\u00f6rn.<a name=\"15\"><span class=\"versanumer\">15<\/span><\/a>Blessa\u00f0ir eru\u00f0 \u00fe\u00e9r af Drottni sem hefir gj\u00f6rt himininn og j\u00f6r\u00f0ina.<a name=\"16\"><span class=\"versanumer\">16<\/span><\/a>Himinninn gj\u00f6rvallur er Drottins, en j\u00f6r\u00f0ina hefir hann mannanna b\u00f6rnum gefi\u00f0.<a name=\"17\"><span class=\"versanumer\">17<\/span><\/a>\u00deeir dau\u00f0u geta ei lofa\u00f0 Drottin, ei heldur \u00feeir sem komnir eru \u00ed \u00fe\u00f6gnina.<a name=\"18\"><span class=\"versanumer\">18<\/span><\/a>En v\u00e9r, v\u00e9r viljum lofa Drottin, n\u00fa h\u00e9\u00f0an \u00ed fr\u00e1 og a\u00f0 eil\u00edfu. Lofi\u00f0 Drottin!<\/p>\n<div class=\"footnoteVidey\"><\/div>\n","protected":false},"excerpt":{"rendered":"<p>Drottinn s\u00e1 sanni Gu\u00f0. 1Eigi oss, Drottinn! eigi oss, heldur \u00fe\u00ednu nafni s\u00e9 hei\u00f0ur, fyrir sakir \u00feinnar miklu miskunnar og tr\u00fafesti.2Hvar fyrir skyldu \u00fej\u00f3\u00f0irnar segja: hvar er n\u00fa \u00feeirra Gu\u00f0?3Vor Gu\u00f0 er \u00ed himninum, allt hva\u00f0 honum \u00fe\u00f3knast, \u00fea\u00f0 gj\u00f6rir hann. 4\u00deeirra afgu\u00f0ir eru silfur og gull, gj\u00f6r\u00f0ir af manna h\u00f6ndum.5Munn hafa \u00feeir, en geta ekki tala\u00f0; augu hafa \u00feeir, en geta ekki s\u00e9\u00f0,6\u00feeir hafa eyru, en heyra ekki, nasir, en finna enga lykt.7\u00deeir hafa hendur, en geta ekkert me\u00f0 \u00feeim gripi\u00f0; f\u00e6tur hafa \u00feeir, en geta ekki gengi\u00f0, og upp um sinn h\u00e1ls geta \u00feeir ekki or\u00f0i komi\u00f0.8L\u00edkir \u00feeim <a href=\"https:\/\/biblian.is\/videy\/salmarnir-115-kafli\/\"> [&#8230;]<\/a><\/p>\n","protected":false},"author":1,"featured_media":0,"parent":0,"menu_order":0,"comment_status":"open","ping_status":"open","template":"bibliukaflar.php","meta":{"footnotes":""},"class_list":["post-21442","page","type-page","status-publish","hentry"],"_links":{"self":[{"href":"https:\/\/biblian.is\/videy\/wp-json\/wp\/v2\/pages\/21442","targetHints":{"allow":["GET"]}}],"collection":[{"href":"https:\/\/biblian.is\/videy\/wp-json\/wp\/v2\/pages"}],"about":[{"href":"https:\/\/biblian.is\/videy\/wp-json\/wp\/v2\/types\/page"}],"author":[{"embeddable":true,"href":"https:\/\/biblian.is\/videy\/wp-json\/wp\/v2\/users\/1"}],"replies":[{"embeddable":true,"href":"https:\/\/biblian.is\/videy\/wp-json\/wp\/v2\/comments?post=21442"}],"version-history":[{"count":0,"href":"https:\/\/biblian.is\/videy\/wp-json\/wp\/v2\/pages\/21442\/revisions"}],"wp:attachment":[{"href":"https:\/\/biblian.is\/videy\/wp-json\/wp\/v2\/media?parent=21442"}],"curies":[{"name":"wp","href":"https:\/\/api.w.org\/{rel}","templated":true}]}}