{"id":21440,"date":"2018-01-02T01:02:00","date_gmt":"2018-01-02T01:02:00","guid":{"rendered":"http:\/\/biblian.is\/videy\/salmarnir-113-kafli\/"},"modified":"2018-01-02T01:02:00","modified_gmt":"2018-01-02T01:02:00","slug":"salmarnir-113-kafli","status":"publish","type":"page","link":"https:\/\/biblian.is\/videy\/salmarnir-113-kafli\/","title":{"rendered":"S\u00e1lmarnir 113. kafli"},"content":{"rendered":"<div class=\"fyrirsognVidey\">Lofgj\u00f6r\u00f0 Drottins.<\/div>\n<p><a name=\"1\"><span class=\"versanumer\">1<\/span><\/a>Lofi\u00f0 Gu\u00f0! lofi\u00f0 \u00fe\u00e9r Drottins \u00fe\u00e9narar! lofi\u00f0 Drottins nafn!<a name=\"2\"><span class=\"versanumer\">2<\/span><\/a>Lofa\u00f0 s\u00e9 nafni\u00f0 Drottins, h\u00e9\u00f0an \u00ed fr\u00e1 og a\u00f0 eil\u00edfu.<a name=\"3\"><span class=\"versanumer\">3<\/span><\/a>\u00cd fr\u00e1 s\u00f3larinnar uppg\u00f6ngu og allt til hennar ni\u00f0urg\u00f6ngu s\u00e9 nafni\u00f0 Drottins vegsama\u00f0.<a name=\"4\"><span class=\"versanumer\">4<\/span><\/a>Drottinn er upphafinn yfir allar \u00fej\u00f3\u00f0ir, yfir himnana hans d\u00fdr\u00f0.<a name=\"5\"><span class=\"versanumer\">5<\/span><\/a>Hv\u00f6r er sem Drottinn vor Gu\u00f0, sem b\u00fdr h\u00e1tt,<a name=\"6\"><span class=\"versanumer\">6<\/span><\/a>sem l\u00edtur l\u00e1gt \u00e1 himnana og \u00e1 j\u00f6r\u00f0ina,<a name=\"7\"><span class=\"versanumer\">7<\/span><\/a>sem upphefur \u00feann au\u00f0vir\u00f0ilega \u00far duftinu, og upplyftir \u00feeim f\u00e1t\u00e6ka \u00far saurnum,<a name=\"8\"><span class=\"versanumer\">8<\/span><\/a>til a\u00f0 setja hann hj\u00e1 furstunum, hj\u00e1 furstum s\u00edns f\u00f3lks<a name=\"9\"><span class=\"versanumer\">9<\/span><\/a>sem l\u00e6tur \u00fe\u00e1 \u00f3frj\u00f3vs\u00f6mu b\u00faa \u00ed h\u00fasinu, sem gla\u00f0a barnam\u00f3\u00f0ur. Lofi\u00f0 Drottin!<\/p>\n<div class=\"footnoteVidey\"><\/div>\n","protected":false},"excerpt":{"rendered":"<p>Lofgj\u00f6r\u00f0 Drottins. 1Lofi\u00f0 Gu\u00f0! lofi\u00f0 \u00fe\u00e9r Drottins \u00fe\u00e9narar! lofi\u00f0 Drottins nafn!2Lofa\u00f0 s\u00e9 nafni\u00f0 Drottins, h\u00e9\u00f0an \u00ed fr\u00e1 og a\u00f0 eil\u00edfu.3\u00cd fr\u00e1 s\u00f3larinnar uppg\u00f6ngu og allt til hennar ni\u00f0urg\u00f6ngu s\u00e9 nafni\u00f0 Drottins vegsama\u00f0.4Drottinn er upphafinn yfir allar \u00fej\u00f3\u00f0ir, yfir himnana hans d\u00fdr\u00f0.5Hv\u00f6r er sem Drottinn vor Gu\u00f0, sem b\u00fdr h\u00e1tt,6sem l\u00edtur l\u00e1gt \u00e1 himnana og \u00e1 j\u00f6r\u00f0ina,7sem upphefur \u00feann au\u00f0vir\u00f0ilega \u00far duftinu, og upplyftir \u00feeim f\u00e1t\u00e6ka \u00far saurnum,8til a\u00f0 setja hann hj\u00e1 furstunum, hj\u00e1 furstum s\u00edns f\u00f3lks9sem l\u00e6tur \u00fe\u00e1 \u00f3frj\u00f3vs\u00f6mu b\u00faa \u00ed h\u00fasinu, sem gla\u00f0a barnam\u00f3\u00f0ur. Lofi\u00f0 Drottin!<\/p>\n","protected":false},"author":1,"featured_media":0,"parent":0,"menu_order":0,"comment_status":"open","ping_status":"open","template":"bibliukaflar.php","meta":{"footnotes":""},"class_list":["post-21440","page","type-page","status-publish","hentry"],"_links":{"self":[{"href":"https:\/\/biblian.is\/videy\/wp-json\/wp\/v2\/pages\/21440","targetHints":{"allow":["GET"]}}],"collection":[{"href":"https:\/\/biblian.is\/videy\/wp-json\/wp\/v2\/pages"}],"about":[{"href":"https:\/\/biblian.is\/videy\/wp-json\/wp\/v2\/types\/page"}],"author":[{"embeddable":true,"href":"https:\/\/biblian.is\/videy\/wp-json\/wp\/v2\/users\/1"}],"replies":[{"embeddable":true,"href":"https:\/\/biblian.is\/videy\/wp-json\/wp\/v2\/comments?post=21440"}],"version-history":[{"count":0,"href":"https:\/\/biblian.is\/videy\/wp-json\/wp\/v2\/pages\/21440\/revisions"}],"wp:attachment":[{"href":"https:\/\/biblian.is\/videy\/wp-json\/wp\/v2\/media?parent=21440"}],"curies":[{"name":"wp","href":"https:\/\/api.w.org\/{rel}","templated":true}]}}