{"id":21439,"date":"2018-01-02T01:02:00","date_gmt":"2018-01-02T01:02:00","guid":{"rendered":"http:\/\/biblian.is\/videy\/salmarnir-112-kafli\/"},"modified":"2018-01-02T01:02:00","modified_gmt":"2018-01-02T01:02:00","slug":"salmarnir-112-kafli","status":"publish","type":"page","link":"https:\/\/biblian.is\/videy\/salmarnir-112-kafli\/","title":{"rendered":"S\u00e1lmarnir 112. kafli"},"content":{"rendered":"<div class=\"fyrirsognVidey\">Hr\u00f3s hinna gu\u00f0hr\u00e6ddu.<\/div>\n<p><a name=\"1\"><span class=\"versanumer\">1<\/span><\/a>Lofi\u00f0 Gu\u00f0! S\u00e6ll er s\u00e1 ma\u00f0ur sem \u00f3ttast Drottin, sem finnur mikinn f\u00f6gnu\u00f0 \u00ed hans bo\u00f0or\u00f0um.<a name=\"2\"><span class=\"versanumer\">2<\/span><\/a>Voldugir munu hans ni\u00f0jar ver\u00f0a \u00e1 j\u00f6r\u00f0unni, \u00e6tt hinna hreinskilnu mun blessast.<a name=\"3\"><span class=\"versanumer\">3<\/span><\/a>N\u00e6gtir og au\u00f0\u00e6fi munu vera \u00ed \u00feeirra h\u00fasum, og \u00feeirra r\u00e9ttv\u00edsi varir \u00e6t\u00ed\u00f0.<a name=\"4\"><span class=\"versanumer\">4<\/span><\/a>\u00deeim r\u00e1\u00f0v\u00f6ndu upprennur lj\u00f3s \u00ed myrkri.<a name=\"5\"><span class=\"versanumer\">5<\/span><\/a>Vel s\u00e9 \u00feeim manni sem miskunnar og l\u00e1nar, og gegnir sinni s\u00fdslan me\u00f0 r\u00e9ttv\u00edsi.<a name=\"6\"><span class=\"versanumer\">6<\/span><\/a>\u00dev\u00ed hann mun ekki bifast a\u00f0 eil\u00edfu. \u00deess r\u00e9ttl\u00e1ta mun \u00e1vallt minnst ver\u00f0a.<a name=\"7\"><span class=\"versanumer\">7<\/span><\/a>Ill t\u00ed\u00f0indi mun hann ekki hr\u00e6\u00f0ast; hans hjarta er r\u00f3legt; hann rei\u00f0ir sig \u00e1 Drottin.<a name=\"8\"><span class=\"versanumer\">8<\/span><\/a>Hans hjarta hefur v\u00edgi, hann mun ekkert hr\u00e6\u00f0ast, \u00feanga\u00f0 til hann s\u00e9r sinn f\u00f6gnu\u00f0 \u00e1 s\u00ednum \u00f3vinum.<a name=\"9\"><span class=\"versanumer\">9<\/span><\/a>Hann \u00fatb\u00fdtir, hann gefur \u00feeim f\u00e1t\u00e6ku, hans r\u00e9ttl\u00e6ti varir \u00e6t\u00ed\u00f0, hans h\u00f6fu\u00f0 mun me\u00f0 vegsemd upphefjast. <br \/><a name=\"10\"><span class=\"versanumer\">10<\/span><\/a>Hinn \u00f3gu\u00f0legi mun sj\u00e1 \u00fea\u00f0 og illskast, hann mun n\u00edsta t\u00f6nnum og f\u00e1 \u00ed sig uppdr\u00e1tt. \u00d3sk \u00feeirra \u00f3gu\u00f0legu tapast.<\/p>\n<div class=\"footnoteVidey\"><\/div>\n","protected":false},"excerpt":{"rendered":"<p>Hr\u00f3s hinna gu\u00f0hr\u00e6ddu. 1Lofi\u00f0 Gu\u00f0! S\u00e6ll er s\u00e1 ma\u00f0ur sem \u00f3ttast Drottin, sem finnur mikinn f\u00f6gnu\u00f0 \u00ed hans bo\u00f0or\u00f0um.2Voldugir munu hans ni\u00f0jar ver\u00f0a \u00e1 j\u00f6r\u00f0unni, \u00e6tt hinna hreinskilnu mun blessast.3N\u00e6gtir og au\u00f0\u00e6fi munu vera \u00ed \u00feeirra h\u00fasum, og \u00feeirra r\u00e9ttv\u00edsi varir \u00e6t\u00ed\u00f0.4\u00deeim r\u00e1\u00f0v\u00f6ndu upprennur lj\u00f3s \u00ed myrkri.5Vel s\u00e9 \u00feeim manni sem miskunnar og l\u00e1nar, og gegnir sinni s\u00fdslan me\u00f0 r\u00e9ttv\u00edsi.6\u00dev\u00ed hann mun ekki bifast a\u00f0 eil\u00edfu. \u00deess r\u00e9ttl\u00e1ta mun \u00e1vallt minnst ver\u00f0a.7Ill t\u00ed\u00f0indi mun hann ekki hr\u00e6\u00f0ast; hans hjarta er r\u00f3legt; hann rei\u00f0ir sig \u00e1 Drottin.8Hans hjarta hefur v\u00edgi, hann mun ekkert hr\u00e6\u00f0ast, \u00feanga\u00f0 til hann s\u00e9r sinn f\u00f6gnu\u00f0 \u00e1 <a href=\"https:\/\/biblian.is\/videy\/salmarnir-112-kafli\/\"> [&#8230;]<\/a><\/p>\n","protected":false},"author":1,"featured_media":0,"parent":0,"menu_order":0,"comment_status":"open","ping_status":"open","template":"bibliukaflar.php","meta":{"footnotes":""},"class_list":["post-21439","page","type-page","status-publish","hentry"],"_links":{"self":[{"href":"https:\/\/biblian.is\/videy\/wp-json\/wp\/v2\/pages\/21439","targetHints":{"allow":["GET"]}}],"collection":[{"href":"https:\/\/biblian.is\/videy\/wp-json\/wp\/v2\/pages"}],"about":[{"href":"https:\/\/biblian.is\/videy\/wp-json\/wp\/v2\/types\/page"}],"author":[{"embeddable":true,"href":"https:\/\/biblian.is\/videy\/wp-json\/wp\/v2\/users\/1"}],"replies":[{"embeddable":true,"href":"https:\/\/biblian.is\/videy\/wp-json\/wp\/v2\/comments?post=21439"}],"version-history":[{"count":0,"href":"https:\/\/biblian.is\/videy\/wp-json\/wp\/v2\/pages\/21439\/revisions"}],"wp:attachment":[{"href":"https:\/\/biblian.is\/videy\/wp-json\/wp\/v2\/media?parent=21439"}],"curies":[{"name":"wp","href":"https:\/\/api.w.org\/{rel}","templated":true}]}}