{"id":21438,"date":"2018-01-02T01:02:00","date_gmt":"2018-01-02T01:02:00","guid":{"rendered":"http:\/\/biblian.is\/videy\/salmarnir-111-kafli\/"},"modified":"2018-01-02T01:02:00","modified_gmt":"2018-01-02T01:02:00","slug":"salmarnir-111-kafli","status":"publish","type":"page","link":"https:\/\/biblian.is\/videy\/salmarnir-111-kafli\/","title":{"rendered":"S\u00e1lmarnir 111. kafli"},"content":{"rendered":"<div class=\"fyrirsognVidey\">Lofgj\u00f6r\u00f0.<\/div>\n<p><a name=\"1\"><span class=\"versanumer\">1<\/span><\/a>Lofi\u00f0 Gu\u00f0! Drottin, vil eg vegsama af \u00f6llu hjarta \u00ed s\u00f6fnu\u00f0i og \u00e1 fundi hinna hreinskilnu.<a name=\"2\"><span class=\"versanumer\">2<\/span><\/a>Mikil eru Drottins verk, \u00e6skileg eftir allri \u00feeirra unan.<a name=\"3\"><span class=\"versanumer\">3<\/span><\/a>H\u00e1tign og d\u00fdr\u00f0 er hans framkv\u00e6md og hans r\u00e9ttl\u00e6ti varir eil\u00edflega.<a name=\"4\"><span class=\"versanumer\">4<\/span><\/a>Endurminning sinna st\u00f3rmerkja hefir hann gj\u00f6rt. N\u00e1\u00f0ugur og miskunnsamur er Drottinn.<a name=\"5\"><span class=\"versanumer\">5<\/span><\/a>F\u00e6\u00f0slu gaf hann \u00feeim sem hann \u00f3ttu\u00f0ust, hann man eil\u00edflega til s\u00edns s\u00e1ttm\u00e1la.<a name=\"6\"><span class=\"versanumer\">6<\/span><\/a>Sinna verka kraft kunngj\u00f6r\u00f0i hann s\u00ednu f\u00f3lki, \u00feegar hann gaf \u00fev\u00ed \u00fej\u00f3\u00f0anna eign.<a name=\"7\"><span class=\"versanumer\">7<\/span><\/a>Verkin hans handa eru sannleiki og r\u00e9ttindi, r\u00e9tts\u00fdn eru \u00f6ll hans bo\u00f0or\u00f0.<a name=\"8\"><span class=\"versanumer\">8<\/span><\/a>\u00deau eru \u00f3bifanleg um aldur og eil\u00edf\u00f0, gj\u00f6r\u00f0 me\u00f0 sannleika og einl\u00e6gni.<a name=\"9\"><span class=\"versanumer\">9<\/span><\/a>Lausn sendi hann s\u00ednu f\u00f3lki, gj\u00f6r\u00f0i sinn s\u00e1ttm\u00e1la eil\u00edfan. Heilagt og \u00f3ttalegt er hans nafn.<a name=\"10\"><span class=\"versanumer\">10<\/span><\/a>\u00d3tti Drottins er upphaf viskunnar, g\u00f3\u00f0 uppfr\u00e6\u00f0ing fyrir alla \u00fe\u00e1 sem gj\u00f6ra \u00fear eftir; hans lof varir eil\u00edflega.<\/p>\n<div class=\"footnoteVidey\"><\/div>\n","protected":false},"excerpt":{"rendered":"<p>Lofgj\u00f6r\u00f0. 1Lofi\u00f0 Gu\u00f0! Drottin, vil eg vegsama af \u00f6llu hjarta \u00ed s\u00f6fnu\u00f0i og \u00e1 fundi hinna hreinskilnu.2Mikil eru Drottins verk, \u00e6skileg eftir allri \u00feeirra unan.3H\u00e1tign og d\u00fdr\u00f0 er hans framkv\u00e6md og hans r\u00e9ttl\u00e6ti varir eil\u00edflega.4Endurminning sinna st\u00f3rmerkja hefir hann gj\u00f6rt. N\u00e1\u00f0ugur og miskunnsamur er Drottinn.5F\u00e6\u00f0slu gaf hann \u00feeim sem hann \u00f3ttu\u00f0ust, hann man eil\u00edflega til s\u00edns s\u00e1ttm\u00e1la.6Sinna verka kraft kunngj\u00f6r\u00f0i hann s\u00ednu f\u00f3lki, \u00feegar hann gaf \u00fev\u00ed \u00fej\u00f3\u00f0anna eign.7Verkin hans handa eru sannleiki og r\u00e9ttindi, r\u00e9tts\u00fdn eru \u00f6ll hans bo\u00f0or\u00f0.8\u00deau eru \u00f3bifanleg um aldur og eil\u00edf\u00f0, gj\u00f6r\u00f0 me\u00f0 sannleika og einl\u00e6gni.9Lausn sendi hann s\u00ednu f\u00f3lki, gj\u00f6r\u00f0i sinn s\u00e1ttm\u00e1la eil\u00edfan. Heilagt <a href=\"https:\/\/biblian.is\/videy\/salmarnir-111-kafli\/\"> [&#8230;]<\/a><\/p>\n","protected":false},"author":1,"featured_media":0,"parent":0,"menu_order":0,"comment_status":"open","ping_status":"open","template":"bibliukaflar.php","meta":{"footnotes":""},"class_list":["post-21438","page","type-page","status-publish","hentry"],"_links":{"self":[{"href":"https:\/\/biblian.is\/videy\/wp-json\/wp\/v2\/pages\/21438","targetHints":{"allow":["GET"]}}],"collection":[{"href":"https:\/\/biblian.is\/videy\/wp-json\/wp\/v2\/pages"}],"about":[{"href":"https:\/\/biblian.is\/videy\/wp-json\/wp\/v2\/types\/page"}],"author":[{"embeddable":true,"href":"https:\/\/biblian.is\/videy\/wp-json\/wp\/v2\/users\/1"}],"replies":[{"embeddable":true,"href":"https:\/\/biblian.is\/videy\/wp-json\/wp\/v2\/comments?post=21438"}],"version-history":[{"count":0,"href":"https:\/\/biblian.is\/videy\/wp-json\/wp\/v2\/pages\/21438\/revisions"}],"wp:attachment":[{"href":"https:\/\/biblian.is\/videy\/wp-json\/wp\/v2\/media?parent=21438"}],"curies":[{"name":"wp","href":"https:\/\/api.w.org\/{rel}","templated":true}]}}