{"id":21437,"date":"2018-01-02T01:02:00","date_gmt":"2018-01-02T01:02:00","guid":{"rendered":"http:\/\/biblian.is\/videy\/salmarnir-110-kafli\/"},"modified":"2018-01-02T01:02:00","modified_gmt":"2018-01-02T01:02:00","slug":"salmarnir-110-kafli","status":"publish","type":"page","link":"https:\/\/biblian.is\/videy\/salmarnir-110-kafli\/","title":{"rendered":"S\u00e1lmarnir 110. kafli"},"content":{"rendered":"<div class=\"fyrirsognVidey\">Gu\u00f0s smur\u00f0i.<\/div>\n<p><a name=\"1\"><span class=\"versanumer\">1<\/span><\/a>Lj\u00f3\u00f0 af Dav\u00ed\u00f0. Drottinn sag\u00f0i m\u00ednum Drottni: settu \u00feig m\u00e9r til h\u00e6gri handar \u00feanga\u00f0 til eg legg \u00f3vini \u00fe\u00edna a\u00f0 sk\u00f6r \u00feinna f\u00f3ta.<a name=\"2\"><span class=\"versanumer\">2<\/span><\/a>Drottinn mun r\u00e9tta \u00fe\u00e9r fr\u00e1 S\u00edon veldissp\u00edru s\u00edns kraftar, og segja: drottna \u00fe\u00fa mitt \u00e1 me\u00f0al \u00feinn \u00f3vina.<a name=\"3\"><span class=\"versanumer\">3<\/span><\/a>\u00deitt f\u00f3lk fylgir \u00fe\u00e9r f\u00faslega \u00e1 degi \u00fe\u00edns kraftar \u00ed heilagri pr\u00fd\u00f0i; eins og d\u00f6ggin af morgunro\u00f0ans skauti, skulu \u00fe\u00ednir ni\u00f0jar ver\u00f0a.<a name=\"4\"><span class=\"versanumer\">4<\/span><\/a>Drottinn s\u00f3r og \u00feess i\u00f0rast hann ekki; \u00fe\u00fa ert prestur a\u00f0 eil\u00edfu upp \u00e1 Melkisedeks m\u00e1ta.<a name=\"5\"><span class=\"versanumer\">5<\/span><\/a>Drottinn er hj\u00e1 \u00feinni h\u00e6gri hendi, hann mun sundurmerja k\u00f3ngana \u00e1 degi sinnar rei\u00f0i.<a name=\"6\"><span class=\"versanumer\">6<\/span><\/a>Hann mun d\u00e6ma \u00fej\u00f3\u00f0irnar og fylla land \u00feeirra me\u00f0 l\u00edkum, og sundurmola h\u00f6fu\u00f0in af \u00fev\u00ed v\u00ed\u00f0a landi.<a name=\"7\"><span class=\"versanumer\">7<\/span><\/a>\u00dar l\u00e6knum \u00e1 veginum mun hann drekka, s\u00ed\u00f0an mun hann h\u00f6f\u00f0i s\u00ednu upplyfta.<\/p>\n<div class=\"footnoteVidey\"><\/div>\n","protected":false},"excerpt":{"rendered":"<p>Gu\u00f0s smur\u00f0i. 1Lj\u00f3\u00f0 af Dav\u00ed\u00f0. Drottinn sag\u00f0i m\u00ednum Drottni: settu \u00feig m\u00e9r til h\u00e6gri handar \u00feanga\u00f0 til eg legg \u00f3vini \u00fe\u00edna a\u00f0 sk\u00f6r \u00feinna f\u00f3ta.2Drottinn mun r\u00e9tta \u00fe\u00e9r fr\u00e1 S\u00edon veldissp\u00edru s\u00edns kraftar, og segja: drottna \u00fe\u00fa mitt \u00e1 me\u00f0al \u00feinn \u00f3vina.3\u00deitt f\u00f3lk fylgir \u00fe\u00e9r f\u00faslega \u00e1 degi \u00fe\u00edns kraftar \u00ed heilagri pr\u00fd\u00f0i; eins og d\u00f6ggin af morgunro\u00f0ans skauti, skulu \u00fe\u00ednir ni\u00f0jar ver\u00f0a.4Drottinn s\u00f3r og \u00feess i\u00f0rast hann ekki; \u00fe\u00fa ert prestur a\u00f0 eil\u00edfu upp \u00e1 Melkisedeks m\u00e1ta.5Drottinn er hj\u00e1 \u00feinni h\u00e6gri hendi, hann mun sundurmerja k\u00f3ngana \u00e1 degi sinnar rei\u00f0i.6Hann mun d\u00e6ma \u00fej\u00f3\u00f0irnar og fylla land \u00feeirra me\u00f0 l\u00edkum, <a href=\"https:\/\/biblian.is\/videy\/salmarnir-110-kafli\/\"> [&#8230;]<\/a><\/p>\n","protected":false},"author":1,"featured_media":0,"parent":0,"menu_order":0,"comment_status":"open","ping_status":"open","template":"bibliukaflar.php","meta":{"footnotes":""},"class_list":["post-21437","page","type-page","status-publish","hentry"],"_links":{"self":[{"href":"https:\/\/biblian.is\/videy\/wp-json\/wp\/v2\/pages\/21437","targetHints":{"allow":["GET"]}}],"collection":[{"href":"https:\/\/biblian.is\/videy\/wp-json\/wp\/v2\/pages"}],"about":[{"href":"https:\/\/biblian.is\/videy\/wp-json\/wp\/v2\/types\/page"}],"author":[{"embeddable":true,"href":"https:\/\/biblian.is\/videy\/wp-json\/wp\/v2\/users\/1"}],"replies":[{"embeddable":true,"href":"https:\/\/biblian.is\/videy\/wp-json\/wp\/v2\/comments?post=21437"}],"version-history":[{"count":0,"href":"https:\/\/biblian.is\/videy\/wp-json\/wp\/v2\/pages\/21437\/revisions"}],"wp:attachment":[{"href":"https:\/\/biblian.is\/videy\/wp-json\/wp\/v2\/media?parent=21437"}],"curies":[{"name":"wp","href":"https:\/\/api.w.org\/{rel}","templated":true}]}}