{"id":21436,"date":"2018-01-02T01:02:00","date_gmt":"2018-01-02T01:02:00","guid":{"rendered":"http:\/\/biblian.is\/videy\/salmarnir-109-kafli\/"},"modified":"2018-01-02T01:02:00","modified_gmt":"2018-01-02T01:02:00","slug":"salmarnir-109-kafli","status":"publish","type":"page","link":"https:\/\/biblian.is\/videy\/salmarnir-109-kafli\/","title":{"rendered":"S\u00e1lmarnir 109. kafli"},"content":{"rendered":"<div class=\"fyrirsognVidey\">B\u00e6n m\u00f3t \u00f3vinum.<\/div>\n<p><a name=\"1\"><span class=\"versanumer\">1<\/span><\/a>Til s\u00f6ngmeistarans. S\u00e1lmur af Dav\u00ed\u00f0. Gu\u00f0 minn! sem eg vegsama, \u00feegi \u00fe\u00fa ekki,<a name=\"2\"><span class=\"versanumer\">2<\/span><\/a>\u00fev\u00ed s\u00e1 \u00f3gu\u00f0legi og hinn svikafulli, \u00feeir hafa loki\u00f0 upp s\u00ednum munni \u00e1 m\u00f3ti m\u00e9r, \u00feeir tala til m\u00edn me\u00f0 lj\u00fagandi tungu.<a name=\"3\"><span class=\"versanumer\">3<\/span><\/a>Me\u00f0 hatursfullum or\u00f0um umkringja \u00feeir mig, og str\u00ed\u00f0a \u00e1 m\u00f3ti m\u00e9r \u00e1n saka.<a name=\"4\"><span class=\"versanumer\">4<\/span><\/a>\u00cd sta\u00f0inn fyrir a\u00f0 eg elska\u00f0i \u00fe\u00e1, st\u00f3\u00f0u \u00feeir \u00e1 m\u00f3ti m\u00e9r, og eg ba\u00f0 jafnan <span class='VideyAth'>(fyrir \u00feeim)<\/span>.<a name=\"5\"><span class=\"versanumer\">5<\/span><\/a>\u00deeir gj\u00f6r\u00f0u m\u00e9r illt fyrir gott, guldu hatur fyrir elsku.<a name=\"6\"><span class=\"versanumer\">6<\/span><\/a>Set \u00feann \u00f3gu\u00f0lega yfir hann og Satan standi honum til h\u00e6gri handar.<a name=\"7\"><span class=\"versanumer\">7<\/span><\/a>Fr\u00e1 d\u00f3mi gangi hann sekur, og hans b\u00e6n ver\u00f0i a\u00f0 synd!<a name=\"8\"><span class=\"versanumer\">8<\/span><\/a>Hans dagar ver\u00f0i f\u00e1ir, annar f\u00e1i hans emb\u00e6tti,<a name=\"9\"><span class=\"versanumer\">9<\/span><\/a>hans b\u00f6rn ver\u00f0i f\u00f6\u00f0urlaus og hans kona ver\u00f0i ekkja!<a name=\"10\"><span class=\"versanumer\">10<\/span><\/a>Hans b\u00f6rn flakki um kring og sn\u00edki, og leiti sinnar nau\u00f0\u00feurftar langt fr\u00e1 \u00feeirra au\u00f0u b\u00fast\u00f6\u00f0um!<a name=\"11\"><span class=\"versanumer\">11<\/span><\/a>Okurkarlinn n\u00e1i \u00ed allt hva\u00f0 hann \u00e1, og \u00fatlendir r\u00e6ni hans erfi\u00f0i!<a name=\"12\"><span class=\"versanumer\">12<\/span><\/a>Enginn s\u00e9 s\u00e1 sem hafi elsku til hans, og enginn aumkist yfir hans muna\u00f0arleysingja.<a name=\"13\"><span class=\"versanumer\">13<\/span><\/a>Hans ni\u00f0jum ver\u00f0i \u00fatrutt; \u00ed \u00f6\u00f0rum li\u00f0 ver\u00f0i \u00feeirra nafn afm\u00e1\u00f0!<a name=\"14\"><span class=\"versanumer\">14<\/span><\/a>Hans fe\u00f0ra misgj\u00f6r\u00f0a skal minnst ver\u00f0a fyrir Drottni, og syndir hans m\u00f3\u00f0ur ei ver\u00f0a afm\u00e1\u00f0ar!<a name=\"15\"><span class=\"versanumer\">15<\/span><\/a>\u00de\u00e6r skulu \u00e6t\u00ed\u00f0 vera fyrir Drottni, og hann skal \u00fatry\u00f0ja \u00feeirra minning af j\u00f6r\u00f0unni,<a name=\"16\"><span class=\"versanumer\">16<\/span><\/a>af \u00fev\u00ed hann mundi ei til a\u00f0 gj\u00f6ra miskunnsemi, og ofs\u00f3tti \u00feann auma og f\u00e1t\u00e6ka mann, og \u00feann, sem var hryggur \u00ed hjarta, allt til dau\u00f0a.<a name=\"17\"><span class=\"versanumer\">17<\/span><\/a>\u00dear e\u00f0 hann elska\u00f0i b\u00f6lvunina, svo komi h\u00fan yfir hann; fyrst hann haf\u00f0i ekki lyst til blessunar, svo veri h\u00fan langt fr\u00e1 honum!<a name=\"18\"><span class=\"versanumer\">18<\/span><\/a>Hann \u00edkl\u00e6\u00f0i sig b\u00f6lvuninni sem fati, h\u00fan renni inn \u00ed hans i\u00f0ur sem vatn, og \u00ed hans bein sem vi\u00f0smj\u00f6r!<a name=\"19\"><span class=\"versanumer\">19<\/span><\/a>H\u00fan ver\u00f0i honum sem fat er hann kl\u00e6\u00f0ist \u00ed og sem belti hvar me\u00f0 hann \u00e6t\u00ed\u00f0 umgir\u00f0ir sig!<a name=\"20\"><span class=\"versanumer\">20<\/span><\/a>\u00deessi ver\u00f0i laun minna m\u00f3tst\u00f6\u00f0umanna af Drottni, og \u00feeirra sem tala illt um mig!<a name=\"21\"><span class=\"versanumer\">21<\/span><\/a>En \u00fe\u00fa Drottinn! Herra minn! a\u00f0sto\u00f0a \u00fe\u00fa mig fyrir \u00fe\u00edns nafns sakir, \u00fev\u00ed \u00fe\u00edn miskunnsemi er mikil, bjarga \u00fe\u00fa m\u00e9r!<a name=\"22\"><span class=\"versanumer\">22<\/span><\/a>\u00fev\u00ed eg er ves\u00e6ll og f\u00e1t\u00e6kur, og mitt hjarta er s\u00e6rt \u00ed m\u00e9r;<a name=\"23\"><span class=\"versanumer\">23<\/span><\/a>Eg l\u00ed\u00f0 \u00ed burt sem skuggi, \u00fe\u00e1 hann lengist; eg ver\u00f0 burtrekinn sem engispretta;<a name=\"24\"><span class=\"versanumer\">24<\/span><\/a>m\u00edn kn\u00e9 veiklast af f\u00f6stu, og mitt hold hefir enga fitu.<a name=\"25\"><span class=\"versanumer\">25<\/span><\/a>Eg hl\u00fdt a\u00f0 vera \u00feeirra athl\u00e6gi, \u00feegar \u00feeir sj\u00e1 mig, hrista \u00feeir h\u00f6fu\u00f0in.<a name=\"26\"><span class=\"versanumer\">26<\/span><\/a>Hj\u00e1lpa m\u00e9r, Drottinn, minn Gu\u00f0! frelsa mig eftir \u00feinni miskunnsemi,<a name=\"27\"><span class=\"versanumer\">27<\/span><\/a>a\u00f0 \u00feeir megi vi\u00f0kannast a\u00f0 \u00fea\u00f0 er \u00fe\u00edn h\u00f6nd, a\u00f0 \u00fe\u00fa, \u00f3 Drottinn! gj\u00f6r\u00f0ir \u00fea\u00f0.<a name=\"28\"><span class=\"versanumer\">28<\/span><\/a>L\u00e1tum \u00fe\u00e1 form\u00e6la, blessa \u00fe\u00fa! r\u00edsi \u00feeir m\u00f3ti m\u00e9r, en ver\u00f0i til skammar, og \u00feinn \u00fe\u00e9nari gle\u00f0ji sig.<a name=\"29\"><span class=\"versanumer\">29<\/span><\/a>M\u00ednir m\u00f3tst\u00f6\u00f0umenn \u00edkl\u00e6\u00f0ist sm\u00e1n, og sinni sk\u00f6mm \u00edf\u00e6rist \u00feeir sem k\u00e1pu.<a name=\"30\"><span class=\"versanumer\">30<\/span><\/a>Eg vil innilega \u00feakka Drottni me\u00f0 m\u00ednum munni, og me\u00f0al margra vil eg hann vegsama.<a name=\"31\"><span class=\"versanumer\">31<\/span><\/a>\u00dev\u00ed hann stendur \u00feeim f\u00e1t\u00e6ka til h\u00e6gri handar til a\u00f0 frelsa hann fr\u00e1 \u00feeim sem d\u00e6ma hann til l\u00edfl\u00e1ts.<\/p>\n<div class=\"footnoteVidey\"><\/div>\n","protected":false},"excerpt":{"rendered":"<p>B\u00e6n m\u00f3t \u00f3vinum. 1Til s\u00f6ngmeistarans. S\u00e1lmur af Dav\u00ed\u00f0. Gu\u00f0 minn! sem eg vegsama, \u00feegi \u00fe\u00fa ekki,2\u00fev\u00ed s\u00e1 \u00f3gu\u00f0legi og hinn svikafulli, \u00feeir hafa loki\u00f0 upp s\u00ednum munni \u00e1 m\u00f3ti m\u00e9r, \u00feeir tala til m\u00edn me\u00f0 lj\u00fagandi tungu.3Me\u00f0 hatursfullum or\u00f0um umkringja \u00feeir mig, og str\u00ed\u00f0a \u00e1 m\u00f3ti m\u00e9r \u00e1n saka.4\u00cd sta\u00f0inn fyrir a\u00f0 eg elska\u00f0i \u00fe\u00e1, st\u00f3\u00f0u \u00feeir \u00e1 m\u00f3ti m\u00e9r, og eg ba\u00f0 jafnan (fyrir \u00feeim).5\u00deeir gj\u00f6r\u00f0u m\u00e9r illt fyrir gott, guldu hatur fyrir elsku.6Set \u00feann \u00f3gu\u00f0lega yfir hann og Satan standi honum til h\u00e6gri handar.7Fr\u00e1 d\u00f3mi gangi hann sekur, og hans b\u00e6n ver\u00f0i a\u00f0 synd!8Hans dagar ver\u00f0i f\u00e1ir, annar <a href=\"https:\/\/biblian.is\/videy\/salmarnir-109-kafli\/\"> [&#8230;]<\/a><\/p>\n","protected":false},"author":1,"featured_media":0,"parent":0,"menu_order":0,"comment_status":"open","ping_status":"open","template":"bibliukaflar.php","meta":{"footnotes":""},"class_list":["post-21436","page","type-page","status-publish","hentry"],"_links":{"self":[{"href":"https:\/\/biblian.is\/videy\/wp-json\/wp\/v2\/pages\/21436","targetHints":{"allow":["GET"]}}],"collection":[{"href":"https:\/\/biblian.is\/videy\/wp-json\/wp\/v2\/pages"}],"about":[{"href":"https:\/\/biblian.is\/videy\/wp-json\/wp\/v2\/types\/page"}],"author":[{"embeddable":true,"href":"https:\/\/biblian.is\/videy\/wp-json\/wp\/v2\/users\/1"}],"replies":[{"embeddable":true,"href":"https:\/\/biblian.is\/videy\/wp-json\/wp\/v2\/comments?post=21436"}],"version-history":[{"count":0,"href":"https:\/\/biblian.is\/videy\/wp-json\/wp\/v2\/pages\/21436\/revisions"}],"wp:attachment":[{"href":"https:\/\/biblian.is\/videy\/wp-json\/wp\/v2\/media?parent=21436"}],"curies":[{"name":"wp","href":"https:\/\/api.w.org\/{rel}","templated":true}]}}