{"id":21433,"date":"2018-01-02T01:02:00","date_gmt":"2018-01-02T01:02:00","guid":{"rendered":"http:\/\/biblian.is\/videy\/salmarnir-106-kafli\/"},"modified":"2018-01-02T01:02:00","modified_gmt":"2018-01-02T01:02:00","slug":"salmarnir-106-kafli","status":"publish","type":"page","link":"https:\/\/biblian.is\/videy\/salmarnir-106-kafli\/","title":{"rendered":"S\u00e1lmarnir 106. kafli"},"content":{"rendered":"<div class=\"fyrirsognVidey\">Endurminning forfe\u00f0ranna synda.<\/div>\n<p><a name=\"1\"><span class=\"versanumer\">1<\/span><\/a>Lofi\u00f0 Drottin! \u00feakki\u00f0 Drottni! \u00fev\u00ed hann er g\u00f3\u00f0ur, og hans miskunnsemi varir eil\u00edflega.<a name=\"2\"><span class=\"versanumer\">2<\/span><\/a>Hv\u00f6r getur sagt fr\u00e1 Drottins veldi? hv\u00f6r kunngj\u00f6rt allt hans lof?<a name=\"3\"><span class=\"versanumer\">3<\/span><\/a>S\u00e6lir eru \u00feeir sem halda l\u00f6gin, i\u00f0ka \u00e6t\u00ed\u00f0 r\u00e9ttv\u00edsina.<a name=\"4\"><span class=\"versanumer\">4<\/span><\/a>Minnstu m\u00edn, Drottinn! eftir \u00feinni vel\u00fe\u00f3knan \u00e1 \u00fe\u00ednu f\u00f3lki.<a name=\"5\"><span class=\"versanumer\">5<\/span><\/a>Vitja \u00fe\u00fa m\u00edn me\u00f0 \u00feitt frelsi, a\u00f0 eg sj\u00e1i velgengni \u00feinna \u00fatv\u00f6ldu, og gle\u00f0jist af gle\u00f0i \u00fe\u00edns f\u00f3lks, og hr\u00f3si m\u00e9r af \u00feinni erf\u00f0.<a name=\"6\"><span class=\"versanumer\">6<\/span><\/a>V\u00e9r h\u00f6fum syndga\u00f0 me\u00f0 vorum forfe\u00f0rum, oss hefir yfirs\u00e9st og v\u00e9r h\u00f6fum breytt \u00f3gu\u00f0lega.<a name=\"7\"><span class=\"versanumer\">7<\/span><\/a>Vorir fe\u00f0ur \u00ed Egyptalandi g\u00e1fu ei gaum a\u00f0 \u00fe\u00ednum d\u00e1semdum. \u00deeir hugleiddu ei \u00fe\u00edna miklu miskunnsemi, heldur voru baldnir vi\u00f0 hafi\u00f0, vi\u00f0 Sefhafi\u00f0.<a name=\"8\"><span class=\"versanumer\">8<\/span><\/a>\u00de\u00f3 bjarga\u00f0i hann \u00feeim fyrir s\u00edns nafns sakir, til a\u00f0 kunngj\u00f6ra sitt veldi.<a name=\"9\"><span class=\"versanumer\">9<\/span><\/a>Og hann hasta\u00f0i \u00e1 Sefhafi\u00f0 svo \u00fea\u00f0 var\u00f0 \u00feurrt, og l\u00e9t \u00fe\u00e1 ganga um hafsins dj\u00fap sem au\u00f0n.<a name=\"10\"><span class=\"versanumer\">10<\/span><\/a>Og hann frelsa\u00f0i \u00fe\u00e1 af hendi ofs\u00f3knarmannanna, og losa\u00f0i \u00fe\u00e1 \u00far hendi \u00f3vinanna.<a name=\"11\"><span class=\"versanumer\">11<\/span><\/a>Og vatni\u00f0 f\u00f3l \u00feeirra m\u00f3tst\u00f6\u00f0umenn, enginn af \u00feeim komst af.<a name=\"12\"><span class=\"versanumer\">12<\/span><\/a>Og \u00feeir tr\u00fa\u00f0u \u00fe\u00e1 hans or\u00f0i, \u00feeir sungu hans lof.<a name=\"13\"><span class=\"versanumer\">13<\/span><\/a>\u00de\u00f3 gleymdu \u00feeir skj\u00f3tt hans verkum, bi\u00f0u ekki eftir hans r\u00e1\u00f0um.<a name=\"14\"><span class=\"versanumer\">14<\/span><\/a>Girnd vakna\u00f0i me\u00f0 \u00feeim \u00ed ey\u00f0im\u00f6rkinni og \u00feeir freistu\u00f0u Gu\u00f0s \u00ed \u00f3bygg\u00f0inni.<a name=\"15\"><span class=\"versanumer\">15<\/span><\/a>Hann veitti \u00feeim \u00fea\u00f0 sem \u00feeir girntust, en hann sendi sj\u00fakd\u00f3m yfir \u00fe\u00e1.<a name=\"16\"><span class=\"versanumer\">16<\/span><\/a>\u00deeir h\u00f6tu\u00f0ust vi\u00f0 M\u00f3ses \u00ed herb\u00fa\u00f0unum, vi\u00f0 Aron Drottins heilaga.<a name=\"17\"><span class=\"versanumer\">17<\/span><\/a>J\u00f6r\u00f0in opna\u00f0i sig, og svelgdi Datan og huldi h\u00f3p Ab\u00edrams.<a name=\"18\"><span class=\"versanumer\">18<\/span><\/a>Og eldur tendra\u00f0ist \u00ed \u00feeirra flokki, loginn eyddi \u00feeim \u00f3gu\u00f0legu.<a name=\"19\"><span class=\"versanumer\">19<\/span><\/a>Hj\u00e1 Horeb gj\u00f6r\u00f0u \u00feeir k\u00e1lf og tilb\u00e1\u00f0u \u00fe\u00e1 steyptu l\u00edkneskju,<a name=\"20\"><span class=\"versanumer\">20<\/span><\/a>og \u00feeir h\u00f6f\u00f0u skipti \u00e1 sinni d\u00fdr\u00f0 fyrir mynd nautsins er etur gras.<a name=\"21\"><span class=\"versanumer\">21<\/span><\/a>\u00deeir gleymdu Gu\u00f0i s\u00ednum frelsara, sem haf\u00f0i gj\u00f6rt mikla hluti \u00ed Egyptalandi,<a name=\"22\"><span class=\"versanumer\">22<\/span><\/a>kraftaverk \u00ed Hamslandi vi\u00f0 Sefhafi\u00f0,<a name=\"23\"><span class=\"versanumer\">23<\/span><\/a>og hann \u00e6tla\u00f0i a\u00f0 afm\u00e1 \u00fe\u00e1, hef\u00f0i ei M\u00f3ses hans \u00fatvaldi gengi\u00f0 \u00ed \u00e1byrg\u00f0 vi\u00f0 hann, til a\u00f0 sn\u00faa hans rei\u00f0i fr\u00e1 fordj\u00f6rfun.<a name=\"24\"><span class=\"versanumer\">24<\/span><\/a>Og \u00feeir forsm\u00e1\u00f0u \u00fea\u00f0 \u00e6skilega land, \u00feeir tr\u00fa\u00f0u ekki hans or\u00f0um,<a name=\"25\"><span class=\"versanumer\">25<\/span><\/a>og \u00feeir m\u00f6glu\u00f0u \u00ed s\u00ednum tj\u00f6ldum, \u00feeir l\u00f6g\u00f0u ekki eyrun vi\u00f0 Drottins raust.<a name=\"26\"><span class=\"versanumer\">26<\/span><\/a>Og hann upplyfti sinni h\u00f6nd \u00e1 m\u00f3ti \u00feeim, svo a\u00f0 \u00feeir tort\u00edndust \u00ed ey\u00f0im\u00f6rkinni,<a name=\"27\"><span class=\"versanumer\">27<\/span><\/a>og \u00feeirra ni\u00f0jar f\u00e9llu me\u00f0al \u00fej\u00f3\u00f0anna og tv\u00edstru\u00f0ust um l\u00f6ndin.<a name=\"28\"><span class=\"versanumer\">28<\/span><\/a>Og \u00feeir skr\u00fdddust fyrir Baal-Peor, og \u00feeir \u00e1tu af f\u00f3rnum til \u00feeirra dau\u00f0u <span class='VideyAth'>(skur\u00f0go\u00f0a)<\/span>.<a name=\"29\"><span class=\"versanumer\">29<\/span><\/a>Og \u00feeir egndu hann til me\u00f0 s\u00ednu ath\u00e6fi, og pl\u00e1ga braust inn \u00e1 \u00fe\u00e1.<a name=\"30\"><span class=\"versanumer\">30<\/span><\/a>\u00de\u00e1 t\u00f3k Fineas sig til, og h\u00e9lt d\u00f3m, og pl\u00e1gunni linnti,<a name=\"31\"><span class=\"versanumer\">31<\/span><\/a>og honum var reikna\u00f0 \u00fea\u00f0 til r\u00e9ttl\u00e6tis fr\u00e1 kyni til kyns eil\u00edflega.<a name=\"32\"><span class=\"versanumer\">32<\/span><\/a>Og \u00feeir stygg\u00f0u hann vi\u00f0 Meribavatn, og M\u00f3ses m\u00e1tti gjalda \u00feeirra,<a name=\"33\"><span class=\"versanumer\">33<\/span><\/a>\u00fev\u00ed \u00feeir s\u00e6r\u00f0u hans hjarta og hann tala\u00f0i \u00f3g\u00e6tilega me\u00f0 s\u00ednum v\u00f6rum.<a name=\"34\"><span class=\"versanumer\">34<\/span><\/a>\u00deeir ey\u00f0il\u00f6g\u00f0u ekki \u00fej\u00f3\u00f0irnar eins og Gu\u00f0 haf\u00f0i skipa\u00f0 \u00feeim,<a name=\"35\"><span class=\"versanumer\">35<\/span><\/a>heldur bl\u00f6ndu\u00f0ust saman vi\u00f0 \u00fej\u00f3\u00f0irnar og l\u00e6r\u00f0u \u00feeirra ath\u00e6fi,<a name=\"36\"><span class=\"versanumer\">36<\/span><\/a>og d\u00fdrku\u00f0u \u00feeirra afgu\u00f0i, og \u00feeir ur\u00f0u \u00feeim a\u00f0 sn\u00f6ru.<a name=\"37\"><span class=\"versanumer\">37<\/span><\/a>Og \u00feeir offru\u00f0u s\u00ednum sonum og d\u00e6trum til afgu\u00f0anna,<a name=\"38\"><span class=\"versanumer\">38<\/span><\/a>og \u00feeir \u00fathelltu saklausu bl\u00f3\u00f0i, sona sinna og d\u00e6tra bl\u00f3\u00f0i, sem \u00feeir f\u00f3rnf\u00e6r\u00f0u Kanaans afgu\u00f0um, svo a\u00f0 bl\u00f3\u00f0skuld kom yfir landi\u00f0.<a name=\"39\"><span class=\"versanumer\">39<\/span><\/a>Og \u00feeir flekku\u00f0u sig me\u00f0 s\u00ednum verkum, og t\u00f3ku framhj\u00e1 <span class='VideyAth'>(Gu\u00f0i)<\/span> me\u00f0 s\u00ednu ath\u00e6fi.<a name=\"40\"><span class=\"versanumer\">40<\/span><\/a>\u00de\u00e1 upptendra\u00f0ist Drottins rei\u00f0i gegn hans f\u00f3lki og hann f\u00e9kk vi\u00f0bj\u00f3\u00f0 \u00e1 sinni erf\u00f0.<a name=\"41\"><span class=\"versanumer\">41<\/span><\/a>Og hann f\u00e9kk \u00fe\u00e1 \u00fej\u00f3\u00f0unum \u00e1 vald, og yfir \u00feeim drottnu\u00f0u \u00feeirra ofs\u00f3knarmenn.<a name=\"42\"><span class=\"versanumer\">42<\/span><\/a>Og \u00feeirra \u00f3vinir \u00ferengdu a\u00f0 \u00feeim, og \u00feeir ur\u00f0u au\u00f0m\u00fdktir undir \u00feeirra hendi.<a name=\"43\"><span class=\"versanumer\">43<\/span><\/a>Oft frelsa\u00f0i hann \u00fe\u00e1, en \u00feeir egndu hann til me\u00f0 s\u00ednum \u00e1formum, og \u00feeir hnigu ni\u00f0ur <span class='VideyAth'>(\u00ed eymd)<\/span> fyrir \u00feeirra misgj\u00f6rninga sakir.<a name=\"44\"><span class=\"versanumer\">44<\/span><\/a>Samt leit hann til \u00feeirra \u00ed \u00feeirra nau\u00f0um, \u00feegar hann heyr\u00f0i \u00feeirra kall.<a name=\"45\"><span class=\"versanumer\">45<\/span><\/a>Og hann minntist s\u00edns s\u00e1ttm\u00e1la, \u00feeim til g\u00f3\u00f0s, og hann i\u00f0ra\u00f0ist \u00feess eftir mikilleik sinnar miskunnar.<a name=\"46\"><span class=\"versanumer\">46<\/span><\/a>Og l\u00e9t \u00fe\u00e1 alla vorkenna \u00feeim, sem h\u00e9ldu \u00feeim herteknum.<a name=\"47\"><span class=\"versanumer\">47<\/span><\/a>Frelsa oss, Drottinn vor Gu\u00f0! og safna oss fr\u00e1 \u00fej\u00f3\u00f0unum, svo v\u00e9r getum sungi\u00f0 \u00fe\u00ednu nafni lof og hr\u00f3sa\u00f0 oss af \u00feinni lofgj\u00f6r\u00f0.<a name=\"48\"><span class=\"versanumer\">48<\/span><\/a>Lofa\u00f0ur s\u00e9 Drottinn, \u00cdsraels Gu\u00f0! fr\u00e1 eil\u00edf\u00f0 til eil\u00edf\u00f0ar, og allt f\u00f3lk segi: Amen! Lofi\u00f0 Drottin!<\/p>\n<div class=\"footnoteVidey\"><\/div>\n","protected":false},"excerpt":{"rendered":"<p>Endurminning forfe\u00f0ranna synda. 1Lofi\u00f0 Drottin! \u00feakki\u00f0 Drottni! \u00fev\u00ed hann er g\u00f3\u00f0ur, og hans miskunnsemi varir eil\u00edflega.2Hv\u00f6r getur sagt fr\u00e1 Drottins veldi? hv\u00f6r kunngj\u00f6rt allt hans lof?3S\u00e6lir eru \u00feeir sem halda l\u00f6gin, i\u00f0ka \u00e6t\u00ed\u00f0 r\u00e9ttv\u00edsina.4Minnstu m\u00edn, Drottinn! eftir \u00feinni vel\u00fe\u00f3knan \u00e1 \u00fe\u00ednu f\u00f3lki.5Vitja \u00fe\u00fa m\u00edn me\u00f0 \u00feitt frelsi, a\u00f0 eg sj\u00e1i velgengni \u00feinna \u00fatv\u00f6ldu, og gle\u00f0jist af gle\u00f0i \u00fe\u00edns f\u00f3lks, og hr\u00f3si m\u00e9r af \u00feinni erf\u00f0.6V\u00e9r h\u00f6fum syndga\u00f0 me\u00f0 vorum forfe\u00f0rum, oss hefir yfirs\u00e9st og v\u00e9r h\u00f6fum breytt \u00f3gu\u00f0lega.7Vorir fe\u00f0ur \u00ed Egyptalandi g\u00e1fu ei gaum a\u00f0 \u00fe\u00ednum d\u00e1semdum. \u00deeir hugleiddu ei \u00fe\u00edna miklu miskunnsemi, heldur voru baldnir vi\u00f0 hafi\u00f0, vi\u00f0 Sefhafi\u00f0.8\u00de\u00f3 <a href=\"https:\/\/biblian.is\/videy\/salmarnir-106-kafli\/\"> [&#8230;]<\/a><\/p>\n","protected":false},"author":1,"featured_media":0,"parent":0,"menu_order":0,"comment_status":"open","ping_status":"open","template":"bibliukaflar.php","meta":{"footnotes":""},"class_list":["post-21433","page","type-page","status-publish","hentry"],"_links":{"self":[{"href":"https:\/\/biblian.is\/videy\/wp-json\/wp\/v2\/pages\/21433","targetHints":{"allow":["GET"]}}],"collection":[{"href":"https:\/\/biblian.is\/videy\/wp-json\/wp\/v2\/pages"}],"about":[{"href":"https:\/\/biblian.is\/videy\/wp-json\/wp\/v2\/types\/page"}],"author":[{"embeddable":true,"href":"https:\/\/biblian.is\/videy\/wp-json\/wp\/v2\/users\/1"}],"replies":[{"embeddable":true,"href":"https:\/\/biblian.is\/videy\/wp-json\/wp\/v2\/comments?post=21433"}],"version-history":[{"count":0,"href":"https:\/\/biblian.is\/videy\/wp-json\/wp\/v2\/pages\/21433\/revisions"}],"wp:attachment":[{"href":"https:\/\/biblian.is\/videy\/wp-json\/wp\/v2\/media?parent=21433"}],"curies":[{"name":"wp","href":"https:\/\/api.w.org\/{rel}","templated":true}]}}