{"id":21432,"date":"2018-01-02T01:02:00","date_gmt":"2018-01-02T01:02:00","guid":{"rendered":"http:\/\/biblian.is\/videy\/salmarnir-105-kafli\/"},"modified":"2018-01-02T01:02:00","modified_gmt":"2018-01-02T01:02:00","slug":"salmarnir-105-kafli","status":"publish","type":"page","link":"https:\/\/biblian.is\/videy\/salmarnir-105-kafli\/","title":{"rendered":"S\u00e1lmarnir 105. kafli"},"content":{"rendered":"<div class=\"fyrirsognVidey\">\u00c1minning. Samaber 1 Kron. 17,8. fl.<\/div>\n<p><a name=\"1\"><span class=\"versanumer\">1<\/span><\/a>\u00deakki\u00f0 \u00fe\u00e9r Drottni, \u00e1kalli\u00f0 hans nafn! kunngj\u00f6ri\u00f0 hans verk me\u00f0al f\u00f3lksins;<a name=\"2\"><span class=\"versanumer\">2<\/span><\/a>Syngi\u00f0 fyrir honum! leiki\u00f0 fyrir honum! yrki\u00f0 um allar hans d\u00e1semdir!<a name=\"3\"><span class=\"versanumer\">3<\/span><\/a>Hr\u00f3si\u00f0 y\u00f0ur af hans heilaga nafni! \u00feeirra hjarta sem leita Drottins, gle\u00f0ji sig!<a name=\"4\"><span class=\"versanumer\">4<\/span><\/a>Leiti\u00f0 eftir Drottni og hans d\u00fdr\u00f0, leiti\u00f0 \u00e6t\u00ed\u00f0 hans auglitis!<a name=\"5\"><span class=\"versanumer\">5<\/span><\/a>Muni\u00f0 til \u00feeirra d\u00e1semda sem hann hefir gj\u00f6rt, hans jarteikna og d\u00f3ma hans munns!<a name=\"6\"><span class=\"versanumer\">6<\/span><\/a>\u00de\u00e9r ni\u00f0jar Abrahams, hans \u00fe\u00e9nara, \u00fe\u00e9r b\u00f6rn Jakobs, hans \u00fatvalda.<a name=\"7\"><span class=\"versanumer\">7<\/span><\/a>Hann Drottinn er vor Gu\u00f0, \u00e1 allri j\u00f6r\u00f0inni hans d\u00f3mar.<a name=\"8\"><span class=\"versanumer\">8<\/span><\/a>Hann man a\u00f0 eil\u00edfu til s\u00edns s\u00e1ttm\u00e1la, \u00feess or\u00f0sins, sem hann hefir bo\u00f0i\u00f0, \u00ed \u00fe\u00fasund kyn\u00fe\u00e6tti,<a name=\"9\"><span class=\"versanumer\">9<\/span><\/a>\u00feess s\u00e1ttm\u00e1la sem hann gj\u00f6r\u00f0i vi\u00f0 Abraham, og \u00feess ei\u00f0s sem hann s\u00f3r \u00cdsak.<a name=\"10\"><span class=\"versanumer\">10<\/span><\/a>Hann gj\u00f6r\u00f0i \u00fea\u00f0 a\u00f0 f\u00e9lagskap vi\u00f0 Jakob, a\u00f0 eil\u00edfum s\u00e1ttm\u00e1la vi\u00f0 \u00cdsrael,<a name=\"11\"><span class=\"versanumer\">11<\/span><\/a>og sag\u00f0i: \u00fe\u00e9r vil eg gefa Kanaansland, svo sem y\u00f0ur \u00fatlag\u00f0a erf\u00f0. <br \/><a name=\"12\"><span class=\"versanumer\">12<\/span><\/a>\u00de\u00e1 voru \u00feeir enn n\u00fa l\u00edtill h\u00f3pur, f\u00e1ir og framandi \u00ed landinu,<a name=\"13\"><span class=\"versanumer\">13<\/span><\/a>og \u00feeir f\u00f3ru fr\u00e1 f\u00f3lki til f\u00f3lks og fr\u00e1 einu r\u00edki til annarrar \u00fej\u00f3\u00f0ar.<a name=\"14\"><span class=\"versanumer\">14<\/span><\/a>Hann leyf\u00f0i engum a\u00f0 gj\u00f6ra \u00feeim ska\u00f0a, og straffa\u00f0i k\u00f3ngana \u00feeirra vegna, og sag\u00f0i:<a name=\"15\"><span class=\"versanumer\">15<\/span><\/a>snerti\u00f0 ekki m\u00edna smur\u00f0u, og gj\u00f6ri\u00f0 m\u00ednum sp\u00e1m\u00f6nnum ekkert illt.<a name=\"16\"><span class=\"versanumer\">16<\/span><\/a>Og hann kalla\u00f0i hall\u00e6ri inn \u00ed landi\u00f0 og gj\u00f6r\u00f0i \u00f3n\u00fdtan allan brau\u00f0veg.<a name=\"17\"><span class=\"versanumer\">17<\/span><\/a>\u00de\u00e1 sendi hann mann \u00e1 undan \u00feeim, J\u00f3sep var seldur \u00ed \u00fer\u00e6ld\u00f3m.<a name=\"18\"><span class=\"versanumer\">18<\/span><\/a>\u00deeir settu hans f\u00e6tur \u00ed stokk, hann var lag\u00f0ur \u00ed j\u00e1rn,<a name=\"19\"><span class=\"versanumer\">19<\/span><\/a>allt til \u00feess t\u00edma \u00fe\u00e1 hans or\u00f0 r\u00e6ttist, \u00fe\u00e1 Drottins tal s\u00fdndi hann pr\u00f3fa\u00f0an,<a name=\"20\"><span class=\"versanumer\">20<\/span><\/a>\u00fe\u00e1 sendi k\u00f3ngurinn og l\u00e9t hann lausan, \u00fej\u00f3\u00f0anna yfirdrottnari \u00fatleysti hann.<a name=\"21\"><span class=\"versanumer\">21<\/span><\/a>Hann setti hann herra yfir sitt h\u00fas, og drottnara yfir allt sitt g\u00f3ss,<a name=\"22\"><span class=\"versanumer\">22<\/span><\/a>til a\u00f0 \u00fevinga h\u00f6f\u00f0ingjana eftir hans vilja, og kenna v\u00edsd\u00f3m hans \u00f6ldungum.<a name=\"23\"><span class=\"versanumer\">23<\/span><\/a>Eftir \u00fea\u00f0 kom \u00cdsrael til Egyptalands, og Jakob lif\u00f0i sem \u00fatlendingur \u00ed Hamslandi.<a name=\"24\"><span class=\"versanumer\">24<\/span><\/a>Og hann gj\u00f6r\u00f0i sitt f\u00f3lk mj\u00f6g frj\u00f3vsamt, og l\u00e9t \u00fea\u00f0 ver\u00f0a fleira en \u00feess \u00f3vini.<a name=\"25\"><span class=\"versanumer\">25<\/span><\/a>Hann sneri \u00feeirra hj\u00f6rtum, svo \u00feeir h\u00f6tu\u00f0u hans f\u00f3lk, og breyttu sviksamlega vi\u00f0 hans \u00fe\u00e9nara. <br \/><a name=\"26\"><span class=\"versanumer\">26<\/span><\/a>Hann sendi M\u00f3ses sinn \u00fej\u00f3n, Aron sem hann haf\u00f0i \u00fatvali\u00f0.<a name=\"27\"><span class=\"versanumer\">27<\/span><\/a>\u00deeir framkv\u00e6mdu me\u00f0al \u00feeirra hans undur og teikn \u00ed Hamslandi.<a name=\"28\"><span class=\"versanumer\">28<\/span><\/a>Hann sendi myrkur og l\u00e9t ver\u00f0a dimmt, og \u00feeir <span class='VideyAth'>(M\u00f3ses og Aron)<\/span> voru ekki \u00f3hl\u00fd\u00f0nir hans or\u00f0um.<a name=\"29\"><span class=\"versanumer\">29<\/span><\/a>Hann sneri \u00feeirra <span class='VideyAth'>(egypskra)<\/span> vatni \u00ed bl\u00f3\u00f0, og drap \u00feeirra fiska.<a name=\"30\"><span class=\"versanumer\">30<\/span><\/a>\u00deeirra land vall af froskum, allt inn \u00ed innstu herbergi k\u00f3nganna.<a name=\"31\"><span class=\"versanumer\">31<\/span><\/a>Hann tala\u00f0i, \u00fe\u00e1 komu \u00fear skorkvikindi; m\u00fd \u00ed \u00f6ll \u00feeirra h\u00e9r\u00f6\u00f0.<a name=\"32\"><span class=\"versanumer\">32<\/span><\/a>Hann gaf \u00feeim hagl fyrir regn, eldsloga yfir \u00feeirra land.<a name=\"33\"><span class=\"versanumer\">33<\/span><\/a>Hann felldi \u00feeirra v\u00ednvi\u00f0 og f\u00edkjutr\u00e9, og sundurbraut tr\u00e9n \u00e1 h\u00e9r\u00f6\u00f0um \u00feeirra lands.<a name=\"34\"><span class=\"versanumer\">34<\/span><\/a>Hann tala\u00f0i, svo komu engisprettur og grasma\u00f0kar \u00f3tallegir.<a name=\"35\"><span class=\"versanumer\">35<\/span><\/a>Og \u00feeir upp\u00e1tu allt gras \u00ed \u00feeirra landi, og \u00feeir \u00e1tu allan \u00e1v\u00f6xt \u00e1 \u00feeirra \u00f6krum.<a name=\"36\"><span class=\"versanumer\">36<\/span><\/a>Og hann drap alla frumbur\u00f0i \u00ed \u00feeirra landi, frumgr\u00f3\u00f0ann af allra \u00feeirra krafti.<a name=\"37\"><span class=\"versanumer\">37<\/span><\/a>Og hann \u00fatleiddi \u00cdsrael me\u00f0 silfri og gulli, og enginn var hrumur \u00ed hans kynkv\u00edslum.<a name=\"38\"><span class=\"versanumer\">38<\/span><\/a>Egyptaland gladdist \u00fe\u00e1 \u00feeir l\u00f6g\u00f0u \u00e1 sta\u00f0, \u00fev\u00ed \u00f3tti fyrir \u00feeim var kominn yfir \u00fe\u00e1 <span class='VideyAth'>(egypsku)<\/span>.<a name=\"39\"><span class=\"versanumer\">39<\/span><\/a>Hann \u00fatbreiddi sk\u00fd til skj\u00f3ls, og eld til a\u00f0 uppl\u00fdsa n\u00f3ttina.<a name=\"40\"><span class=\"versanumer\">40<\/span><\/a>\u00deeir beiddu; \u00fe\u00e1 l\u00e9t hann vaktelur koma, og hann metta\u00f0i \u00fe\u00e1 me\u00f0 himna brau\u00f0i.<a name=\"41\"><span class=\"versanumer\">41<\/span><\/a>Hann upplauk kletti, og \u00fear rann \u00fat vatn, \u00fea\u00f0 flaut um \u00feurra ey\u00f0ista\u00f0i eins og \u00e1.<a name=\"42\"><span class=\"versanumer\">42<\/span><\/a>\u00dev\u00ed hann mundi til s\u00edns heilaga or\u00f0s, og til Abrahams s\u00edns \u00fe\u00e9nara.<a name=\"43\"><span class=\"versanumer\">43<\/span><\/a>Og hann \u00fatleiddi sitt f\u00f3lk me\u00f0 gle\u00f0i, s\u00edna \u00fatv\u00f6ldu me\u00f0 f\u00f6gnu\u00f0i.<a name=\"44\"><span class=\"versanumer\">44<\/span><\/a>Og hann gaf \u00feeim \u00fej\u00f3\u00f0anna land, og \u00feeir t\u00f3ku undir sig f\u00f3lksins erfi\u00f0i.<a name=\"45\"><span class=\"versanumer\">45<\/span><\/a>Svo \u00feeir skyldu halda hans r\u00e9ttindi og var\u00f0veita hans l\u00f6g. <span class='VideyAth'>(Halel\u00faja)<\/span>. Lofi\u00f0 Drottin!<\/p>\n<div class=\"footnoteVidey\"><\/div>\n","protected":false},"excerpt":{"rendered":"<p>\u00c1minning. Samaber 1 Kron. 17,8. fl. 1\u00deakki\u00f0 \u00fe\u00e9r Drottni, \u00e1kalli\u00f0 hans nafn! kunngj\u00f6ri\u00f0 hans verk me\u00f0al f\u00f3lksins;2Syngi\u00f0 fyrir honum! leiki\u00f0 fyrir honum! yrki\u00f0 um allar hans d\u00e1semdir!3Hr\u00f3si\u00f0 y\u00f0ur af hans heilaga nafni! \u00feeirra hjarta sem leita Drottins, gle\u00f0ji sig!4Leiti\u00f0 eftir Drottni og hans d\u00fdr\u00f0, leiti\u00f0 \u00e6t\u00ed\u00f0 hans auglitis!5Muni\u00f0 til \u00feeirra d\u00e1semda sem hann hefir gj\u00f6rt, hans jarteikna og d\u00f3ma hans munns!6\u00de\u00e9r ni\u00f0jar Abrahams, hans \u00fe\u00e9nara, \u00fe\u00e9r b\u00f6rn Jakobs, hans \u00fatvalda.7Hann Drottinn er vor Gu\u00f0, \u00e1 allri j\u00f6r\u00f0inni hans d\u00f3mar.8Hann man a\u00f0 eil\u00edfu til s\u00edns s\u00e1ttm\u00e1la, \u00feess or\u00f0sins, sem hann hefir bo\u00f0i\u00f0, \u00ed \u00fe\u00fasund kyn\u00fe\u00e6tti,9\u00feess s\u00e1ttm\u00e1la sem hann gj\u00f6r\u00f0i vi\u00f0 Abraham, <a href=\"https:\/\/biblian.is\/videy\/salmarnir-105-kafli\/\"> [&#8230;]<\/a><\/p>\n","protected":false},"author":1,"featured_media":0,"parent":0,"menu_order":0,"comment_status":"open","ping_status":"open","template":"bibliukaflar.php","meta":{"footnotes":""},"class_list":["post-21432","page","type-page","status-publish","hentry"],"_links":{"self":[{"href":"https:\/\/biblian.is\/videy\/wp-json\/wp\/v2\/pages\/21432","targetHints":{"allow":["GET"]}}],"collection":[{"href":"https:\/\/biblian.is\/videy\/wp-json\/wp\/v2\/pages"}],"about":[{"href":"https:\/\/biblian.is\/videy\/wp-json\/wp\/v2\/types\/page"}],"author":[{"embeddable":true,"href":"https:\/\/biblian.is\/videy\/wp-json\/wp\/v2\/users\/1"}],"replies":[{"embeddable":true,"href":"https:\/\/biblian.is\/videy\/wp-json\/wp\/v2\/comments?post=21432"}],"version-history":[{"count":0,"href":"https:\/\/biblian.is\/videy\/wp-json\/wp\/v2\/pages\/21432\/revisions"}],"wp:attachment":[{"href":"https:\/\/biblian.is\/videy\/wp-json\/wp\/v2\/media?parent=21432"}],"curies":[{"name":"wp","href":"https:\/\/api.w.org\/{rel}","templated":true}]}}