{"id":21430,"date":"2018-01-02T01:02:00","date_gmt":"2018-01-02T01:02:00","guid":{"rendered":"http:\/\/biblian.is\/videy\/salmarnir-103-kafli\/"},"modified":"2018-01-02T01:02:00","modified_gmt":"2018-01-02T01:02:00","slug":"salmarnir-103-kafli","status":"publish","type":"page","link":"https:\/\/biblian.is\/videy\/salmarnir-103-kafli\/","title":{"rendered":"S\u00e1lmarnir 103. kafli"},"content":{"rendered":"<div class=\"fyrirsognVidey\">Drottinn er r\u00e9ttl\u00e1tur og n\u00e1\u00f0ugur Gu\u00f0.<\/div>\n<p><a name=\"1\"><span class=\"versanumer\">1<\/span><\/a>S\u00e1lmur af Dav\u00ed\u00f0. Lofa \u00fe\u00fa Drottin, s\u00e1la m\u00edn! og allt hva\u00f0 \u00ed m\u00e9r er, hans heilaga nafn!<a name=\"2\"><span class=\"versanumer\">2<\/span><\/a>Lofa \u00fe\u00fa Drottin, s\u00e1la m\u00edn! og gleym ekki \u00f6llum hans velgj\u00f6rningum.<a name=\"3\"><span class=\"versanumer\">3<\/span><\/a>Hans sem fyrirgefur \u00fe\u00e9r \u00fe\u00edna synd, og l\u00e6knar \u00fe\u00edna veiki,<a name=\"4\"><span class=\"versanumer\">4<\/span><\/a>sem leysir \u00feitt l\u00edf fr\u00e1 gr\u00f6finni, kr\u00fdnir \u00feig me\u00f0 n\u00e1\u00f0 og miskunn;<a name=\"5\"><span class=\"versanumer\">5<\/span><\/a>sem mettar \u00fe\u00edna s\u00e1l me\u00f0 g\u00e6\u00f0um, svo \u00fe\u00fa yngist upp sem \u00f6rn.<a name=\"6\"><span class=\"versanumer\">6<\/span><\/a>Drottinn i\u00f0kar r\u00e9ttv\u00edsi og d\u00f3m til handa \u00f6llum undir\u00ferykktum.<a name=\"7\"><span class=\"versanumer\">7<\/span><\/a>Hann kunngj\u00f6r\u00f0i M\u00f3ses s\u00edna vegi og \u00cdsraels b\u00f6rnum s\u00edn verk.<a name=\"8\"><span class=\"versanumer\">8<\/span><\/a>Miskunnsamur og n\u00e1\u00f0ugur er Drottinn, \u00feolinm\u00f3\u00f0ur og r\u00edkur af miskunnsemi.<a name=\"9\"><span class=\"versanumer\">9<\/span><\/a>Hann mun ei allt\u00ed\u00f0 ganga \u00ed r\u00e9tt, ei heldur eil\u00edflega geyma s\u00edna rei\u00f0i.<a name=\"10\"><span class=\"versanumer\">10<\/span><\/a>Hann breytti ei vi\u00f0 oss eftir vorum syndum, og endurgalt oss ei eftir vorum misgj\u00f6r\u00f0um.<a name=\"11\"><span class=\"versanumer\">11<\/span><\/a>Heldur svo h\u00e1tt sem himinninn er yfir j\u00f6r\u00f0unni, svo m\u00e1ttug var hans miskunnsemi yfir \u00feeim sem hann \u00f3ttu\u00f0ust.<a name=\"12\"><span class=\"versanumer\">12<\/span><\/a>Svo langt sem austri\u00f0 er fr\u00e1 vestrinu, fj\u00e6rl\u00e6gir hann fr\u00e1 oss vorar yfirtro\u00f0slur,<a name=\"13\"><span class=\"versanumer\">13<\/span><\/a>eins og fa\u00f0irinn er b\u00f6rnunum l\u00edknsamur, svo er Drottinn miskunnsamur \u00feeim sem hann \u00f3ttast.<a name=\"14\"><span class=\"versanumer\">14<\/span><\/a>\u00dev\u00ed hann \u00feekkir vort e\u00f0li, hann man til \u00feess, a\u00f0 v\u00e9r erum duft.<a name=\"15\"><span class=\"versanumer\">15<\/span><\/a>Ma\u00f0urinn\u2014sem gras eru hans dagar; sem bl\u00f3mstri\u00f0 \u00e1 vellinum bl\u00f3mstrar hann.<a name=\"16\"><span class=\"versanumer\">16<\/span><\/a>\u00deegar vindurinn fer \u00fear yfir, \u00fe\u00e1 er \u00fea\u00f0 ei framar til, og \u00feess sta\u00f0ur kannast ei framar vi\u00f0 \u00fea\u00f0.<a name=\"17\"><span class=\"versanumer\">17<\/span><\/a>En Drottins miskunn er fr\u00e1 eil\u00edf\u00f0 til eil\u00edf\u00f0ar yfir \u00feeim sem hann \u00f3ttast, og hans r\u00e9ttl\u00e6ti yfir hans barna b\u00f6rnum,<a name=\"18\"><span class=\"versanumer\">18<\/span><\/a>yfir \u00feeim sem halda hans s\u00e1ttm\u00e1la, og yfir \u00feeim sem muna til hans bo\u00f0or\u00f0a, svo a\u00f0 \u00feeir hl\u00fd\u00f0i \u00feeim.<a name=\"19\"><span class=\"versanumer\">19<\/span><\/a>Drottinn hefir sett sitt h\u00e1s\u00e6ti fast \u00e1 himnum, og hans k\u00f3ngsd\u00e6mi drottnar yfir \u00f6llu.<a name=\"20\"><span class=\"versanumer\">20<\/span><\/a>Lofi\u00f0 Drottin! \u00fe\u00e9r hans englar, \u00fe\u00e9r voldugu \u00ed makt, sem framkv\u00e6mi\u00f0 hans bo\u00f0, \u00fe\u00e9r sem hl\u00fd\u00f0i\u00f0 raustu hans or\u00f0s.<a name=\"21\"><span class=\"versanumer\">21<\/span><\/a>Lofi\u00f0 Drottin! \u00fe\u00e9r allar hans hersveitir, \u00fe\u00e9r hans \u00fe\u00e9narar sem gj\u00f6ri\u00f0 hans vilja.<a name=\"22\"><span class=\"versanumer\">22<\/span><\/a>Lofi\u00f0 Drottin! \u00fe\u00e9r \u00f6ll hans verk, \u00e1 \u00f6llum st\u00f6\u00f0um hans herrad\u00e6mis. M\u00edn s\u00e1l! lofa \u00fe\u00fa Drottin!<\/p>\n<div class=\"footnoteVidey\"><\/div>\n","protected":false},"excerpt":{"rendered":"<p>Drottinn er r\u00e9ttl\u00e1tur og n\u00e1\u00f0ugur Gu\u00f0. 1S\u00e1lmur af Dav\u00ed\u00f0. Lofa \u00fe\u00fa Drottin, s\u00e1la m\u00edn! og allt hva\u00f0 \u00ed m\u00e9r er, hans heilaga nafn!2Lofa \u00fe\u00fa Drottin, s\u00e1la m\u00edn! og gleym ekki \u00f6llum hans velgj\u00f6rningum.3Hans sem fyrirgefur \u00fe\u00e9r \u00fe\u00edna synd, og l\u00e6knar \u00fe\u00edna veiki,4sem leysir \u00feitt l\u00edf fr\u00e1 gr\u00f6finni, kr\u00fdnir \u00feig me\u00f0 n\u00e1\u00f0 og miskunn;5sem mettar \u00fe\u00edna s\u00e1l me\u00f0 g\u00e6\u00f0um, svo \u00fe\u00fa yngist upp sem \u00f6rn.6Drottinn i\u00f0kar r\u00e9ttv\u00edsi og d\u00f3m til handa \u00f6llum undir\u00ferykktum.7Hann kunngj\u00f6r\u00f0i M\u00f3ses s\u00edna vegi og \u00cdsraels b\u00f6rnum s\u00edn verk.8Miskunnsamur og n\u00e1\u00f0ugur er Drottinn, \u00feolinm\u00f3\u00f0ur og r\u00edkur af miskunnsemi.9Hann mun ei allt\u00ed\u00f0 ganga \u00ed r\u00e9tt, ei heldur eil\u00edflega geyma <a href=\"https:\/\/biblian.is\/videy\/salmarnir-103-kafli\/\"> [&#8230;]<\/a><\/p>\n","protected":false},"author":1,"featured_media":0,"parent":0,"menu_order":0,"comment_status":"open","ping_status":"open","template":"bibliukaflar.php","meta":{"footnotes":""},"class_list":["post-21430","page","type-page","status-publish","hentry"],"_links":{"self":[{"href":"https:\/\/biblian.is\/videy\/wp-json\/wp\/v2\/pages\/21430","targetHints":{"allow":["GET"]}}],"collection":[{"href":"https:\/\/biblian.is\/videy\/wp-json\/wp\/v2\/pages"}],"about":[{"href":"https:\/\/biblian.is\/videy\/wp-json\/wp\/v2\/types\/page"}],"author":[{"embeddable":true,"href":"https:\/\/biblian.is\/videy\/wp-json\/wp\/v2\/users\/1"}],"replies":[{"embeddable":true,"href":"https:\/\/biblian.is\/videy\/wp-json\/wp\/v2\/comments?post=21430"}],"version-history":[{"count":0,"href":"https:\/\/biblian.is\/videy\/wp-json\/wp\/v2\/pages\/21430\/revisions"}],"wp:attachment":[{"href":"https:\/\/biblian.is\/videy\/wp-json\/wp\/v2\/media?parent=21430"}],"curies":[{"name":"wp","href":"https:\/\/api.w.org\/{rel}","templated":true}]}}