{"id":21427,"date":"2018-01-02T01:01:54","date_gmt":"2018-01-02T01:01:54","guid":{"rendered":"http:\/\/biblian.is\/videy\/salmarnir-100-kafli\/"},"modified":"2018-01-02T01:01:54","modified_gmt":"2018-01-02T01:01:54","slug":"salmarnir-100-kafli","status":"publish","type":"page","link":"https:\/\/biblian.is\/videy\/salmarnir-100-kafli\/","title":{"rendered":"S\u00e1lmarnir 100. kafli"},"content":{"rendered":"<div class=\"fyrirsognVidey\">Lofgj\u00f6r\u00f0 Drottins.<\/div>\n<p><a name=\"1\"><span class=\"versanumer\">1<\/span><\/a>Lofs\u00e1lmur. \u00d6ll ver\u00f6ldin fagni fyrir Drottni! \u00fej\u00f3ni\u00f0 Drottni me\u00f0 fagna\u00f0i.<a name=\"2\"><span class=\"versanumer\">2<\/span><\/a>Komi\u00f0 fyrir hans augs\u00fdn me\u00f0 gle\u00f0i!<a name=\"3\"><span class=\"versanumer\">3<\/span><\/a>Vi\u00f0urkenni\u00f0 a\u00f0 Drottinn s\u00e9 Gu\u00f0; hann hefir skapa\u00f0 oss, og v\u00e9r erum hans, hans f\u00f3lk og s\u00fa hj\u00f6r\u00f0 sem hans haglendis.<a name=\"4\"><span class=\"versanumer\">4<\/span><\/a>Gangi\u00f0 inn um hans anddyri me\u00f0 \u00feakkargj\u00f6r\u00f0, inn \u00e1 hans forgar\u00f0 me\u00f0 lofgj\u00f6r\u00f0, \u00feakki\u00f0 honum, vegsami\u00f0 hans nafn!<a name=\"5\"><span class=\"versanumer\">5<\/span><\/a>\u00dev\u00ed g\u00f3\u00f0ur er Drottinn, eil\u00edf hans miskunnsemi, og fr\u00e1 kyni til kyns hans tr\u00fafesti.<\/p>\n<div class=\"footnoteVidey\"><\/div>\n","protected":false},"excerpt":{"rendered":"<p>Lofgj\u00f6r\u00f0 Drottins. 1Lofs\u00e1lmur. \u00d6ll ver\u00f6ldin fagni fyrir Drottni! \u00fej\u00f3ni\u00f0 Drottni me\u00f0 fagna\u00f0i.2Komi\u00f0 fyrir hans augs\u00fdn me\u00f0 gle\u00f0i!3Vi\u00f0urkenni\u00f0 a\u00f0 Drottinn s\u00e9 Gu\u00f0; hann hefir skapa\u00f0 oss, og v\u00e9r erum hans, hans f\u00f3lk og s\u00fa hj\u00f6r\u00f0 sem hans haglendis.4Gangi\u00f0 inn um hans anddyri me\u00f0 \u00feakkargj\u00f6r\u00f0, inn \u00e1 hans forgar\u00f0 me\u00f0 lofgj\u00f6r\u00f0, \u00feakki\u00f0 honum, vegsami\u00f0 hans nafn!5\u00dev\u00ed g\u00f3\u00f0ur er Drottinn, eil\u00edf hans miskunnsemi, og fr\u00e1 kyni til kyns hans tr\u00fafesti.<\/p>\n","protected":false},"author":1,"featured_media":0,"parent":0,"menu_order":0,"comment_status":"open","ping_status":"open","template":"bibliukaflar.php","meta":{"footnotes":""},"class_list":["post-21427","page","type-page","status-publish","hentry"],"_links":{"self":[{"href":"https:\/\/biblian.is\/videy\/wp-json\/wp\/v2\/pages\/21427","targetHints":{"allow":["GET"]}}],"collection":[{"href":"https:\/\/biblian.is\/videy\/wp-json\/wp\/v2\/pages"}],"about":[{"href":"https:\/\/biblian.is\/videy\/wp-json\/wp\/v2\/types\/page"}],"author":[{"embeddable":true,"href":"https:\/\/biblian.is\/videy\/wp-json\/wp\/v2\/users\/1"}],"replies":[{"embeddable":true,"href":"https:\/\/biblian.is\/videy\/wp-json\/wp\/v2\/comments?post=21427"}],"version-history":[{"count":0,"href":"https:\/\/biblian.is\/videy\/wp-json\/wp\/v2\/pages\/21427\/revisions"}],"wp:attachment":[{"href":"https:\/\/biblian.is\/videy\/wp-json\/wp\/v2\/media?parent=21427"}],"curies":[{"name":"wp","href":"https:\/\/api.w.org\/{rel}","templated":true}]}}