{"id":21426,"date":"2018-01-02T01:01:54","date_gmt":"2018-01-02T01:01:54","guid":{"rendered":"http:\/\/biblian.is\/videy\/salmarnir-99-kafli\/"},"modified":"2018-01-02T01:01:54","modified_gmt":"2018-01-02T01:01:54","slug":"salmarnir-99-kafli","status":"publish","type":"page","link":"https:\/\/biblian.is\/videy\/salmarnir-99-kafli\/","title":{"rendered":"S\u00e1lmarnir 99. kafli"},"content":{"rendered":"<div class=\"fyrirsognVidey\">Lofgj\u00f6r\u00f0 Drottins.<\/div>\n<p><a name=\"1\"><span class=\"versanumer\">1<\/span><\/a>Drottinn r\u00edkir; \u00fej\u00f3\u00f0irnar skj\u00e1lfa, hann situr \u00e1 ker\u00fabum, j\u00f6r\u00f0in hristist.<a name=\"2\"><span class=\"versanumer\">2<\/span><\/a>Drottinn er mikill \u00e1 S\u00edon, og upphafinn yfir allar \u00fej\u00f3\u00f0ir.<a name=\"3\"><span class=\"versanumer\">3<\/span><\/a>Menn pr\u00edsi \u00feitt nafn, \u00fea\u00f0 mikla og \u00f3ttalega, <span class='VideyAth'>(heilagur er hann)<\/span>,<a name=\"4\"><span class=\"versanumer\">4<\/span><\/a>og vegsemd k\u00f3ngsins, sem elskar r\u00e9ttindi; \u00fe\u00fa verndar sanns\u00fdni; r\u00e9ttindi og r\u00e9ttv\u00edsi i\u00f0kar \u00fe\u00fa \u00ed Jakob.<a name=\"5\"><span class=\"versanumer\">5<\/span><\/a>Vegsami\u00f0 Drottin vorn Gu\u00f0, og ni\u00f0urkrj\u00fapi\u00f0 \u00e1 hans f\u00f3tsk\u00f6r! hann er heilagur!<br \/><a name=\"6\"><span class=\"versanumer\">6<\/span><\/a>M\u00f3ses og Aron hans prestur, og Sam\u00fael sem \u00e1kalla\u00f0i hans nafn, \u00feeir k\u00f6llu\u00f0u til Drottins og hann b\u00e6nheyr\u00f0i \u00fe\u00e1.<a name=\"7\"><span class=\"versanumer\">7<\/span><\/a>\u00cd sk\u00fdst\u00f3lpanum tala\u00f0i hann vi\u00f0 \u00fe\u00e1, \u00feeir var\u00f0veittu hans bo\u00f0or\u00f0, og \u00fe\u00e1 setninga sem hann gaf \u00feeim.<a name=\"8\"><span class=\"versanumer\">8<\/span><\/a>Drottinn vor Gu\u00f0! \u00fe\u00fa b\u00e6nheyr\u00f0ir \u00fe\u00e1, \u00fe\u00fa Gu\u00f0! fyrirgafst \u00feeim, jafnvel \u00fe\u00f3 \u00fe\u00fa straffa\u00f0ir \u00fe\u00e1 fyrir \u00feeirra breytni.<a name=\"9\"><span class=\"versanumer\">9<\/span><\/a>Upphefji\u00f0 Drottin vorn Gu\u00f0, og ni\u00f0urkrj\u00fapi\u00f0 fyrir hans heilaga fjalli! \u00fev\u00ed heilagur er Drottinn vor Gu\u00f0.<\/p>\n<div class=\"footnoteVidey\"><\/div>\n","protected":false},"excerpt":{"rendered":"<p>Lofgj\u00f6r\u00f0 Drottins. 1Drottinn r\u00edkir; \u00fej\u00f3\u00f0irnar skj\u00e1lfa, hann situr \u00e1 ker\u00fabum, j\u00f6r\u00f0in hristist.2Drottinn er mikill \u00e1 S\u00edon, og upphafinn yfir allar \u00fej\u00f3\u00f0ir.3Menn pr\u00edsi \u00feitt nafn, \u00fea\u00f0 mikla og \u00f3ttalega, (heilagur er hann),4og vegsemd k\u00f3ngsins, sem elskar r\u00e9ttindi; \u00fe\u00fa verndar sanns\u00fdni; r\u00e9ttindi og r\u00e9ttv\u00edsi i\u00f0kar \u00fe\u00fa \u00ed Jakob.5Vegsami\u00f0 Drottin vorn Gu\u00f0, og ni\u00f0urkrj\u00fapi\u00f0 \u00e1 hans f\u00f3tsk\u00f6r! hann er heilagur!6M\u00f3ses og Aron hans prestur, og Sam\u00fael sem \u00e1kalla\u00f0i hans nafn, \u00feeir k\u00f6llu\u00f0u til Drottins og hann b\u00e6nheyr\u00f0i \u00fe\u00e1.7\u00cd sk\u00fdst\u00f3lpanum tala\u00f0i hann vi\u00f0 \u00fe\u00e1, \u00feeir var\u00f0veittu hans bo\u00f0or\u00f0, og \u00fe\u00e1 setninga sem hann gaf \u00feeim.8Drottinn vor Gu\u00f0! \u00fe\u00fa b\u00e6nheyr\u00f0ir \u00fe\u00e1, \u00fe\u00fa Gu\u00f0! fyrirgafst \u00feeim, <a href=\"https:\/\/biblian.is\/videy\/salmarnir-99-kafli\/\"> [&#8230;]<\/a><\/p>\n","protected":false},"author":1,"featured_media":0,"parent":0,"menu_order":0,"comment_status":"open","ping_status":"open","template":"bibliukaflar.php","meta":{"footnotes":""},"class_list":["post-21426","page","type-page","status-publish","hentry"],"_links":{"self":[{"href":"https:\/\/biblian.is\/videy\/wp-json\/wp\/v2\/pages\/21426","targetHints":{"allow":["GET"]}}],"collection":[{"href":"https:\/\/biblian.is\/videy\/wp-json\/wp\/v2\/pages"}],"about":[{"href":"https:\/\/biblian.is\/videy\/wp-json\/wp\/v2\/types\/page"}],"author":[{"embeddable":true,"href":"https:\/\/biblian.is\/videy\/wp-json\/wp\/v2\/users\/1"}],"replies":[{"embeddable":true,"href":"https:\/\/biblian.is\/videy\/wp-json\/wp\/v2\/comments?post=21426"}],"version-history":[{"count":0,"href":"https:\/\/biblian.is\/videy\/wp-json\/wp\/v2\/pages\/21426\/revisions"}],"wp:attachment":[{"href":"https:\/\/biblian.is\/videy\/wp-json\/wp\/v2\/media?parent=21426"}],"curies":[{"name":"wp","href":"https:\/\/api.w.org\/{rel}","templated":true}]}}