{"id":21425,"date":"2018-01-02T01:01:54","date_gmt":"2018-01-02T01:01:54","guid":{"rendered":"http:\/\/biblian.is\/videy\/salmarnir-98-kafli\/"},"modified":"2018-01-02T01:01:54","modified_gmt":"2018-01-02T01:01:54","slug":"salmarnir-98-kafli","status":"publish","type":"page","link":"https:\/\/biblian.is\/videy\/salmarnir-98-kafli\/","title":{"rendered":"S\u00e1lmarnir 98. kafli"},"content":{"rendered":"<div class=\"fyrirsognVidey\">Lofgj\u00f6r\u00f0 Drottins.<\/div>\n<p><a name=\"1\"><span class=\"versanumer\">1<\/span><\/a>Syngi\u00f0 Drottni n\u00fdjan s\u00f6ng! \u00fev\u00ed hann hefir gj\u00f6rt d\u00e1semdarverk. Hans h\u00e6gri h\u00f6nd frelsa\u00f0i, og hans heilagi armleggur.<a name=\"2\"><span class=\"versanumer\">2<\/span><\/a>Drottinn kunngj\u00f6r\u00f0i sitt frelsi, fyrir f\u00f3lksins augum opinbera\u00f0i hann sitt r\u00e9ttl\u00e6ti.<a name=\"3\"><span class=\"versanumer\">3<\/span><\/a>Hann mundi til sinnar miskunnar og tr\u00fafesti vi\u00f0 \u00cdsraels h\u00fas, \u00f6ll jar\u00f0arinnar endim\u00f6rk s\u00e1u frelsi vors Gu\u00f0s.<a name=\"4\"><span class=\"versanumer\">4<\/span><\/a>Fagni fyrir Drottni \u00f6ll j\u00f6r\u00f0, syngi\u00f0 og fagni\u00f0 og dansi\u00f0.<a name=\"5\"><span class=\"versanumer\">5<\/span><\/a>Leiki\u00f0 fyrir Drottni \u00e1 h\u00f6rpu, \u00e1 h\u00f6rpu me\u00f0 s\u00f6ng.<a name=\"6\"><span class=\"versanumer\">6<\/span><\/a>Me\u00f0ur b\u00e1s\u00fanum og trumbuhlj\u00f3m, fagni\u00f0 fyrir konunginum Drottni.<a name=\"7\"><span class=\"versanumer\">7<\/span><\/a>Hafi\u00f0 \u00fej\u00f3ti upp og allt sem \u00ed \u00fev\u00ed er, jar\u00f0r\u00edki\u00f0 og \u00feeir sem \u00fear b\u00faa.<a name=\"8\"><span class=\"versanumer\">8<\/span><\/a>\u00c1rnar klappi l\u00f3fum saman, \u00f6ll fj\u00f6llin fagni me\u00f0,<a name=\"9\"><span class=\"versanumer\">9<\/span><\/a>fyrir Drottins augliti, \u00fev\u00ed hann kemur til a\u00f0 d\u00e6ma j\u00f6r\u00f0ina. Hann mun d\u00e6ma jar\u00f0r\u00edki\u00f0 me\u00f0 r\u00e9ttv\u00edsi, og f\u00f3lki\u00f0 me\u00f0 sanns\u00fdni.<\/p>\n<div class=\"footnoteVidey\"><\/div>\n","protected":false},"excerpt":{"rendered":"<p>Lofgj\u00f6r\u00f0 Drottins. 1Syngi\u00f0 Drottni n\u00fdjan s\u00f6ng! \u00fev\u00ed hann hefir gj\u00f6rt d\u00e1semdarverk. Hans h\u00e6gri h\u00f6nd frelsa\u00f0i, og hans heilagi armleggur.2Drottinn kunngj\u00f6r\u00f0i sitt frelsi, fyrir f\u00f3lksins augum opinbera\u00f0i hann sitt r\u00e9ttl\u00e6ti.3Hann mundi til sinnar miskunnar og tr\u00fafesti vi\u00f0 \u00cdsraels h\u00fas, \u00f6ll jar\u00f0arinnar endim\u00f6rk s\u00e1u frelsi vors Gu\u00f0s.4Fagni fyrir Drottni \u00f6ll j\u00f6r\u00f0, syngi\u00f0 og fagni\u00f0 og dansi\u00f0.5Leiki\u00f0 fyrir Drottni \u00e1 h\u00f6rpu, \u00e1 h\u00f6rpu me\u00f0 s\u00f6ng.6Me\u00f0ur b\u00e1s\u00fanum og trumbuhlj\u00f3m, fagni\u00f0 fyrir konunginum Drottni.7Hafi\u00f0 \u00fej\u00f3ti upp og allt sem \u00ed \u00fev\u00ed er, jar\u00f0r\u00edki\u00f0 og \u00feeir sem \u00fear b\u00faa.8\u00c1rnar klappi l\u00f3fum saman, \u00f6ll fj\u00f6llin fagni me\u00f0,9fyrir Drottins augliti, \u00fev\u00ed hann kemur til a\u00f0 d\u00e6ma j\u00f6r\u00f0ina. Hann <a href=\"https:\/\/biblian.is\/videy\/salmarnir-98-kafli\/\"> [&#8230;]<\/a><\/p>\n","protected":false},"author":1,"featured_media":0,"parent":0,"menu_order":0,"comment_status":"open","ping_status":"open","template":"bibliukaflar.php","meta":{"footnotes":""},"class_list":["post-21425","page","type-page","status-publish","hentry"],"_links":{"self":[{"href":"https:\/\/biblian.is\/videy\/wp-json\/wp\/v2\/pages\/21425","targetHints":{"allow":["GET"]}}],"collection":[{"href":"https:\/\/biblian.is\/videy\/wp-json\/wp\/v2\/pages"}],"about":[{"href":"https:\/\/biblian.is\/videy\/wp-json\/wp\/v2\/types\/page"}],"author":[{"embeddable":true,"href":"https:\/\/biblian.is\/videy\/wp-json\/wp\/v2\/users\/1"}],"replies":[{"embeddable":true,"href":"https:\/\/biblian.is\/videy\/wp-json\/wp\/v2\/comments?post=21425"}],"version-history":[{"count":0,"href":"https:\/\/biblian.is\/videy\/wp-json\/wp\/v2\/pages\/21425\/revisions"}],"wp:attachment":[{"href":"https:\/\/biblian.is\/videy\/wp-json\/wp\/v2\/media?parent=21425"}],"curies":[{"name":"wp","href":"https:\/\/api.w.org\/{rel}","templated":true}]}}