{"id":21423,"date":"2018-01-02T01:01:54","date_gmt":"2018-01-02T01:01:54","guid":{"rendered":"http:\/\/biblian.is\/videy\/salmarnir-96-kafli\/"},"modified":"2018-01-02T01:01:54","modified_gmt":"2018-01-02T01:01:54","slug":"salmarnir-96-kafli","status":"publish","type":"page","link":"https:\/\/biblian.is\/videy\/salmarnir-96-kafli\/","title":{"rendered":"S\u00e1lmarnir 96. kafli"},"content":{"rendered":"<div class=\"fyrirsognVidey\">\u00c1minning a\u00f0 lofa Drottin. (1 Krb. 17,23\u201333).<\/div>\n<p><a name=\"1\"><span class=\"versanumer\">1<\/span><\/a>Syngi\u00f0 Drottni n\u00fdjan s\u00f6ng, syngi \u00f6ll j\u00f6r\u00f0in Drottni!<a name=\"2\"><span class=\"versanumer\">2<\/span><\/a>Syngi\u00f0 Drottni og lofi\u00f0 hans nafn, kunngj\u00f6ri\u00f0 hans hj\u00e1lp dag eftir dag.<a name=\"3\"><span class=\"versanumer\">3<\/span><\/a>Segi\u00f0 fr\u00e1 hans d\u00fdr\u00f0 me\u00f0al \u00fej\u00f3\u00f0anna, fr\u00e1 hans d\u00e1semdum me\u00f0al alls f\u00f3lks.<a name=\"4\"><span class=\"versanumer\">4<\/span><\/a>\u00dev\u00ed mikill er Drottinn, og mj\u00f6g loflegur; \u00f3ttalegur er hann fram yfir alla Gu\u00f0i.<a name=\"5\"><span class=\"versanumer\">5<\/span><\/a>\u00dev\u00ed allir gu\u00f0ir \u00fej\u00f3\u00f0anna eru afgu\u00f0ir, en Drottinn gj\u00f6r\u00f0i himnana.<a name=\"6\"><span class=\"versanumer\">6<\/span><\/a>H\u00e1tign og lj\u00f3mi eru fyrir hans augs\u00fdn, hei\u00f0ur og vegsemd \u00ed hans helgid\u00f3mi.<a name=\"7\"><span class=\"versanumer\">7<\/span><\/a>Grei\u00f0i\u00f0 Drottni, \u00fe\u00e9r \u00fej\u00f3\u00f0ir! grei\u00f0i\u00f0 Drottni hei\u00f0ur og lof.<a name=\"8\"><span class=\"versanumer\">8<\/span><\/a>Grei\u00f0i\u00f0 Drottni hei\u00f0ur hans nafns, framberi\u00f0 g\u00e1fur, og komi\u00f0 \u00ed hans forgar\u00f0.<a name=\"9\"><span class=\"versanumer\">9<\/span><\/a>Ni\u00f0urkasti\u00f0 y\u00f0ur fyrir Drottin, \u00ed helgum skr\u00fa\u00f0a, skj\u00e1lfi fyrir hans augliti \u00f6ll j\u00f6r\u00f0in.<a name=\"10\"><span class=\"versanumer\">10<\/span><\/a>Segi\u00f0 me\u00f0al hei\u00f0ingjanna: Drottinn er k\u00f3ngur; \u00fev\u00ed er j\u00f6r\u00f0in f\u00f6st, svo h\u00fan bifist ei, hann d\u00e6mir \u00fej\u00f3\u00f0irnar me\u00f0 r\u00e9ttv\u00edsi.<a name=\"11\"><span class=\"versanumer\">11<\/span><\/a>Himnarnir gle\u00f0jist, og j\u00f6r\u00f0in fagni, hafi\u00f0 \u00fej\u00f3ti upp og allt \u00fea\u00f0 sem \u00ed \u00fev\u00ed er,<a name=\"12\"><span class=\"versanumer\">12<\/span><\/a>foldin gle\u00f0ji sig og allt sem \u00e1 henni er, j\u00e1, \u00f6ll tr\u00e9 sk\u00f3garins fagni,<a name=\"13\"><span class=\"versanumer\">13<\/span><\/a>fyrir Drottins augliti, \u00fev\u00ed hann kemur, kemur til a\u00f0 d\u00e6ma j\u00f6r\u00f0ina; hann mun d\u00e6ma jar\u00f0r\u00edki\u00f0 me\u00f0 r\u00e9ttv\u00edsi, og \u00fej\u00f3\u00f0irnar me\u00f0 sinni sanns\u00fdni.<\/p>\n<div class=\"footnoteVidey\"><\/div>\n","protected":false},"excerpt":{"rendered":"<p>\u00c1minning a\u00f0 lofa Drottin. (1 Krb. 17,23\u201333). 1Syngi\u00f0 Drottni n\u00fdjan s\u00f6ng, syngi \u00f6ll j\u00f6r\u00f0in Drottni!2Syngi\u00f0 Drottni og lofi\u00f0 hans nafn, kunngj\u00f6ri\u00f0 hans hj\u00e1lp dag eftir dag.3Segi\u00f0 fr\u00e1 hans d\u00fdr\u00f0 me\u00f0al \u00fej\u00f3\u00f0anna, fr\u00e1 hans d\u00e1semdum me\u00f0al alls f\u00f3lks.4\u00dev\u00ed mikill er Drottinn, og mj\u00f6g loflegur; \u00f3ttalegur er hann fram yfir alla Gu\u00f0i.5\u00dev\u00ed allir gu\u00f0ir \u00fej\u00f3\u00f0anna eru afgu\u00f0ir, en Drottinn gj\u00f6r\u00f0i himnana.6H\u00e1tign og lj\u00f3mi eru fyrir hans augs\u00fdn, hei\u00f0ur og vegsemd \u00ed hans helgid\u00f3mi.7Grei\u00f0i\u00f0 Drottni, \u00fe\u00e9r \u00fej\u00f3\u00f0ir! grei\u00f0i\u00f0 Drottni hei\u00f0ur og lof.8Grei\u00f0i\u00f0 Drottni hei\u00f0ur hans nafns, framberi\u00f0 g\u00e1fur, og komi\u00f0 \u00ed hans forgar\u00f0.9Ni\u00f0urkasti\u00f0 y\u00f0ur fyrir Drottin, \u00ed helgum skr\u00fa\u00f0a, skj\u00e1lfi fyrir hans augliti <a href=\"https:\/\/biblian.is\/videy\/salmarnir-96-kafli\/\"> [&#8230;]<\/a><\/p>\n","protected":false},"author":1,"featured_media":0,"parent":0,"menu_order":0,"comment_status":"open","ping_status":"open","template":"bibliukaflar.php","meta":{"footnotes":""},"class_list":["post-21423","page","type-page","status-publish","hentry"],"_links":{"self":[{"href":"https:\/\/biblian.is\/videy\/wp-json\/wp\/v2\/pages\/21423","targetHints":{"allow":["GET"]}}],"collection":[{"href":"https:\/\/biblian.is\/videy\/wp-json\/wp\/v2\/pages"}],"about":[{"href":"https:\/\/biblian.is\/videy\/wp-json\/wp\/v2\/types\/page"}],"author":[{"embeddable":true,"href":"https:\/\/biblian.is\/videy\/wp-json\/wp\/v2\/users\/1"}],"replies":[{"embeddable":true,"href":"https:\/\/biblian.is\/videy\/wp-json\/wp\/v2\/comments?post=21423"}],"version-history":[{"count":0,"href":"https:\/\/biblian.is\/videy\/wp-json\/wp\/v2\/pages\/21423\/revisions"}],"wp:attachment":[{"href":"https:\/\/biblian.is\/videy\/wp-json\/wp\/v2\/media?parent=21423"}],"curies":[{"name":"wp","href":"https:\/\/api.w.org\/{rel}","templated":true}]}}