{"id":21421,"date":"2018-01-02T01:01:54","date_gmt":"2018-01-02T01:01:54","guid":{"rendered":"http:\/\/biblian.is\/videy\/salmarnir-94-kafli\/"},"modified":"2018-01-02T01:01:54","modified_gmt":"2018-01-02T01:01:54","slug":"salmarnir-94-kafli","status":"publish","type":"page","link":"https:\/\/biblian.is\/videy\/salmarnir-94-kafli\/","title":{"rendered":"S\u00e1lmarnir 94. kafli"},"content":{"rendered":"<div class=\"fyrirsognVidey\">B\u00e6n \u00e1 m\u00f3ti \u00cdsraels \u00f3vinum.<\/div>\n<p><a name=\"1\"><span class=\"versanumer\">1<\/span><\/a>\u00d3 Drottinn! hefndarinnar Gu\u00f0, \u00fe\u00fa hefndarinnar Gu\u00f0, opinbera \u00feig d\u00fdr\u00f0lega.<a name=\"2\"><span class=\"versanumer\">2<\/span><\/a>Upphef \u00feig, \u00fe\u00fa jar\u00f0arinnar d\u00f3mari. Endurgjald \u00fe\u00fa \u00feeim drambl\u00e1tu.<a name=\"3\"><span class=\"versanumer\">3<\/span><\/a>Hv\u00f6rsu lengi skulu \u00feeir \u00f3gu\u00f0legu, Drottinn! hv\u00f6rsu lengi skulu \u00feeir \u00f3gu\u00f0legu gle\u00f0ja sig?<a name=\"4\"><span class=\"versanumer\">4<\/span><\/a>\u00deeir \u00fatausa, \u00feeir tala h\u00f6r\u00f0 or\u00f0, \u00feeir st\u00e6ra sig, allir \u00feeir sem rangindi a\u00f0hafast.<a name=\"5\"><span class=\"versanumer\">5<\/span><\/a>\u00deitt f\u00f3lk, \u00f3 Drottinn! merja \u00feeir, og \u00fe\u00edna erf\u00f0 pl\u00e1ga \u00feeir.<a name=\"6\"><span class=\"versanumer\">6<\/span><\/a>Ekkjuna og hinn \u00fatlenda drepa \u00feeir, og f\u00f6\u00f0urlausa myr\u00f0a \u00feeir.<a name=\"7\"><span class=\"versanumer\">7<\/span><\/a>Og \u00feeir segja: Drottinn s\u00e9r \u00fea\u00f0 ekki, og Jakobs Gu\u00f0 tekur ei eftir \u00fev\u00ed.<a name=\"8\"><span class=\"versanumer\">8<\/span><\/a>G\u00e6ti\u00f0 \u00fe\u00f3 vitsins, jafnvel \u00fe\u00e9r f\u00e1v\u00edsu me\u00f0al f\u00f3lksins, og \u00fe\u00e9r heimskingjar! n\u00e6r \u00e6tli\u00f0 \u00fe\u00e9r a\u00f0 ver\u00f0a hyggnir?<a name=\"9\"><span class=\"versanumer\">9<\/span><\/a>Mun s\u00e1 ei heyra sem eyra\u00f0 hefur planta\u00f0, mun s\u00e1 ei sj\u00e1 sem auga\u00f0 hefir tilb\u00fai\u00f0?<a name=\"10\"><span class=\"versanumer\">10<\/span><\/a>S\u00e1 sem agar f\u00f3lki\u00f0, mundi hann ekki straffa, s\u00e1 sem kennir m\u00f6nnunum skilning!<a name=\"11\"><span class=\"versanumer\">11<\/span><\/a>Drottinn \u00feekkir mannanna hugsanir, a\u00f0 \u00fe\u00e6r eru h\u00e9g\u00f3mlegar.<a name=\"12\"><span class=\"versanumer\">12<\/span><\/a>S\u00e6ll er s\u00e1 ma\u00f0ur sem \u00fe\u00fa agar, Drottinn! og s\u00e1 sem \u00fe\u00fa menntar \u00ed \u00fe\u00ednu l\u00f6gm\u00e1li;<a name=\"13\"><span class=\"versanumer\">13<\/span><\/a>a\u00f0 veita honum sv\u00edun \u00e1 \u00feeim vondu d\u00f6gum, \u00feanga\u00f0 til gr\u00f6fin ver\u00f0ur grafin \u00feeim \u00f3gu\u00f0legu.<a name=\"14\"><span class=\"versanumer\">14<\/span><\/a>\u00dev\u00ed Drottinn mun ei sleppa hendinni af s\u00ednu f\u00f3lki, og ekki yfirgefa s\u00edna erf\u00f0.<a name=\"15\"><span class=\"versanumer\">15<\/span><\/a>\u00dev\u00ed d\u00f3murinn mun hverfa aftur til r\u00e9ttv\u00edsi, og allir \u00feeir hreinskilnu munu honum fylgja.<a name=\"16\"><span class=\"versanumer\">16<\/span><\/a>Hv\u00f6r r\u00eds upp m\u00edn vegna, gegn \u00feeim vondu? hv\u00f6r ver\u00f0ur fyrir mig m\u00f3ti \u00feeim sem gj\u00f6ra \u00f3r\u00e9tt?<a name=\"17\"><span class=\"versanumer\">17<\/span><\/a>Hef\u00f0i Drottinn ei ver\u00f0i\u00f0 m\u00edn hj\u00e1lp, \u00fe\u00e1 mundi minna \u00e1vanta a\u00f0 m\u00edn s\u00e1l byggi \u00ed kyrr\u00f0inni.<a name=\"18\"><span class=\"versanumer\">18<\/span><\/a>\u00deegar eg hugsa\u00f0i: n\u00fa rasar minn f\u00f3tur, \u00fe\u00e1 studdi mig, Drottinn! \u00fe\u00edn miskunn.<a name=\"19\"><span class=\"versanumer\">19<\/span><\/a>\u00deegar margar hugarhrellingar voru \u00ed m\u00ednu hjarta, hresstu \u00fe\u00ednar hugganir m\u00edna s\u00e1lu.<a name=\"20\"><span class=\"versanumer\">20<\/span><\/a>Mundi fordj\u00f6rfunarinnar h\u00e1s\u00e6ti hafa samf\u00e9lag vi\u00f0 \u00feig? e\u00f0a s\u00e1 ofbeldisma\u00f0ur sem \u00feverskallast vi\u00f0 l\u00f6g og r\u00e9tt?<a name=\"21\"><span class=\"versanumer\">21<\/span><\/a>H\u00f3pum saman gj\u00f6ra \u00feeir \u00e1r\u00e1s l\u00edfi hins r\u00e1\u00f0vanda, og saklaust bl\u00f3\u00f0 ford\u00e6ma \u00feeir.<a name=\"22\"><span class=\"versanumer\">22<\/span><\/a>En Drottinn er m\u00edn \u00f6rugg borg, minn Gu\u00f0 er mitt v\u00edgi.<a name=\"23\"><span class=\"versanumer\">23<\/span><\/a>Hann l\u00e6tur \u00feeirra rangl\u00e6ti hverfa til baka og yfir \u00fe\u00e1 koma, og hann mun afm\u00e1 \u00fe\u00e1 vegna \u00feeirrar vonsku. J\u00e1, Drottinn, vor Gu\u00f0, mun afm\u00e1 \u00fe\u00e1.<\/p>\n<div class=\"footnoteVidey\"><\/div>\n","protected":false},"excerpt":{"rendered":"<p>B\u00e6n \u00e1 m\u00f3ti \u00cdsraels \u00f3vinum. 1\u00d3 Drottinn! hefndarinnar Gu\u00f0, \u00fe\u00fa hefndarinnar Gu\u00f0, opinbera \u00feig d\u00fdr\u00f0lega.2Upphef \u00feig, \u00fe\u00fa jar\u00f0arinnar d\u00f3mari. Endurgjald \u00fe\u00fa \u00feeim drambl\u00e1tu.3Hv\u00f6rsu lengi skulu \u00feeir \u00f3gu\u00f0legu, Drottinn! hv\u00f6rsu lengi skulu \u00feeir \u00f3gu\u00f0legu gle\u00f0ja sig?4\u00deeir \u00fatausa, \u00feeir tala h\u00f6r\u00f0 or\u00f0, \u00feeir st\u00e6ra sig, allir \u00feeir sem rangindi a\u00f0hafast.5\u00deitt f\u00f3lk, \u00f3 Drottinn! merja \u00feeir, og \u00fe\u00edna erf\u00f0 pl\u00e1ga \u00feeir.6Ekkjuna og hinn \u00fatlenda drepa \u00feeir, og f\u00f6\u00f0urlausa myr\u00f0a \u00feeir.7Og \u00feeir segja: Drottinn s\u00e9r \u00fea\u00f0 ekki, og Jakobs Gu\u00f0 tekur ei eftir \u00fev\u00ed.8G\u00e6ti\u00f0 \u00fe\u00f3 vitsins, jafnvel \u00fe\u00e9r f\u00e1v\u00edsu me\u00f0al f\u00f3lksins, og \u00fe\u00e9r heimskingjar! n\u00e6r \u00e6tli\u00f0 \u00fe\u00e9r a\u00f0 ver\u00f0a hyggnir?9Mun s\u00e1 ei heyra sem <a href=\"https:\/\/biblian.is\/videy\/salmarnir-94-kafli\/\"> [&#8230;]<\/a><\/p>\n","protected":false},"author":1,"featured_media":0,"parent":0,"menu_order":0,"comment_status":"open","ping_status":"open","template":"bibliukaflar.php","meta":{"footnotes":""},"class_list":["post-21421","page","type-page","status-publish","hentry"],"_links":{"self":[{"href":"https:\/\/biblian.is\/videy\/wp-json\/wp\/v2\/pages\/21421","targetHints":{"allow":["GET"]}}],"collection":[{"href":"https:\/\/biblian.is\/videy\/wp-json\/wp\/v2\/pages"}],"about":[{"href":"https:\/\/biblian.is\/videy\/wp-json\/wp\/v2\/types\/page"}],"author":[{"embeddable":true,"href":"https:\/\/biblian.is\/videy\/wp-json\/wp\/v2\/users\/1"}],"replies":[{"embeddable":true,"href":"https:\/\/biblian.is\/videy\/wp-json\/wp\/v2\/comments?post=21421"}],"version-history":[{"count":0,"href":"https:\/\/biblian.is\/videy\/wp-json\/wp\/v2\/pages\/21421\/revisions"}],"wp:attachment":[{"href":"https:\/\/biblian.is\/videy\/wp-json\/wp\/v2\/media?parent=21421"}],"curies":[{"name":"wp","href":"https:\/\/api.w.org\/{rel}","templated":true}]}}