{"id":21419,"date":"2018-01-02T01:01:54","date_gmt":"2018-01-02T01:01:54","guid":{"rendered":"http:\/\/biblian.is\/videy\/salmarnir-92-kafli\/"},"modified":"2018-01-02T01:01:54","modified_gmt":"2018-01-02T01:01:54","slug":"salmarnir-92-kafli","status":"publish","type":"page","link":"https:\/\/biblian.is\/videy\/salmarnir-92-kafli\/","title":{"rendered":"S\u00e1lmarnir 92. kafli"},"content":{"rendered":"<div class=\"fyrirsognVidey\">Lofgj\u00f6r\u00f0 og tr\u00fana\u00f0artraust.<\/div>\n<p><a name=\"1\"><span class=\"versanumer\">1<\/span><\/a>Lofs\u00e1lmur \u00e1 sabbatsdegi.<a name=\"2\"><span class=\"versanumer\">2<\/span><\/a>\u00dea\u00f0 er fallegt a\u00f0 \u00feakka Drottni og syngja lof \u00fe\u00ednu nafni, \u00fe\u00fa \u00e6\u00f0sti!<a name=\"3\"><span class=\"versanumer\">3<\/span><\/a>a\u00f0 kunngj\u00f6ra \u00fe\u00edna n\u00e1\u00f0 um morguninn og \u00fe\u00edna tr\u00fafesti \u00e1 n\u00e6turnar,<a name=\"4\"><span class=\"versanumer\">4<\/span><\/a>\u00e1 t\u00edu strengja hlj\u00f3\u00f0f\u00e6ri, higajon, me\u00f0 h\u00f6rpum <span class='VideyAth'>(\u00fdmisleg hlj\u00f3\u00f0f\u00e6ri)<\/span>.<a name=\"5\"><span class=\"versanumer\">5<\/span><\/a>\u00dev\u00ed \u00fe\u00fa gle\u00f0ur mig, Drottinn! me\u00f0 \u00fe\u00ednum verkum, vi\u00f0 verkin \u00feinna handa vil eg gle\u00f0jast.<a name=\"6\"><span class=\"versanumer\">6<\/span><\/a>Hv\u00f6rsu st\u00f3r eru \u00fe\u00edn verk, Drottinn! mj\u00f6g dj\u00fapar eru \u00fe\u00ednar hugsanir.<a name=\"7\"><span class=\"versanumer\">7<\/span><\/a>F\u00e1v\u00eds ma\u00f0ur \u00feekkir \u00fe\u00e6r ekki, og heimskinginn skilur \u00fe\u00e6r ekki.<a name=\"8\"><span class=\"versanumer\">8<\/span><\/a>\u00deegar \u00feeir \u00f3gu\u00f0legu gr\u00e6nka sem grasi\u00f0, og allir \u00feeir bl\u00f3mgast sem a\u00f0hafast rangl\u00e6ti, \u00fe\u00e1 ske\u00f0ur \u00fea\u00f0 til \u00feess a\u00f0 \u00feeir ey\u00f0ileggist a\u00f0 fullu og \u00f6llu.<a name=\"9\"><span class=\"versanumer\">9<\/span><\/a>Og \u00fe\u00fa, Drottinn! ert h\u00e1r a\u00f0 eil\u00edfu.<a name=\"10\"><span class=\"versanumer\">10<\/span><\/a>\u00dev\u00ed sj\u00e1! \u00fe\u00ednir \u00f3vinir, \u00f3 Drottinn! \u00fe\u00ednir \u00f3vinir fyrirfarast; tv\u00edstrast allir \u00feeir sem rangt gj\u00f6ra.<a name=\"11\"><span class=\"versanumer\">11<\/span><\/a>En \u00fe\u00fa munt upplyfta m\u00ednu <span class='VideyAth'>a)<\/span> horni sem einhyrningsins; eg er smur\u00f0ur me\u00f0 <span class='VideyAth'>b)<\/span> n\u00fdju vi\u00f0smj\u00f6ri.<a name=\"12\"><span class=\"versanumer\">12<\/span><\/a>Og mitt auga mun me\u00f0 gle\u00f0i sj\u00e1 m\u00edna \u00f3vini, sem risu m\u00f3ti m\u00e9r, af \u00feeim vondu munu m\u00edn eyru fr\u00e9tta.<a name=\"13\"><span class=\"versanumer\">13<\/span><\/a>S\u00e1 r\u00e1\u00f0vandi mun gr\u00e6nka sem p\u00e1lmavi\u00f0ur, sem sedrustr\u00e9 \u00e1 Libanon vaxa.<a name=\"14\"><span class=\"versanumer\">14<\/span><\/a>\u00deeir sem eru gr\u00f3\u00f0ursettir \u00ed Drottins h\u00fasi, munu gr\u00e6nka \u00ed vors Gu\u00f0s forgar\u00f0i.<a name=\"15\"><span class=\"versanumer\">15<\/span><\/a>Jafnvel \u00ed sinni elli skulu \u00feeir bera \u00e1v\u00f6xt, hafa v\u00f6kva og gr\u00e6nka,<a name=\"16\"><span class=\"versanumer\">16<\/span><\/a>til a\u00f0 kunngj\u00f6ra a\u00f0 Drottinn, mitt v\u00edgi, er r\u00e9ttl\u00e1tur, a\u00f0 \u00ed honum eru engin rangindi.<\/p>\n<div class=\"footnoteVidey\">V. 11. a. Tign.  b. Menn smur\u00f0u sig \u00ed gle\u00f0iveislum.<\/div>\n","protected":false},"excerpt":{"rendered":"<p>Lofgj\u00f6r\u00f0 og tr\u00fana\u00f0artraust. 1Lofs\u00e1lmur \u00e1 sabbatsdegi.2\u00dea\u00f0 er fallegt a\u00f0 \u00feakka Drottni og syngja lof \u00fe\u00ednu nafni, \u00fe\u00fa \u00e6\u00f0sti!3a\u00f0 kunngj\u00f6ra \u00fe\u00edna n\u00e1\u00f0 um morguninn og \u00fe\u00edna tr\u00fafesti \u00e1 n\u00e6turnar,4\u00e1 t\u00edu strengja hlj\u00f3\u00f0f\u00e6ri, higajon, me\u00f0 h\u00f6rpum (\u00fdmisleg hlj\u00f3\u00f0f\u00e6ri).5\u00dev\u00ed \u00fe\u00fa gle\u00f0ur mig, Drottinn! me\u00f0 \u00fe\u00ednum verkum, vi\u00f0 verkin \u00feinna handa vil eg gle\u00f0jast.6Hv\u00f6rsu st\u00f3r eru \u00fe\u00edn verk, Drottinn! mj\u00f6g dj\u00fapar eru \u00fe\u00ednar hugsanir.7F\u00e1v\u00eds ma\u00f0ur \u00feekkir \u00fe\u00e6r ekki, og heimskinginn skilur \u00fe\u00e6r ekki.8\u00deegar \u00feeir \u00f3gu\u00f0legu gr\u00e6nka sem grasi\u00f0, og allir \u00feeir bl\u00f3mgast sem a\u00f0hafast rangl\u00e6ti, \u00fe\u00e1 ske\u00f0ur \u00fea\u00f0 til \u00feess a\u00f0 \u00feeir ey\u00f0ileggist a\u00f0 fullu og \u00f6llu.9Og \u00fe\u00fa, Drottinn! ert h\u00e1r a\u00f0 eil\u00edfu.10\u00dev\u00ed sj\u00e1! <a href=\"https:\/\/biblian.is\/videy\/salmarnir-92-kafli\/\"> [&#8230;]<\/a><\/p>\n","protected":false},"author":1,"featured_media":0,"parent":0,"menu_order":0,"comment_status":"open","ping_status":"open","template":"bibliukaflar.php","meta":{"footnotes":""},"class_list":["post-21419","page","type-page","status-publish","hentry"],"_links":{"self":[{"href":"https:\/\/biblian.is\/videy\/wp-json\/wp\/v2\/pages\/21419","targetHints":{"allow":["GET"]}}],"collection":[{"href":"https:\/\/biblian.is\/videy\/wp-json\/wp\/v2\/pages"}],"about":[{"href":"https:\/\/biblian.is\/videy\/wp-json\/wp\/v2\/types\/page"}],"author":[{"embeddable":true,"href":"https:\/\/biblian.is\/videy\/wp-json\/wp\/v2\/users\/1"}],"replies":[{"embeddable":true,"href":"https:\/\/biblian.is\/videy\/wp-json\/wp\/v2\/comments?post=21419"}],"version-history":[{"count":0,"href":"https:\/\/biblian.is\/videy\/wp-json\/wp\/v2\/pages\/21419\/revisions"}],"wp:attachment":[{"href":"https:\/\/biblian.is\/videy\/wp-json\/wp\/v2\/media?parent=21419"}],"curies":[{"name":"wp","href":"https:\/\/api.w.org\/{rel}","templated":true}]}}