{"id":21418,"date":"2018-01-02T01:01:54","date_gmt":"2018-01-02T01:01:54","guid":{"rendered":"http:\/\/biblian.is\/videy\/salmarnir-91-kafli\/"},"modified":"2018-01-02T01:01:54","modified_gmt":"2018-01-02T01:01:54","slug":"salmarnir-91-kafli","status":"publish","type":"page","link":"https:\/\/biblian.is\/videy\/salmarnir-91-kafli\/","title":{"rendered":"S\u00e1lmarnir 91. kafli"},"content":{"rendered":"<div class=\"fyrirsognVidey\">Lukka \u00feess sem treystir Gu\u00f0i.<\/div>\n<p><a name=\"1\"><span class=\"versanumer\">1<\/span><\/a>Hv\u00f6r sem b\u00fdr undir var\u00f0veislu hins \u00e6\u00f0sta, s\u00e1 hv\u00edlir \u00f3hult \u00ed skugga hins alm\u00e1ttuga.<a name=\"2\"><span class=\"versanumer\">2<\/span><\/a>Eg segi vi\u00f0 Drottin: \u00fe\u00fa ert mitt athvarf og mitt v\u00edgi, minn Gu\u00f0! \u00e1 hv\u00f6rn eg treysti.<a name=\"3\"><span class=\"versanumer\">3<\/span><\/a>\u00dev\u00ed hann frelsar \u00feig, af sn\u00f6ru vei\u00f0imannsins, fr\u00e1 \u00feeirri h\u00e1skalegu dreps\u00f3tt.<a name=\"4\"><span class=\"versanumer\">4<\/span><\/a>Me\u00f0 s\u00ednum fj\u00f6\u00f0rum mun hann sk\u00fdla \u00fe\u00e9r og undir hans v\u00e6ngjum muntu finna h\u00e6li, hans tr\u00fafesti er skj\u00f6ldur og brynja.<a name=\"5\"><span class=\"versanumer\">5<\/span><\/a>\u00de\u00fa munt ei hr\u00e6\u00f0ast n\u00e6turinnar skelfingu, og ei \u00fe\u00e6r p\u00edlur sem flj\u00faga \u00e1 daginn,<a name=\"6\"><span class=\"versanumer\">6<\/span><\/a>ekki \u00fe\u00e1 dreps\u00f3tt sem fer \u00e1fram \u00ed myrkrinu, ei \u00fe\u00e1 s\u00f3tt sem ey\u00f0ileggur um h\u00e1degi\u00f0.<a name=\"7\"><span class=\"versanumer\">7<\/span><\/a>\u00de\u00f3 a\u00f0 \u00fe\u00fasund falli \u00fe\u00e9r til vinstri handar og t\u00edu \u00fe\u00fasund \u00fe\u00e9r til h\u00e6gri handar, \u00feig n\u00e1lgast \u00fea\u00f0 ekki.<a name=\"8\"><span class=\"versanumer\">8<\/span><\/a>\u00de\u00fa skalt a\u00f0eins sj\u00e1 \u00fea\u00f0 me\u00f0 augunum, og horfa \u00e1 gj\u00f6ld hinna \u00f3gu\u00f0legu.<a name=\"9\"><span class=\"versanumer\">9<\/span><\/a>\u00dev\u00ed \u00fe\u00fa, Drottinn! ert mitt athvarf; <span class='VideyAth'>(svar annars)<\/span> \u00feann \u00e6\u00f0sta hefir \u00fe\u00fa vali\u00f0 \u00fe\u00e9r til varnar.<a name=\"10\"><span class=\"versanumer\">10<\/span><\/a>\u00de\u00e9r m\u00e6tir ekkert illt, og engin pl\u00e1ga n\u00e1lgast \u00fe\u00edna tjaldb\u00fa\u00f0.<a name=\"11\"><span class=\"versanumer\">11<\/span><\/a>\u00dev\u00ed hann mun bj\u00f3\u00f0a \u00fe\u00e9r s\u00edna engla a\u00f0 var\u00f0veita \u00feig \u00e1 \u00f6llum \u00fe\u00ednum vegum.<a name=\"12\"><span class=\"versanumer\">12<\/span><\/a>\u00c1 h\u00f6ndum bera \u00feeir \u00feig, a\u00f0 \u00fe\u00fa ei steytir f\u00f3t \u00feinn vi\u00f0 steini.<a name=\"13\"><span class=\"versanumer\">13<\/span><\/a>Yfir lj\u00f3n og eiturorma muntu ganga og tro\u00f0a ofan \u00e1 lj\u00f3nsunga og dreka <span class='VideyAth'>(a\u00f0 \u00f3sekju)<\/span>.<a name=\"14\"><span class=\"versanumer\">14<\/span><\/a>Hann hefir f\u00f6gnu\u00f0 af m\u00e9r, \u00fev\u00ed mun eg frelsa hann <span class='VideyAth'>(segir Drottinn)<\/span> eg vil upphefja hann, af \u00fev\u00ed hann \u00feekkir mitt nafn.<a name=\"15\"><span class=\"versanumer\">15<\/span><\/a>Hann skal \u00e1kalla mig, og eg vil b\u00e6nheyra hann, eg er hj\u00e1 honum \u00ed ney\u00f0inni, eg mun frelsa hann, og gj\u00f6ra vegsamlegan.<a name=\"16\"><span class=\"versanumer\">16<\/span><\/a>Me\u00f0 langl\u00edfi mun eg metta hann og l\u00e1ta hann sj\u00e1 mitt hj\u00e1lpr\u00e6\u00f0i.<\/p>\n<div class=\"footnoteVidey\"><\/div>\n","protected":false},"excerpt":{"rendered":"<p>Lukka \u00feess sem treystir Gu\u00f0i. 1Hv\u00f6r sem b\u00fdr undir var\u00f0veislu hins \u00e6\u00f0sta, s\u00e1 hv\u00edlir \u00f3hult \u00ed skugga hins alm\u00e1ttuga.2Eg segi vi\u00f0 Drottin: \u00fe\u00fa ert mitt athvarf og mitt v\u00edgi, minn Gu\u00f0! \u00e1 hv\u00f6rn eg treysti.3\u00dev\u00ed hann frelsar \u00feig, af sn\u00f6ru vei\u00f0imannsins, fr\u00e1 \u00feeirri h\u00e1skalegu dreps\u00f3tt.4Me\u00f0 s\u00ednum fj\u00f6\u00f0rum mun hann sk\u00fdla \u00fe\u00e9r og undir hans v\u00e6ngjum muntu finna h\u00e6li, hans tr\u00fafesti er skj\u00f6ldur og brynja.5\u00de\u00fa munt ei hr\u00e6\u00f0ast n\u00e6turinnar skelfingu, og ei \u00fe\u00e6r p\u00edlur sem flj\u00faga \u00e1 daginn,6ekki \u00fe\u00e1 dreps\u00f3tt sem fer \u00e1fram \u00ed myrkrinu, ei \u00fe\u00e1 s\u00f3tt sem ey\u00f0ileggur um h\u00e1degi\u00f0.7\u00de\u00f3 a\u00f0 \u00fe\u00fasund falli \u00fe\u00e9r til vinstri handar og t\u00edu <a href=\"https:\/\/biblian.is\/videy\/salmarnir-91-kafli\/\"> [&#8230;]<\/a><\/p>\n","protected":false},"author":1,"featured_media":0,"parent":0,"menu_order":0,"comment_status":"open","ping_status":"open","template":"bibliukaflar.php","meta":{"footnotes":""},"class_list":["post-21418","page","type-page","status-publish","hentry"],"_links":{"self":[{"href":"https:\/\/biblian.is\/videy\/wp-json\/wp\/v2\/pages\/21418","targetHints":{"allow":["GET"]}}],"collection":[{"href":"https:\/\/biblian.is\/videy\/wp-json\/wp\/v2\/pages"}],"about":[{"href":"https:\/\/biblian.is\/videy\/wp-json\/wp\/v2\/types\/page"}],"author":[{"embeddable":true,"href":"https:\/\/biblian.is\/videy\/wp-json\/wp\/v2\/users\/1"}],"replies":[{"embeddable":true,"href":"https:\/\/biblian.is\/videy\/wp-json\/wp\/v2\/comments?post=21418"}],"version-history":[{"count":0,"href":"https:\/\/biblian.is\/videy\/wp-json\/wp\/v2\/pages\/21418\/revisions"}],"wp:attachment":[{"href":"https:\/\/biblian.is\/videy\/wp-json\/wp\/v2\/media?parent=21418"}],"curies":[{"name":"wp","href":"https:\/\/api.w.org\/{rel}","templated":true}]}}