{"id":21417,"date":"2018-01-02T01:01:54","date_gmt":"2018-01-02T01:01:54","guid":{"rendered":"http:\/\/biblian.is\/videy\/salmarnir-90-kafli\/"},"modified":"2018-01-02T01:01:54","modified_gmt":"2018-01-02T01:01:54","slug":"salmarnir-90-kafli","status":"publish","type":"page","link":"https:\/\/biblian.is\/videy\/salmarnir-90-kafli\/","title":{"rendered":"S\u00e1lmarnir 90. kafli"},"content":{"rendered":"<div class=\"fyrirsognVidey\">Gu\u00f0s n\u00e1\u00f0 eil\u00edf. Mannlegt l\u00edf skammvinnt. B\u00e6n um Gu\u00f0s miskunn.<\/div>\n<p><a name=\"1\"><span class=\"versanumer\">1<\/span><\/a>B\u00e6n M\u00f3sis \u00feess gu\u00f0smanns. Drottinn! \u00fe\u00fa varst vort athvarf fr\u00e1 kyni til kyns.<a name=\"2\"><span class=\"versanumer\">2<\/span><\/a>\u00c1\u00f0ur en fj\u00f6llin f\u00e6ddust og \u00fe\u00fa tilbj\u00f3st j\u00f6r\u00f0ina og heiminn, j\u00e1, fr\u00e1 eil\u00edf\u00f0 til eil\u00edf\u00f0ar, ertu Gu\u00f0.<a name=\"3\"><span class=\"versanumer\">3<\/span><\/a>\u00de\u00fa gj\u00f6rir manninn a\u00f0 dufti og segir: komi\u00f0 aftur, \u00fe\u00e9r mannanna b\u00f6rn!<a name=\"4\"><span class=\"versanumer\">4<\/span><\/a>\u00dev\u00ed \u00fe\u00fasund \u00e1r eru fyrir \u00fe\u00ednum augum sem dagurinn \u00ed g\u00e6r, \u00fe\u00e1 hann er li\u00f0inn, og eins og n\u00e6turvaka.<a name=\"5\"><span class=\"versanumer\">5<\/span><\/a>\u00de\u00fa burt skolar \u00feeim, \u00feeir eru sem draumur; \u00e1 morgnana sem gras, er skj\u00f3tt hverfur.<a name=\"6\"><span class=\"versanumer\">6<\/span><\/a>\u00c1 morgnana bl\u00f3mgast \u00fea\u00f0 og vex, \u00e1 kv\u00f6ldin er \u00fea\u00f0 slegi\u00f0 og \u00feurrka\u00f0.<a name=\"7\"><span class=\"versanumer\">7<\/span><\/a>\u00dev\u00ed v\u00e9r tort\u00ednumst \u00ed \u00feinni rei\u00f0i, og hr\u00f6kkum undan \u00feinni br\u00e6\u00f0i.<a name=\"8\"><span class=\"versanumer\">8<\/span><\/a>\u00de\u00fa setur vorar misgj\u00f6r\u00f0ir \u00fe\u00e9r fyrir augu, vorar heimuglegu syndir fyrir lj\u00f3s \u00fe\u00edns auglitis.<a name=\"9\"><span class=\"versanumer\">9<\/span><\/a>\u00dev\u00ed allir vorir dagar hverfa burt fyrir \u00feinni rei\u00f0i, v\u00e9r ey\u00f0um vorum \u00e1rum eins og hugsan.<a name=\"10\"><span class=\"versanumer\">10<\/span><\/a>Vorir \u00e6vidagar eru sj\u00f6t\u00edu \u00e1r, og me\u00f0 sterkri heilsu \u00e1ttat\u00edu \u00e1r, og \u00fea\u00f0 \u00feeirra hi\u00f0 kostulegasta er sorg og m\u00e6\u00f0a, \u00fev\u00ed \u00feau l\u00ed\u00f0a skj\u00f3tt, og v\u00e9r erum \u00e1 flugi.<a name=\"11\"><span class=\"versanumer\">11<\/span><\/a>Hv\u00f6r \u00feekkir styrkleika \u00feinnar rei\u00f0i, og \u00fe\u00edna br\u00e6\u00f0i eins og \u00f3ttinn fyrir \u00fe\u00e9r \u00fatheimtir?<a name=\"12\"><span class=\"versanumer\">12<\/span><\/a>Kenn oss svo a\u00f0 telja vora daga, a\u00f0 v\u00e9r ver\u00f0um forsj\u00e1lir.<a name=\"13\"><span class=\"versanumer\">13<\/span><\/a>Sn\u00fa \u00fe\u00e9r til vor, Drottinn! hv\u00f6rsu lengi <span class='VideyAth'>a)<\/span>? aumkastu yfir \u00fe\u00edna \u00fe\u00e9nara.<a name=\"14\"><span class=\"versanumer\">14<\/span><\/a>Metta oss skj\u00f3tt me\u00f0 \u00feinni miskunn, svo munum v\u00e9r fagna og gle\u00f0ja oss alla daga vors l\u00edfs.<a name=\"15\"><span class=\"versanumer\">15<\/span><\/a>Gle\u00f0 oss n\u00fa eins marga daga, og \u00fe\u00fa hefir oss beygt, eins m\u00f6rg \u00e1r og v\u00e9r h\u00f6fum s\u00e9\u00f0 \u00f3lukku.<a name=\"16\"><span class=\"versanumer\">16<\/span><\/a>L\u00e1t \u00fe\u00edna \u00fej\u00f3na sj\u00e1 \u00feitt verk, og \u00feeirra b\u00f6rn \u00fe\u00edna d\u00fdr\u00f0.<a name=\"17\"><span class=\"versanumer\">17<\/span><\/a>Drottinn vors Gu\u00f0s g\u00f3\u00f0girni veri yfir oss og sta\u00f0festi verk vorra handa, j\u00e1, l\u00e1t \u00fe\u00e9r \u00fe\u00f3knast a\u00f0 sta\u00f0festa verkin vorra handa!<\/p>\n<div class=\"footnoteVidey\">V. 13. a. Nl. viltu vera rei\u00f0ur.<\/div>\n","protected":false},"excerpt":{"rendered":"<p>Gu\u00f0s n\u00e1\u00f0 eil\u00edf. Mannlegt l\u00edf skammvinnt. B\u00e6n um Gu\u00f0s miskunn. 1B\u00e6n M\u00f3sis \u00feess gu\u00f0smanns. Drottinn! \u00fe\u00fa varst vort athvarf fr\u00e1 kyni til kyns.2\u00c1\u00f0ur en fj\u00f6llin f\u00e6ddust og \u00fe\u00fa tilbj\u00f3st j\u00f6r\u00f0ina og heiminn, j\u00e1, fr\u00e1 eil\u00edf\u00f0 til eil\u00edf\u00f0ar, ertu Gu\u00f0.3\u00de\u00fa gj\u00f6rir manninn a\u00f0 dufti og segir: komi\u00f0 aftur, \u00fe\u00e9r mannanna b\u00f6rn!4\u00dev\u00ed \u00fe\u00fasund \u00e1r eru fyrir \u00fe\u00ednum augum sem dagurinn \u00ed g\u00e6r, \u00fe\u00e1 hann er li\u00f0inn, og eins og n\u00e6turvaka.5\u00de\u00fa burt skolar \u00feeim, \u00feeir eru sem draumur; \u00e1 morgnana sem gras, er skj\u00f3tt hverfur.6\u00c1 morgnana bl\u00f3mgast \u00fea\u00f0 og vex, \u00e1 kv\u00f6ldin er \u00fea\u00f0 slegi\u00f0 og \u00feurrka\u00f0.7\u00dev\u00ed v\u00e9r tort\u00ednumst \u00ed \u00feinni rei\u00f0i, og <a href=\"https:\/\/biblian.is\/videy\/salmarnir-90-kafli\/\"> [&#8230;]<\/a><\/p>\n","protected":false},"author":1,"featured_media":0,"parent":0,"menu_order":0,"comment_status":"open","ping_status":"open","template":"bibliukaflar.php","meta":{"footnotes":""},"class_list":["post-21417","page","type-page","status-publish","hentry"],"_links":{"self":[{"href":"https:\/\/biblian.is\/videy\/wp-json\/wp\/v2\/pages\/21417","targetHints":{"allow":["GET"]}}],"collection":[{"href":"https:\/\/biblian.is\/videy\/wp-json\/wp\/v2\/pages"}],"about":[{"href":"https:\/\/biblian.is\/videy\/wp-json\/wp\/v2\/types\/page"}],"author":[{"embeddable":true,"href":"https:\/\/biblian.is\/videy\/wp-json\/wp\/v2\/users\/1"}],"replies":[{"embeddable":true,"href":"https:\/\/biblian.is\/videy\/wp-json\/wp\/v2\/comments?post=21417"}],"version-history":[{"count":0,"href":"https:\/\/biblian.is\/videy\/wp-json\/wp\/v2\/pages\/21417\/revisions"}],"wp:attachment":[{"href":"https:\/\/biblian.is\/videy\/wp-json\/wp\/v2\/media?parent=21417"}],"curies":[{"name":"wp","href":"https:\/\/api.w.org\/{rel}","templated":true}]}}