{"id":21416,"date":"2018-01-02T01:01:54","date_gmt":"2018-01-02T01:01:54","guid":{"rendered":"http:\/\/biblian.is\/videy\/salmarnir-89-kafli\/"},"modified":"2018-01-02T01:01:54","modified_gmt":"2018-01-02T01:01:54","slug":"salmarnir-89-kafli","status":"publish","type":"page","link":"https:\/\/biblian.is\/videy\/salmarnir-89-kafli\/","title":{"rendered":"S\u00e1lmarnir 89. kafli"},"content":{"rendered":"<div class=\"fyrirsognVidey\">B\u00e6n fyrir Dav\u00ed\u00f0s \u00e6ttlegg.<\/div>\n<p><a name=\"1\"><span class=\"versanumer\">1<\/span><\/a>Kennslulj\u00f3\u00f0 af Ethan Efrah\u00edta.<a name=\"2\"><span class=\"versanumer\">2<\/span><\/a>Um Drottins miskunn vil eg eil\u00edflega syngja, fr\u00e1 kyni til kyns skal minn munnur kunngj\u00f6ra \u00fe\u00edna tr\u00fafesti.<a name=\"3\"><span class=\"versanumer\">3<\/span><\/a>\u00dev\u00ed eg hugsa: fyrir eil\u00edf\u00f0 var \u00fe\u00edn miskunn til, jafnsnemma sem himinninn festir \u00fe\u00fa \u00fe\u00edna tr\u00fafesti, og sag\u00f0ir:<a name=\"4\"><span class=\"versanumer\">4<\/span><\/a>\u201eeg gj\u00f6r\u00f0i s\u00e1ttm\u00e1la vi\u00f0 minn \u00fatvalda, eg s\u00f3r Dav\u00ed\u00f0 m\u00ednum \u00fe\u00e9nara:<a name=\"5\"><span class=\"versanumer\">5<\/span><\/a>eg vil sta\u00f0festa \u00feitt s\u00e6\u00f0i eil\u00edflega, og byggja \u00feitt h\u00e1s\u00e6ti fr\u00e1 kyni til kyns\u201c.<a name=\"6\"><span class=\"versanumer\">6<\/span><\/a>Himnarnir pr\u00edsa \u00fe\u00ednar d\u00e1semdir, Drottinn! og s\u00f6fnu\u00f0ur hinna heil\u00f6gu \u00fe\u00edna tr\u00fafesti.<a name=\"7\"><span class=\"versanumer\">7<\/span><\/a>\u00dev\u00ed hv\u00f6r \u00ed \u00feeim h\u00e1u sk\u00fdjum getur jafnast vi\u00f0 Drottin?<a name=\"8\"><span class=\"versanumer\">8<\/span><\/a>Hv\u00f6r er Drottni l\u00edkur me\u00f0al gu\u00f0anna barna? Gu\u00f0 er mj\u00f6g \u00f3ttalegur \u00ed leyndarr\u00e1\u00f0i hinna heil\u00f6gu, og hr\u00e6\u00f0ilegur fram yfir alla sem eru \u00ed kringum hann.<a name=\"9\"><span class=\"versanumer\">9<\/span><\/a>\u00d3 Drottinn, herskaranna Gu\u00f0! hv\u00f6r er sem \u00fe\u00fa, voldugur, \u00f3 Drottinn! og \u00fe\u00edn tr\u00fafesti er allt \u00ed kringum \u00feig.<a name=\"10\"><span class=\"versanumer\">10<\/span><\/a>\u00de\u00fa drottnar yfir hafsins drambsemi, \u00feegar \u00feess bylgjur lyfta s\u00e9r upp, l\u00e6gir \u00fe\u00fa \u00fe\u00e6r.<a name=\"11\"><span class=\"versanumer\">11<\/span><\/a>\u00de\u00fa sundurmer hinn drambsama, sem \u00feann \u00ed helslegna. Me\u00f0 \u00fe\u00ednum sterka armi tv\u00edstrar \u00fe\u00fa \u00fe\u00ednum \u00f3vinum.<a name=\"12\"><span class=\"versanumer\">12<\/span><\/a>\u00de\u00e9r tilheyra himnarnir, \u00fe\u00e9r j\u00f6r\u00f0in, heimurinn og \u00fea\u00f0 sem \u00ed honum er, \u00fe\u00fa grundvalla\u00f0ir hann.<a name=\"13\"><span class=\"versanumer\">13<\/span><\/a>Nor\u00f0ur og su\u00f0ur skapa\u00f0ir \u00fe\u00fa, Tabor og Hermon gle\u00f0ja sig vi\u00f0 \u00feitt nafn.<a name=\"14\"><span class=\"versanumer\">14<\/span><\/a>\u00de\u00fa hefir armlegg fullan af krafti. \u00de\u00edn h\u00f6nd er sterk, \u00fe\u00edn h\u00e6gri h\u00f6nd er \u00e1 lofti.<a name=\"15\"><span class=\"versanumer\">15<\/span><\/a>R\u00e9ttur og r\u00e9ttv\u00edsi er festa \u00fe\u00edns h\u00e1s\u00e6tis, miskunn og sannleiki s\u00edfellt \u00fe\u00e9r fyrir augs\u00fdn.<br \/><a name=\"16\"><span class=\"versanumer\">16<\/span><\/a>S\u00e6l er s\u00fa \u00fej\u00f3\u00f0, sem \u00feekkir b\u00e1s\u00fanunnar hlj\u00f3m, Drottinn! h\u00fan gengur \u00ed lj\u00f3si \u00fe\u00edns andlitis.<a name=\"17\"><span class=\"versanumer\">17<\/span><\/a>\u00cd \u00fe\u00ednu nafni fagna \u00feeir allan daginn, og af \u00feinni r\u00e9ttv\u00edsi hr\u00f3sa \u00feeir s\u00e9r.<a name=\"18\"><span class=\"versanumer\">18<\/span><\/a>\u00dev\u00ed \u00fe\u00fa ert pr\u00fd\u00f0in \u00feeirra styrkleika, og \u00fe\u00edn n\u00e1\u00f0 upplyftir vorum h\u00f6f\u00f0um.<a name=\"19\"><span class=\"versanumer\">19<\/span><\/a>Fr\u00e1 Drottni er vor skj\u00f6ldur, og fr\u00e1 \u00cdsraels heilaga vor k\u00f3ngur.<a name=\"20\"><span class=\"versanumer\">20<\/span><\/a>\u00de\u00e1 tala\u00f0ir \u00fe\u00fa til \u00fe\u00edns heilaga \u00ed einni s\u00fdn og sag\u00f0ir: eg hefi \u00e6tla\u00f0 hetjunni hj\u00e1lp, eg hefi upphafi\u00f0 \u00feann \u00fatvalda af f\u00f3lkinu, <span class='VideyAth'>(sj\u00e1 v. 4.5)<\/span>.<a name=\"21\"><span class=\"versanumer\">21<\/span><\/a>Eg hefi fundi\u00f0 Dav\u00ed\u00f0 minn \u00fe\u00e9nara, eg hefi smurt hann me\u00f0 vi\u00f0smj\u00f6ri <span class='VideyAth'>(minni heil\u00f6gu ol\u00edu)<\/span>.<a name=\"22\"><span class=\"versanumer\">22<\/span><\/a>Me\u00f0 honum skal m\u00edn h\u00f6nd \u00e1vallt vera, j\u00e1, minn armur skal styrkja hann.<a name=\"23\"><span class=\"versanumer\">23<\/span><\/a>\u00d3vinurinn skal ekki \u00fer\u00f6ngva honum, og rangl\u00e6tisins sonur skal ei undir\u00ferykkja hann.<a name=\"24\"><span class=\"versanumer\">24<\/span><\/a>En eg skal sundurmerja hans m\u00f3tst\u00f6\u00f0umenn fyrir hans augs\u00fdn, og sl\u00e1 \u00fe\u00e1 sem hann hata.<a name=\"25\"><span class=\"versanumer\">25<\/span><\/a>Og m\u00edn tr\u00fafesti og miskunn skal vera me\u00f0 honum, og \u00ed m\u00ednu nafni skal hans h\u00f6fu\u00f0 upphefjast.<a name=\"26\"><span class=\"versanumer\">26<\/span><\/a>Og eg vil \u00fat\u00feenja hans h\u00f6nd til hafsins, og hans h\u00e6gri h\u00f6nd til \u00e1nna <span class='VideyAth'>(Evfrat og T\u00edgris)<\/span>.<a name=\"27\"><span class=\"versanumer\">27<\/span><\/a>Hann mun \u00e1varpa mig \u00feannig: \u00fe\u00fa ert minn fa\u00f0ir, minn Gu\u00f0 og m\u00edns frelsis klettur.<a name=\"28\"><span class=\"versanumer\">28<\/span><\/a>J\u00e1, eg vil gj\u00f6ra hann a\u00f0 frumbur\u00f0i, a\u00f0 \u00feeim ypparsta me\u00f0al jar\u00f0arinnar k\u00f3nga.<a name=\"29\"><span class=\"versanumer\">29<\/span><\/a>Eg vil var\u00f0veita honum m\u00edna miskunn eil\u00edflega, og minn s\u00e1ttm\u00e1li skal vandlega vera haldinn vi\u00f0 hann.<a name=\"30\"><span class=\"versanumer\">30<\/span><\/a>Eg mun gj\u00f6ra hans \u00e6tt langg\u00e6\u00f0a, og hans h\u00e1s\u00e6ti sem himinsins aldur <span class='VideyAth'>(daga)<\/span>.<a name=\"31\"><span class=\"versanumer\">31<\/span><\/a>Ef a\u00f0 hans ni\u00f0jar yfirgefa m\u00edn l\u00f6g, og ekki ganga \u00ed m\u00ednum r\u00e9ttindum.<a name=\"32\"><span class=\"versanumer\">32<\/span><\/a>Ef a\u00f0 \u00feeir vanhelga m\u00ednar skikkanir, og halda ekki m\u00edn bo\u00f0or\u00f0,<a name=\"33\"><span class=\"versanumer\">33<\/span><\/a>\u00fe\u00e1 mun eg straffa \u00feeirra yfirtro\u00f0slur me\u00f0 vendi, og \u00feeirra misgj\u00f6r\u00f0ir me\u00f0 h\u00f6ggum,<a name=\"34\"><span class=\"versanumer\">34<\/span><\/a>en eg mun ekki fr\u00e1 \u00feeim taka m\u00edna n\u00e1\u00f0, og ekki l\u00e1ta \u00feeim breg\u00f0ast m\u00edna trygg\u00f0.<a name=\"35\"><span class=\"versanumer\">35<\/span><\/a>Eg mun ekki vanhelga <span class='VideyAth'>(rj\u00fafa)<\/span> minn s\u00e1ttm\u00e1la, og ekki umbreyta \u00fev\u00ed sem \u00fat er gengi\u00f0 af m\u00ednum v\u00f6rum.<a name=\"36\"><span class=\"versanumer\">36<\/span><\/a>Eg s\u00f3r einu sinni vi\u00f0 minn heilagleika: eg skal ekki lj\u00faga a\u00f0 Dav\u00ed\u00f0.<a name=\"37\"><span class=\"versanumer\">37<\/span><\/a>Hans ni\u00f0jar skulu \u00e6t\u00ed\u00f0 vi\u00f0vara, og hans h\u00e1s\u00e6ti, sem s\u00f3lin, fyrir m\u00ednu augliti.<a name=\"38\"><span class=\"versanumer\">38<\/span><\/a>Eins og tungli\u00f0 skal hann \u00e6t\u00ed\u00f0 vi\u00f0vara og sem vitni\u00f0 \u00ed sk\u00fdjunum er sanns\u00f6gult.<a name=\"39\"><span class=\"versanumer\">39<\/span><\/a>En n\u00fa \u00fatsk\u00fafar \u00fe\u00fa honum og fyrirl\u00edtur\u2014\u00fe\u00fa ert rei\u00f0ur \u00fe\u00ednum smur\u00f0a.<a name=\"40\"><span class=\"versanumer\">40<\/span><\/a>\u00de\u00fa metur einkis s\u00e1ttm\u00e1lann vi\u00f0 \u00feinn \u00fe\u00e9nara, og vanhelgar allt a\u00f0 duftinu hans k\u00f3r\u00f3nu.<a name=\"41\"><span class=\"versanumer\">41<\/span><\/a>\u00de\u00fa ni\u00f0urr\u00edfur alla hans m\u00farveggi, \u00fe\u00fa gj\u00f6rir hans kastala a\u00f0 ey\u00f0ilegging.<a name=\"42\"><span class=\"versanumer\">42<\/span><\/a>Allir sem framhj\u00e1 fara, r\u00e6na hann; s\u00ednum n\u00e1b\u00faum er hann or\u00f0inn a\u00f0 h\u00e1\u00f0ung.<a name=\"43\"><span class=\"versanumer\">43<\/span><\/a>H\u00e6gri h\u00f6nd hans m\u00f3tst\u00f6\u00f0umanna upphefur \u00fe\u00fa.<a name=\"44\"><span class=\"versanumer\">44<\/span><\/a>\u00de\u00fa gle\u00f0ur alla hans \u00f3vini. \u00de\u00fa l\u00e6tur hans beitta sver\u00f0 v\u00edkja, svo hann stenst ekki \u00ed str\u00ed\u00f0inu.<a name=\"45\"><span class=\"versanumer\">45<\/span><\/a>\u00de\u00fa gj\u00f6rir enda \u00e1 hans lj\u00f3ma og kastar hans h\u00e1s\u00e6ti ni\u00f0ur til jar\u00f0ar.<a name=\"46\"><span class=\"versanumer\">46<\/span><\/a>\u00de\u00fa styttir hans \u00e6sku daga og \u00feekur hann me\u00f0 sk\u00f6mm.<a name=\"47\"><span class=\"versanumer\">47<\/span><\/a>Hv\u00f6rsu lengi, Drottinn! \u00e6tlar \u00fe\u00fa a\u00f0 fela \u00feig? mun \u00fe\u00edn rei\u00f0i \u00e6t\u00ed\u00f0 loga sem eldur?<a name=\"48\"><span class=\"versanumer\">48<\/span><\/a>Minnstu m\u00edn! hva\u00f0 er l\u00edfi\u00f0? til hv\u00edl\u00edks h\u00e9g\u00f3ma skapa\u00f0ir \u00fe\u00fa \u00f6ll mannanna b\u00f6rn?<a name=\"49\"><span class=\"versanumer\">49<\/span><\/a>Hv\u00f6r ma\u00f0ur lifir sem ekki sj\u00e1i dau\u00f0ann? sem geti fr\u00eda\u00f0 s\u00edna s\u00e1lu fr\u00e1 grafarinnar ofbeldi.<a name=\"50\"><span class=\"versanumer\">50<\/span><\/a>Drottinn! hvar er \u00fe\u00edn fyrri miskunn sem \u00fe\u00fa s\u00f3rst Dav\u00ed\u00f0 vi\u00f0 \u00feinn sannleika?<a name=\"51\"><span class=\"versanumer\">51<\/span><\/a>Minnst\u00fa, Drottinn! \u00e1 forsm\u00e1n \u00feinna \u00fe\u00e9nara, a\u00f0 eg ber \u00ed m\u00ednum barmi allar \u00fe\u00e6r miklu \u00fej\u00f3\u00f0ir,<a name=\"52\"><span class=\"versanumer\">52<\/span><\/a>a\u00f0 \u00fe\u00ednir \u00f3vinir, Drottinn! spotta, a\u00f0 \u00feeir spotta f\u00f3tspor \u00fe\u00edns smur\u00f0a.<a name=\"53\"><span class=\"versanumer\">53<\/span><\/a>Lofa\u00f0ur veri Drottinn eil\u00edflega! Amen! j\u00e1, Amen!<\/p>\n<div class=\"footnoteVidey\"><\/div>\n","protected":false},"excerpt":{"rendered":"<p>B\u00e6n fyrir Dav\u00ed\u00f0s \u00e6ttlegg. 1Kennslulj\u00f3\u00f0 af Ethan Efrah\u00edta.2Um Drottins miskunn vil eg eil\u00edflega syngja, fr\u00e1 kyni til kyns skal minn munnur kunngj\u00f6ra \u00fe\u00edna tr\u00fafesti.3\u00dev\u00ed eg hugsa: fyrir eil\u00edf\u00f0 var \u00fe\u00edn miskunn til, jafnsnemma sem himinninn festir \u00fe\u00fa \u00fe\u00edna tr\u00fafesti, og sag\u00f0ir:4\u201eeg gj\u00f6r\u00f0i s\u00e1ttm\u00e1la vi\u00f0 minn \u00fatvalda, eg s\u00f3r Dav\u00ed\u00f0 m\u00ednum \u00fe\u00e9nara:5eg vil sta\u00f0festa \u00feitt s\u00e6\u00f0i eil\u00edflega, og byggja \u00feitt h\u00e1s\u00e6ti fr\u00e1 kyni til kyns\u201c.6Himnarnir pr\u00edsa \u00fe\u00ednar d\u00e1semdir, Drottinn! og s\u00f6fnu\u00f0ur hinna heil\u00f6gu \u00fe\u00edna tr\u00fafesti.7\u00dev\u00ed hv\u00f6r \u00ed \u00feeim h\u00e1u sk\u00fdjum getur jafnast vi\u00f0 Drottin?8Hv\u00f6r er Drottni l\u00edkur me\u00f0al gu\u00f0anna barna? Gu\u00f0 er mj\u00f6g \u00f3ttalegur \u00ed leyndarr\u00e1\u00f0i hinna heil\u00f6gu, og hr\u00e6\u00f0ilegur fram <a href=\"https:\/\/biblian.is\/videy\/salmarnir-89-kafli\/\"> [&#8230;]<\/a><\/p>\n","protected":false},"author":1,"featured_media":0,"parent":0,"menu_order":0,"comment_status":"open","ping_status":"open","template":"bibliukaflar.php","meta":{"footnotes":""},"class_list":["post-21416","page","type-page","status-publish","hentry"],"_links":{"self":[{"href":"https:\/\/biblian.is\/videy\/wp-json\/wp\/v2\/pages\/21416","targetHints":{"allow":["GET"]}}],"collection":[{"href":"https:\/\/biblian.is\/videy\/wp-json\/wp\/v2\/pages"}],"about":[{"href":"https:\/\/biblian.is\/videy\/wp-json\/wp\/v2\/types\/page"}],"author":[{"embeddable":true,"href":"https:\/\/biblian.is\/videy\/wp-json\/wp\/v2\/users\/1"}],"replies":[{"embeddable":true,"href":"https:\/\/biblian.is\/videy\/wp-json\/wp\/v2\/comments?post=21416"}],"version-history":[{"count":0,"href":"https:\/\/biblian.is\/videy\/wp-json\/wp\/v2\/pages\/21416\/revisions"}],"wp:attachment":[{"href":"https:\/\/biblian.is\/videy\/wp-json\/wp\/v2\/media?parent=21416"}],"curies":[{"name":"wp","href":"https:\/\/api.w.org\/{rel}","templated":true}]}}