{"id":21415,"date":"2018-01-02T01:01:54","date_gmt":"2018-01-02T01:01:54","guid":{"rendered":"http:\/\/biblian.is\/videy\/salmarnir-88-kafli\/"},"modified":"2018-01-02T01:01:54","modified_gmt":"2018-01-02T01:01:54","slug":"salmarnir-88-kafli","status":"publish","type":"page","link":"https:\/\/biblian.is\/videy\/salmarnir-88-kafli\/","title":{"rendered":"S\u00e1lmarnir 88. kafli"},"content":{"rendered":"<div class=\"fyrirsognVidey\">B\u00e6n ens sorgfulla.<\/div>\n<p><a name=\"1\"><span class=\"versanumer\">1<\/span><\/a>S\u00f6ngur fyrir Koras b\u00f6rn, a\u00f0 syngja \u00e1 v\u00edxl, <span class='VideyAth'>(leika \u00e1 h\u00f6rpu)<\/span>. Kennslulj\u00f3\u00f0 af Heman Efrahita.<a name=\"2\"><span class=\"versanumer\">2<\/span><\/a>Drottinn, m\u00edns frelsis Gu\u00f0! eg \u00e1kalla \u00e1 daginn, j\u00e1, \u00e1 n\u00f3ttunni, fyrir \u00fe\u00e9r.<a name=\"3\"><span class=\"versanumer\">3<\/span><\/a>L\u00e1t m\u00edna b\u00e6n koma fyrir \u00feitt auglit, hneig \u00feitt eyra til minnar gr\u00e1tbei\u00f0ni.<a name=\"4\"><span class=\"versanumer\">4<\/span><\/a>\u00dev\u00ed m\u00edn s\u00e1l er mett af \u00f3lukkunni og mitt l\u00edf hallast til grafar.<a name=\"5\"><span class=\"versanumer\">5<\/span><\/a>Eg er talin me\u00f0 \u00feeim sem st\u00edga ni\u00f0ur \u00ed gr\u00f6fina, eg em sem kraftalaus ma\u00f0ur.<a name=\"6\"><span class=\"versanumer\">6<\/span><\/a>Eg reiknast me\u00f0 \u00feeim dau\u00f0u, m\u00e1ttlaus, eins og \u00feeir \u00ed hel slegnu er liggja \u00ed gr\u00f6finni, sem \u00fe\u00fa ei framar minnist, og sem eru \u00fe\u00e9r \u00far hendi.<a name=\"7\"><span class=\"versanumer\">7<\/span><\/a>\u00de\u00fa hefir hrint m\u00e9r ni\u00f0ur \u00ed dj\u00fapa gr\u00f6f, \u00ed myrkur, \u00ed afgrunnin.<a name=\"8\"><span class=\"versanumer\">8<\/span><\/a>\u00de\u00edn rei\u00f0i hv\u00edlir yfir m\u00e9r, og \u00fe\u00fa \u00ferengir a\u00f0 m\u00e9r me\u00f0 \u00f6llum \u00fe\u00ednum bylgjum, <span class='VideyAth'>(m\u00e1lhv\u00edld)<\/span>.<a name=\"9\"><span class=\"versanumer\">9<\/span><\/a>\u00de\u00fa hefir fj\u00e6rl\u00e6gt fr\u00e1 m\u00e9r m\u00edna kunningja, \u00fe\u00fa hefir gj\u00f6rt mig \u00feeim mj\u00f6g vi\u00f0urstyggilegan, inniloka\u00f0ur kemst eg ekki \u00fat.<a name=\"10\"><span class=\"versanumer\">10<\/span><\/a>Mitt auga er dapurt af eymd; Drottinn! eg kalla til \u00fe\u00edn allan daginn, \u00fat til \u00fe\u00edn r\u00e9tti eg m\u00ednar hendur. <br \/><a name=\"11\"><span class=\"versanumer\">11<\/span><\/a>\u00c6tla \u00fe\u00fa gj\u00f6rir d\u00e1semdir \u00e1 \u00feeim dau\u00f0u? \u00e6tla s\u00e1lir \u00feeirra \u00f6ndu\u00f0u uppr\u00edsi og lofi \u00feig?<a name=\"12\"><span class=\"versanumer\">12<\/span><\/a>Mun \u00fe\u00edn miskunn kunngj\u00f6rast \u00ed gr\u00f6funum, og \u00fe\u00edn tr\u00fafesti \u00ed rotnuninni?<a name=\"13\"><span class=\"versanumer\">13<\/span><\/a>Munu \u00fe\u00ednar d\u00e1semdir \u00feekkjast \u00ed myrkrinu? e\u00f0a \u00feitt r\u00e9ttl\u00e6ti \u00ed gleymskunnar landi?<a name=\"14\"><span class=\"versanumer\">14<\/span><\/a>Eg kalla n\u00fa til \u00fe\u00edn, Drottinn! og m\u00edn b\u00e6n kemur \u00e1rla, fram fyrir \u00feig.<a name=\"15\"><span class=\"versanumer\">15<\/span><\/a>\u00dev\u00ed \u00fatsk\u00fafar \u00fe\u00fa minni s\u00e1lu, \u00f3 Drottinn! \u00fev\u00ed byrgir \u00fe\u00fa \u00feitt auglit fyrir m\u00e9r?<a name=\"16\"><span class=\"versanumer\">16<\/span><\/a>Fr\u00e1 ungd\u00f3mi er eg ves\u00e6ll, eg dau\u00f0vona, eg ber \u00fe\u00ednar skelfingar, eg \u00f6rvilnast.<a name=\"17\"><span class=\"versanumer\">17<\/span><\/a>Yfir mig er komin \u00fe\u00edn heift, \u00fe\u00ednar hrellingar tort\u00edna m\u00e9r;<a name=\"18\"><span class=\"versanumer\">18<\/span><\/a>\u00fe\u00e6r umkringja mig allan daginn sem vatn, \u00fe\u00e6r sl\u00e1 aldeilis um mig hring.<a name=\"19\"><span class=\"versanumer\">19<\/span><\/a>\u00de\u00fa f\u00e6r\u00f0ir langt fr\u00e1 m\u00e9r m\u00edna vini og stallbr\u00e6\u00f0ur, m\u00ednir kunningjar eru faldir \u00ed myrkri <span class='VideyAth'>(\u00f3s\u00fdnilegir)<\/span>.<\/p>\n<div class=\"footnoteVidey\"><\/div>\n","protected":false},"excerpt":{"rendered":"<p>B\u00e6n ens sorgfulla. 1S\u00f6ngur fyrir Koras b\u00f6rn, a\u00f0 syngja \u00e1 v\u00edxl, (leika \u00e1 h\u00f6rpu). Kennslulj\u00f3\u00f0 af Heman Efrahita.2Drottinn, m\u00edns frelsis Gu\u00f0! eg \u00e1kalla \u00e1 daginn, j\u00e1, \u00e1 n\u00f3ttunni, fyrir \u00fe\u00e9r.3L\u00e1t m\u00edna b\u00e6n koma fyrir \u00feitt auglit, hneig \u00feitt eyra til minnar gr\u00e1tbei\u00f0ni.4\u00dev\u00ed m\u00edn s\u00e1l er mett af \u00f3lukkunni og mitt l\u00edf hallast til grafar.5Eg er talin me\u00f0 \u00feeim sem st\u00edga ni\u00f0ur \u00ed gr\u00f6fina, eg em sem kraftalaus ma\u00f0ur.6Eg reiknast me\u00f0 \u00feeim dau\u00f0u, m\u00e1ttlaus, eins og \u00feeir \u00ed hel slegnu er liggja \u00ed gr\u00f6finni, sem \u00fe\u00fa ei framar minnist, og sem eru \u00fe\u00e9r \u00far hendi.7\u00de\u00fa hefir hrint m\u00e9r ni\u00f0ur \u00ed dj\u00fapa <a href=\"https:\/\/biblian.is\/videy\/salmarnir-88-kafli\/\"> [&#8230;]<\/a><\/p>\n","protected":false},"author":1,"featured_media":0,"parent":0,"menu_order":0,"comment_status":"open","ping_status":"open","template":"bibliukaflar.php","meta":{"footnotes":""},"class_list":["post-21415","page","type-page","status-publish","hentry"],"_links":{"self":[{"href":"https:\/\/biblian.is\/videy\/wp-json\/wp\/v2\/pages\/21415","targetHints":{"allow":["GET"]}}],"collection":[{"href":"https:\/\/biblian.is\/videy\/wp-json\/wp\/v2\/pages"}],"about":[{"href":"https:\/\/biblian.is\/videy\/wp-json\/wp\/v2\/types\/page"}],"author":[{"embeddable":true,"href":"https:\/\/biblian.is\/videy\/wp-json\/wp\/v2\/users\/1"}],"replies":[{"embeddable":true,"href":"https:\/\/biblian.is\/videy\/wp-json\/wp\/v2\/comments?post=21415"}],"version-history":[{"count":0,"href":"https:\/\/biblian.is\/videy\/wp-json\/wp\/v2\/pages\/21415\/revisions"}],"wp:attachment":[{"href":"https:\/\/biblian.is\/videy\/wp-json\/wp\/v2\/media?parent=21415"}],"curies":[{"name":"wp","href":"https:\/\/api.w.org\/{rel}","templated":true}]}}