{"id":21413,"date":"2018-01-02T01:01:54","date_gmt":"2018-01-02T01:01:54","guid":{"rendered":"http:\/\/biblian.is\/videy\/salmarnir-86-kafli\/"},"modified":"2018-01-02T01:01:54","modified_gmt":"2018-01-02T01:01:54","slug":"salmarnir-86-kafli","status":"publish","type":"page","link":"https:\/\/biblian.is\/videy\/salmarnir-86-kafli\/","title":{"rendered":"S\u00e1lmarnir 86. kafli"},"content":{"rendered":"<div class=\"fyrirsognVidey\">B\u00e6n hins m\u00f3tl\u00e6tta.<\/div>\n<p><a name=\"1\"><span class=\"versanumer\">1<\/span><\/a>B\u00e6n Dav\u00ed\u00f0s. Drottinn, hneig \u00feitt eyra! b\u00e6nheyr mig! \u00fev\u00ed eg er aumur og f\u00e1t\u00e6kur.<a name=\"2\"><span class=\"versanumer\">2<\/span><\/a>Var\u00f0veit m\u00edna s\u00e1l, \u00fev\u00ed eg elska \u00feig, frelsa \u00feinn \u00fe\u00e9nara, \u00fe\u00fa minn Gu\u00f0! \u00feann sem rei\u00f0ir sig \u00e1 \u00feig.<a name=\"3\"><span class=\"versanumer\">3<\/span><\/a>Drottinn vertu m\u00e9r n\u00e1\u00f0ugur, \u00fev\u00ed \u00feig \u00e1kalla eg allan daginn,<a name=\"4\"><span class=\"versanumer\">4<\/span><\/a>gle\u00f0 s\u00e1lu \u00fe\u00edns \u00fe\u00e9nara, \u00fev\u00ed til \u00fe\u00edn, Drottinn! upplyfti eg minni s\u00e1l.<a name=\"5\"><span class=\"versanumer\">5<\/span><\/a>\u00dev\u00ed \u00fe\u00fa, Drottinn! ert g\u00f3\u00f0ur og fyrirgefur, og ert mj\u00f6g miskunnsamur \u00feeim sem \u00feig \u00e1kalla.<a name=\"6\"><span class=\"versanumer\">6<\/span><\/a>Drottinn! sn\u00fa \u00fe\u00ednu eyra til minnar b\u00e6nar og gef gaum a\u00f0 raust minnar gr\u00e1tbei\u00f0ni. <br \/><a name=\"7\"><span class=\"versanumer\">7<\/span><\/a>\u00c1 minnar ney\u00f0ar degi \u00e1kalla eg \u00feig; \u00fev\u00ed \u00fe\u00fa b\u00e6nheyrir mig.<a name=\"8\"><span class=\"versanumer\">8<\/span><\/a>Enginn me\u00f0al gu\u00f0anna er sem \u00fe\u00fa, Drottinn! og ekkert l\u00edkt \u00fe\u00ednum verkum.<a name=\"9\"><span class=\"versanumer\">9<\/span><\/a>Allar \u00fej\u00f3\u00f0ir sem \u00fe\u00fa hefir skapa\u00f0, skulu koma og tilbi\u00f0ja fyrir \u00fe\u00ednu augliti, Drottinn! og \u00fe\u00e6r munu hei\u00f0ra \u00feitt nafn.<a name=\"10\"><span class=\"versanumer\">10<\/span><\/a>\u00dev\u00ed \u00fe\u00fa ert mikill, \u00fe\u00fa ert s\u00e1 sem gj\u00f6rir d\u00e1semdar verkin, \u00fe\u00fa ert s\u00e1 eini Gu\u00f0.<a name=\"11\"><span class=\"versanumer\">11<\/span><\/a>Kenn m\u00e9r, Drottinn! \u00feinn veg, a\u00f0 eg gangi \u00ed \u00fe\u00ednum sannleika, laga mitt hjarta svo \u00fea\u00f0 \u00f3ttist \u00feitt nafn.<a name=\"12\"><span class=\"versanumer\">12<\/span><\/a>Eg skal \u00feakka \u00fe\u00e9r, Drottinn, minn Gu\u00f0! af \u00f6llu hjarta, og hei\u00f0ra \u00feitt nafn eil\u00edflega,<a name=\"13\"><span class=\"versanumer\">13<\/span><\/a>\u00fev\u00ed \u00fe\u00edn miskunn vi\u00f0 mig er mikil, \u00fe\u00fa frelsar m\u00edna s\u00e1lu \u00far \u00feeirri dj\u00fapu gr\u00f6f.<a name=\"14\"><span class=\"versanumer\">14<\/span><\/a>Gu\u00f0! \u00feeir drambl\u00e1tu r\u00edsa m\u00f3ti m\u00e9r og ofbeldismannah\u00f3pur situr um mitt l\u00edf, og \u00feeir hafa \u00feig ei fyrir augum.<a name=\"15\"><span class=\"versanumer\">15<\/span><\/a>En \u00fe\u00fa, Drottinn! ert miskunnsamur og n\u00e1\u00f0ugur Gu\u00f0, \u00feolinm\u00f3\u00f0ur og r\u00edkur af miskunn og tr\u00fafesti.<a name=\"16\"><span class=\"versanumer\">16<\/span><\/a>Sn\u00fa \u00fe\u00ednu augliti til m\u00edn og vertu m\u00e9r n\u00e1\u00f0ugur, lj\u00e1 \u00fe\u00ednum \u00fe\u00e9nara \u00feinn styrkleika, og frelsa son \u00feinnar amb\u00e1ttar.<a name=\"17\"><span class=\"versanumer\">17<\/span><\/a>Gj\u00f6r\u00f0u t\u00e1kn \u00e1 m\u00e9r til g\u00f3\u00f0s, a\u00f0 \u00feeir sem hata mig, geti s\u00e9\u00f0 \u00fea\u00f0 og sneypst, a\u00f0 \u00fe\u00fa, Drottinn! hefir hj\u00e1lpa\u00f0 m\u00e9r og hugga\u00f0 mig.<\/p>\n<div class=\"footnoteVidey\"><\/div>\n","protected":false},"excerpt":{"rendered":"<p>B\u00e6n hins m\u00f3tl\u00e6tta. 1B\u00e6n Dav\u00ed\u00f0s. Drottinn, hneig \u00feitt eyra! b\u00e6nheyr mig! \u00fev\u00ed eg er aumur og f\u00e1t\u00e6kur.2Var\u00f0veit m\u00edna s\u00e1l, \u00fev\u00ed eg elska \u00feig, frelsa \u00feinn \u00fe\u00e9nara, \u00fe\u00fa minn Gu\u00f0! \u00feann sem rei\u00f0ir sig \u00e1 \u00feig.3Drottinn vertu m\u00e9r n\u00e1\u00f0ugur, \u00fev\u00ed \u00feig \u00e1kalla eg allan daginn,4gle\u00f0 s\u00e1lu \u00fe\u00edns \u00fe\u00e9nara, \u00fev\u00ed til \u00fe\u00edn, Drottinn! upplyfti eg minni s\u00e1l.5\u00dev\u00ed \u00fe\u00fa, Drottinn! ert g\u00f3\u00f0ur og fyrirgefur, og ert mj\u00f6g miskunnsamur \u00feeim sem \u00feig \u00e1kalla.6Drottinn! sn\u00fa \u00fe\u00ednu eyra til minnar b\u00e6nar og gef gaum a\u00f0 raust minnar gr\u00e1tbei\u00f0ni. 7\u00c1 minnar ney\u00f0ar degi \u00e1kalla eg \u00feig; \u00fev\u00ed \u00fe\u00fa b\u00e6nheyrir mig.8Enginn me\u00f0al gu\u00f0anna er sem \u00fe\u00fa, Drottinn! og <a href=\"https:\/\/biblian.is\/videy\/salmarnir-86-kafli\/\"> [&#8230;]<\/a><\/p>\n","protected":false},"author":1,"featured_media":0,"parent":0,"menu_order":0,"comment_status":"open","ping_status":"open","template":"bibliukaflar.php","meta":{"footnotes":""},"class_list":["post-21413","page","type-page","status-publish","hentry"],"_links":{"self":[{"href":"https:\/\/biblian.is\/videy\/wp-json\/wp\/v2\/pages\/21413","targetHints":{"allow":["GET"]}}],"collection":[{"href":"https:\/\/biblian.is\/videy\/wp-json\/wp\/v2\/pages"}],"about":[{"href":"https:\/\/biblian.is\/videy\/wp-json\/wp\/v2\/types\/page"}],"author":[{"embeddable":true,"href":"https:\/\/biblian.is\/videy\/wp-json\/wp\/v2\/users\/1"}],"replies":[{"embeddable":true,"href":"https:\/\/biblian.is\/videy\/wp-json\/wp\/v2\/comments?post=21413"}],"version-history":[{"count":0,"href":"https:\/\/biblian.is\/videy\/wp-json\/wp\/v2\/pages\/21413\/revisions"}],"wp:attachment":[{"href":"https:\/\/biblian.is\/videy\/wp-json\/wp\/v2\/media?parent=21413"}],"curies":[{"name":"wp","href":"https:\/\/api.w.org\/{rel}","templated":true}]}}