{"id":21412,"date":"2018-01-02T01:01:54","date_gmt":"2018-01-02T01:01:54","guid":{"rendered":"http:\/\/biblian.is\/videy\/salmarnir-85-kafli\/"},"modified":"2018-01-02T01:01:54","modified_gmt":"2018-01-02T01:01:54","slug":"salmarnir-85-kafli","status":"publish","type":"page","link":"https:\/\/biblian.is\/videy\/salmarnir-85-kafli\/","title":{"rendered":"S\u00e1lmarnir 85. kafli"},"content":{"rendered":"<div class=\"fyrirsognVidey\">B\u00e6n um r\u00edkisins vi\u00f0r\u00e9ttingu.<\/div>\n<p><a name=\"1\"><span class=\"versanumer\">1<\/span><\/a>Til s\u00f6ngmeistarans; S\u00e1lmur fyrir Koras b\u00f6rn.<a name=\"2\"><span class=\"versanumer\">2<\/span><\/a>Drottinn \u00fe\u00fa sem \u00e1\u00f0ur varst miskunnsamur \u00fe\u00ednu landi, \u00fe\u00fa hefir leitt heim \u00cdsraels fanga.<a name=\"3\"><span class=\"versanumer\">3<\/span><\/a>\u00de\u00fa hefir burtteki\u00f0 misgj\u00f6r\u00f0 \u00fe\u00edns f\u00f3lks, \u00fe\u00fa hefir fali\u00f0 \u00feess synd, <span class='VideyAth'>(m\u00e1lhv\u00edld)<\/span>.<a name=\"4\"><span class=\"versanumer\">4<\/span><\/a>\u00de\u00fa hefir lagt afs\u00ed\u00f0is alla \u00fe\u00edna rei\u00f0i, \u00fe\u00fa hefir h\u00e6tt \u00e1 \u00e1kef\u00f0 \u00feinnar br\u00e6\u00f0i.<a name=\"5\"><span class=\"versanumer\">5<\/span><\/a>Sn\u00fa \u00fe\u00e9r til vor, vor frelsis Gu\u00f0! og slepp \u00feinni \u00f3vin\u00e1ttu vi\u00f0 oss.<a name=\"6\"><span class=\"versanumer\">6<\/span><\/a>\u00c6tlar \u00fe\u00fa eil\u00edflega a\u00f0 vera oss rei\u00f0ur? viltu \u00fat\u00feenja \u00fe\u00edna rei\u00f0i fr\u00e1 kyni til kyns?<a name=\"7\"><span class=\"versanumer\">7<\/span><\/a>Viltu ei l\u00edfga oss aftur, a\u00f0 \u00feitt f\u00f3lk megi gle\u00f0ja sig \u00ed \u00fe\u00e9r?<a name=\"8\"><span class=\"versanumer\">8<\/span><\/a>Drottinn! l\u00e1t oss sj\u00e1 \u00fe\u00edna miskunn, og veit \u00fe\u00fa oss hj\u00e1lp.<a name=\"9\"><span class=\"versanumer\">9<\/span><\/a>Eg vil heyra \u00fea\u00f0 sem Drottinn talar, \u00fev\u00ed hann talar fri\u00f0 til s\u00edns f\u00f3lks og til sinna heil\u00f6gu, einasta a\u00f0 \u00feeir ei hverfi aftur til heimskunnar,<a name=\"10\"><span class=\"versanumer\">10<\/span><\/a>j\u00e1, hans frelsi er \u00feeim n\u00e1l\u00e6gt sem hann \u00f3ttast, svo skal \u00fe\u00e1 d\u00fdr\u00f0in b\u00faa \u00ed voru landi.<a name=\"11\"><span class=\"versanumer\">11<\/span><\/a>Miskunn og tr\u00fafesti munu m\u00e6ta hv\u00f6r annarri, r\u00e9ttv\u00edsi og fri\u00f0ur kyssa hvort anna\u00f0,<a name=\"12\"><span class=\"versanumer\">12<\/span><\/a>tr\u00fafesti mun uppspretta af j\u00f6r\u00f0unni og r\u00e9ttl\u00e6ti\u00f0 l\u00edta ni\u00f0ur af himninum.<a name=\"13\"><span class=\"versanumer\">13<\/span><\/a>Drottinn mun og gefa blessan, og vort land gefa sinn \u00e1v\u00f6xt.<\/p>\n<div class=\"footnoteVidey\"><\/div>\n","protected":false},"excerpt":{"rendered":"<p>B\u00e6n um r\u00edkisins vi\u00f0r\u00e9ttingu. 1Til s\u00f6ngmeistarans; S\u00e1lmur fyrir Koras b\u00f6rn.2Drottinn \u00fe\u00fa sem \u00e1\u00f0ur varst miskunnsamur \u00fe\u00ednu landi, \u00fe\u00fa hefir leitt heim \u00cdsraels fanga.3\u00de\u00fa hefir burtteki\u00f0 misgj\u00f6r\u00f0 \u00fe\u00edns f\u00f3lks, \u00fe\u00fa hefir fali\u00f0 \u00feess synd, (m\u00e1lhv\u00edld).4\u00de\u00fa hefir lagt afs\u00ed\u00f0is alla \u00fe\u00edna rei\u00f0i, \u00fe\u00fa hefir h\u00e6tt \u00e1 \u00e1kef\u00f0 \u00feinnar br\u00e6\u00f0i.5Sn\u00fa \u00fe\u00e9r til vor, vor frelsis Gu\u00f0! og slepp \u00feinni \u00f3vin\u00e1ttu vi\u00f0 oss.6\u00c6tlar \u00fe\u00fa eil\u00edflega a\u00f0 vera oss rei\u00f0ur? viltu \u00fat\u00feenja \u00fe\u00edna rei\u00f0i fr\u00e1 kyni til kyns?7Viltu ei l\u00edfga oss aftur, a\u00f0 \u00feitt f\u00f3lk megi gle\u00f0ja sig \u00ed \u00fe\u00e9r?8Drottinn! l\u00e1t oss sj\u00e1 \u00fe\u00edna miskunn, og veit \u00fe\u00fa oss hj\u00e1lp.9Eg vil heyra \u00fea\u00f0 sem Drottinn <a href=\"https:\/\/biblian.is\/videy\/salmarnir-85-kafli\/\"> [&#8230;]<\/a><\/p>\n","protected":false},"author":1,"featured_media":0,"parent":0,"menu_order":0,"comment_status":"open","ping_status":"open","template":"bibliukaflar.php","meta":{"footnotes":""},"class_list":["post-21412","page","type-page","status-publish","hentry"],"_links":{"self":[{"href":"https:\/\/biblian.is\/videy\/wp-json\/wp\/v2\/pages\/21412","targetHints":{"allow":["GET"]}}],"collection":[{"href":"https:\/\/biblian.is\/videy\/wp-json\/wp\/v2\/pages"}],"about":[{"href":"https:\/\/biblian.is\/videy\/wp-json\/wp\/v2\/types\/page"}],"author":[{"embeddable":true,"href":"https:\/\/biblian.is\/videy\/wp-json\/wp\/v2\/users\/1"}],"replies":[{"embeddable":true,"href":"https:\/\/biblian.is\/videy\/wp-json\/wp\/v2\/comments?post=21412"}],"version-history":[{"count":0,"href":"https:\/\/biblian.is\/videy\/wp-json\/wp\/v2\/pages\/21412\/revisions"}],"wp:attachment":[{"href":"https:\/\/biblian.is\/videy\/wp-json\/wp\/v2\/media?parent=21412"}],"curies":[{"name":"wp","href":"https:\/\/api.w.org\/{rel}","templated":true}]}}