{"id":21411,"date":"2018-01-02T01:01:54","date_gmt":"2018-01-02T01:01:54","guid":{"rendered":"http:\/\/biblian.is\/videy\/salmarnir-84-kafli\/"},"modified":"2018-01-02T01:01:54","modified_gmt":"2018-01-02T01:01:54","slug":"salmarnir-84-kafli","status":"publish","type":"page","link":"https:\/\/biblian.is\/videy\/salmarnir-84-kafli\/","title":{"rendered":"S\u00e1lmarnir 84. kafli"},"content":{"rendered":"<div class=\"fyrirsognVidey\">L\u00f6ngun til musterisins.<\/div>\n<p><a name=\"1\"><span class=\"versanumer\">1<\/span><\/a>Til s\u00f6ngmeistarans, \u00e1 Gitit, fyrir Koras b\u00f6rn.<a name=\"2\"><span class=\"versanumer\">2<\/span><\/a>Hv\u00f6rsu yndislegir eru \u00fe\u00ednir b\u00fasta\u00f0ir, herskaranna Drottinn.<a name=\"3\"><span class=\"versanumer\">3<\/span><\/a>M\u00edna s\u00e1lu langar innilega eftir Drottins forgar\u00f0i, mitt hjarta og minn l\u00edkami fagnar fyrir \u00feeim lifanda Gu\u00f0i.<a name=\"4\"><span class=\"versanumer\">4<\/span><\/a>Tittlingurinn finnur s\u00e9r h\u00fas og svalan hrei\u00f0ur, hvar h\u00fan geti lagt s\u00edna unga; vi\u00f0 \u00feitt altari, Drottinn herskaranna, minn k\u00f3ngur og minn Gu\u00f0!<a name=\"5\"><span class=\"versanumer\">5<\/span><\/a>S\u00e6lir eru \u00feeir sem b\u00faa \u00ed \u00fe\u00ednu h\u00fasi, \u00feeir geta s\u00edfellt lofa\u00f0 \u00feig, <span class='VideyAth'>(m\u00e1lhv\u00edld)<\/span>.<a name=\"6\"><span class=\"versanumer\">6<\/span><\/a>S\u00e6ll er s\u00e1 ma\u00f0ur hv\u00f6rs styrkleiki er \u00ed \u00fe\u00e9r, \u00ed hv\u00f6rra \u00feanka vegirnir eru <span class='VideyAth'>(til Jer\u00fasalem)<\/span>.<a name=\"7\"><span class=\"versanumer\">7<\/span><\/a>\u00deegar \u00feeir ganga um sorgarinnar dal, umbreyta \u00feeir honum \u00ed vatnsr\u00edka d\u00e6ld og haustregni\u00f0 \u00feekur hana me\u00f0 blessun.<a name=\"8\"><span class=\"versanumer\">8<\/span><\/a>\u00deeim eykst meir og meir kraftur, \u00feanga\u00f0 til \u00feeir s\u00fdna sig fyrir Gu\u00f0i \u00e1 S\u00edon. <br \/><a name=\"9\"><span class=\"versanumer\">9<\/span><\/a>\u00d3 Drottinn, Herskaranna Gu\u00f0! heyr m\u00edna b\u00e6n, Jakobs Gu\u00f0! <span class='VideyAth'>(m\u00e1lhv\u00edld)<\/span>. Sn\u00fa til m\u00edn \u00fe\u00ednu eyra.<a name=\"10\"><span class=\"versanumer\">10<\/span><\/a>Gu\u00f0! vor skj\u00f6ldur, l\u00edttu ni\u00f0ur og l\u00edt \u00e1 \u00e1s\u00fdnd \u00fe\u00edns Smur\u00f0a!<a name=\"11\"><span class=\"versanumer\">11<\/span><\/a>\u00dev\u00ed betri er einn dagur \u00ed \u00fe\u00ednum forgar\u00f0i en \u00fe\u00fasund a\u00f0rir, heldur vil eg sta\u00f0n\u00e6mast \u00e1 \u00ferepskuldinum \u00ed h\u00fasi m\u00edns Gu\u00f0s, heldur en b\u00faa \u00ed tjaldb\u00fa\u00f0um hins \u00f3gu\u00f0lega.<a name=\"12\"><span class=\"versanumer\">12<\/span><\/a>\u00dev\u00ed Gu\u00f0 Drottinn er s\u00f3l og skj\u00f6ldur, Drottinn gefur n\u00e1\u00f0 og hei\u00f0ur, hann synjar \u00feeim um ekkert gott sem framganga \u00ed r\u00e1\u00f0vendni.<a name=\"13\"><span class=\"versanumer\">13<\/span><\/a>Herskaranna Drottinn! s\u00e6ll er s\u00e1 ma\u00f0ur sem treystir \u00fe\u00e9r!<\/p>\n<div class=\"footnoteVidey\"><\/div>\n","protected":false},"excerpt":{"rendered":"<p>L\u00f6ngun til musterisins. 1Til s\u00f6ngmeistarans, \u00e1 Gitit, fyrir Koras b\u00f6rn.2Hv\u00f6rsu yndislegir eru \u00fe\u00ednir b\u00fasta\u00f0ir, herskaranna Drottinn.3M\u00edna s\u00e1lu langar innilega eftir Drottins forgar\u00f0i, mitt hjarta og minn l\u00edkami fagnar fyrir \u00feeim lifanda Gu\u00f0i.4Tittlingurinn finnur s\u00e9r h\u00fas og svalan hrei\u00f0ur, hvar h\u00fan geti lagt s\u00edna unga; vi\u00f0 \u00feitt altari, Drottinn herskaranna, minn k\u00f3ngur og minn Gu\u00f0!5S\u00e6lir eru \u00feeir sem b\u00faa \u00ed \u00fe\u00ednu h\u00fasi, \u00feeir geta s\u00edfellt lofa\u00f0 \u00feig, (m\u00e1lhv\u00edld).6S\u00e6ll er s\u00e1 ma\u00f0ur hv\u00f6rs styrkleiki er \u00ed \u00fe\u00e9r, \u00ed hv\u00f6rra \u00feanka vegirnir eru (til Jer\u00fasalem).7\u00deegar \u00feeir ganga um sorgarinnar dal, umbreyta \u00feeir honum \u00ed vatnsr\u00edka d\u00e6ld og haustregni\u00f0 \u00feekur hana me\u00f0 blessun.8\u00deeim eykst <a href=\"https:\/\/biblian.is\/videy\/salmarnir-84-kafli\/\"> [&#8230;]<\/a><\/p>\n","protected":false},"author":1,"featured_media":0,"parent":0,"menu_order":0,"comment_status":"open","ping_status":"open","template":"bibliukaflar.php","meta":{"footnotes":""},"class_list":["post-21411","page","type-page","status-publish","hentry"],"_links":{"self":[{"href":"https:\/\/biblian.is\/videy\/wp-json\/wp\/v2\/pages\/21411","targetHints":{"allow":["GET"]}}],"collection":[{"href":"https:\/\/biblian.is\/videy\/wp-json\/wp\/v2\/pages"}],"about":[{"href":"https:\/\/biblian.is\/videy\/wp-json\/wp\/v2\/types\/page"}],"author":[{"embeddable":true,"href":"https:\/\/biblian.is\/videy\/wp-json\/wp\/v2\/users\/1"}],"replies":[{"embeddable":true,"href":"https:\/\/biblian.is\/videy\/wp-json\/wp\/v2\/comments?post=21411"}],"version-history":[{"count":0,"href":"https:\/\/biblian.is\/videy\/wp-json\/wp\/v2\/pages\/21411\/revisions"}],"wp:attachment":[{"href":"https:\/\/biblian.is\/videy\/wp-json\/wp\/v2\/media?parent=21411"}],"curies":[{"name":"wp","href":"https:\/\/api.w.org\/{rel}","templated":true}]}}