{"id":21410,"date":"2018-01-02T01:01:54","date_gmt":"2018-01-02T01:01:54","guid":{"rendered":"http:\/\/biblian.is\/videy\/salmarnir-83-kafli\/"},"modified":"2018-01-02T01:01:54","modified_gmt":"2018-01-02T01:01:54","slug":"salmarnir-83-kafli","status":"publish","type":"page","link":"https:\/\/biblian.is\/videy\/salmarnir-83-kafli\/","title":{"rendered":"S\u00e1lmarnir 83. kafli"},"content":{"rendered":"<div class=\"fyrirsognVidey\">B\u00e6n m\u00f3ti \u00cdsraels \u00f3vinum.<\/div>\n<p><a name=\"1\"><span class=\"versanumer\">1<\/span><\/a>S\u00e1lmas\u00f6ngur Asafs.<a name=\"2\"><span class=\"versanumer\">2<\/span><\/a>Gu\u00f0! \u00feegi \u00fe\u00fa ekki, vertu ekki m\u00e1llaus, haltu ekki kyrru fyrir, \u00f3 Gu\u00f0!<a name=\"3\"><span class=\"versanumer\">3<\/span><\/a>\u00dev\u00ed sj\u00e1! \u00fe\u00ednir \u00f3vinir hafa h\u00e1tt um sig, og \u00feeir sem hata \u00feig, upplyfta s\u00ednum h\u00f6f\u00f0um.<a name=\"4\"><span class=\"versanumer\">4<\/span><\/a>\u00deeir semja heimuglegar r\u00e1\u00f0agj\u00f6r\u00f0ir gegn \u00fe\u00ednu f\u00f3lki, \u00feeir r\u00e1\u00f0slaga m\u00f3ti \u00feeim sem \u00fe\u00fa verndar.<a name=\"5\"><span class=\"versanumer\">5<\/span><\/a>\u00deeir segja: komi\u00f0! l\u00e1tum oss afm\u00e1 \u00fe\u00e1 af \u00fej\u00f3\u00f0anna t\u00f6lu, a\u00f0 \u00cdsraels nafns s\u00e9 ei framar geti\u00f0.<a name=\"6\"><span class=\"versanumer\">6<\/span><\/a>\u00deeir r\u00e1\u00f0slaga innbyr\u00f0is me\u00f0 eindr\u00e6gni; m\u00f3ti \u00fe\u00e9r innganga \u00feeir s\u00e1ttm\u00e1la,<a name=\"7\"><span class=\"versanumer\">7<\/span><\/a>tjaldb\u00fa\u00f0ir Edom\u00edta og \u00cdsmael\u00edta, M\u00f3ab\u00edta og Hagar\u00edta.<a name=\"8\"><span class=\"versanumer\">8<\/span><\/a>Gebal\u00edtar, Ammon\u00edtar og Amalek\u00edtar, og Filistear me\u00f0 innbyggjurunum \u00ed T\u00fdrus.<a name=\"9\"><span class=\"versanumer\">9<\/span><\/a>Ass\u00fdr\u00eda gengur \u00ed li\u00f0 me\u00f0 \u00feeim og lj\u00e6r sinn arm b\u00f6rnum Lots. <span class='VideyAth'>(M\u00e1lhv\u00edld)<\/span>.<a name=\"10\"><span class=\"versanumer\">10<\/span><\/a>Gj\u00f6r\u00f0u vi\u00f0 \u00fe\u00e1 hi\u00f0 sama sem vi\u00f0 Midian\u00edta, sem vi\u00f0 Sisera, sem vi\u00f0 Jabin hj\u00e1 Kishonsl\u00e6k,<a name=\"11\"><span class=\"versanumer\">11<\/span><\/a>sem voru ey\u00f0ilag\u00f0ir hj\u00e1 Endor, \u00feeir ur\u00f0u a\u00f0 \u00e1bur\u00f0i fyrir j\u00f6r\u00f0ina!<a name=\"12\"><span class=\"versanumer\">12<\/span><\/a>Far\u00f0u me\u00f0 \u00feeirra fursta eins og Oreb og Seeb, og sem Seba og Salmuna, alla \u00feeirra fyrirli\u00f0a;<a name=\"13\"><span class=\"versanumer\">13<\/span><\/a>sem segja: l\u00e1tum oss inntaka Gu\u00f0s b\u00fasta\u00f0i.<a name=\"14\"><span class=\"versanumer\">14<\/span><\/a>Minn Gu\u00f0! gj\u00f6r \u00fe\u00e1 sem ryk fyrir hvirfilvindi, sem agnir fyrir stormi!<a name=\"15\"><span class=\"versanumer\">15<\/span><\/a>Eins og eldurinn kveikir \u00ed sk\u00f3gi, og loginn brennir fj\u00f6llin.<a name=\"16\"><span class=\"versanumer\">16<\/span><\/a>Svolei\u00f0is skaltu ofs\u00e6kja \u00fe\u00e1 me\u00f0 \u00fe\u00ednum stormi og skelfa \u00fe\u00e1 me\u00f0 \u00fe\u00ednum hvirfilbyl,<a name=\"17\"><span class=\"versanumer\">17<\/span><\/a>uppfylltu \u00feeirra andlit me\u00f0 sk\u00f6mm, a\u00f0 \u00feeir leiti \u00fe\u00edns nafns, Drottinn!<a name=\"18\"><span class=\"versanumer\">18<\/span><\/a>L\u00e1t \u00fe\u00e1 sneypast og skelfast \u00e6 og \u00e6t\u00ed\u00f0, skammast s\u00edn og tort\u00ednast.<a name=\"19\"><span class=\"versanumer\">19<\/span><\/a>\u00de\u00e1 munu \u00feeir kannast vi\u00f0, a\u00f0 \u00fe\u00fa, Drottinn! alleina, ert s\u00e1 \u00e6\u00f0sti yfir allri j\u00f6r\u00f0inni.<\/p>\n<div class=\"footnoteVidey\"><\/div>\n","protected":false},"excerpt":{"rendered":"<p>B\u00e6n m\u00f3ti \u00cdsraels \u00f3vinum. 1S\u00e1lmas\u00f6ngur Asafs.2Gu\u00f0! \u00feegi \u00fe\u00fa ekki, vertu ekki m\u00e1llaus, haltu ekki kyrru fyrir, \u00f3 Gu\u00f0!3\u00dev\u00ed sj\u00e1! \u00fe\u00ednir \u00f3vinir hafa h\u00e1tt um sig, og \u00feeir sem hata \u00feig, upplyfta s\u00ednum h\u00f6f\u00f0um.4\u00deeir semja heimuglegar r\u00e1\u00f0agj\u00f6r\u00f0ir gegn \u00fe\u00ednu f\u00f3lki, \u00feeir r\u00e1\u00f0slaga m\u00f3ti \u00feeim sem \u00fe\u00fa verndar.5\u00deeir segja: komi\u00f0! l\u00e1tum oss afm\u00e1 \u00fe\u00e1 af \u00fej\u00f3\u00f0anna t\u00f6lu, a\u00f0 \u00cdsraels nafns s\u00e9 ei framar geti\u00f0.6\u00deeir r\u00e1\u00f0slaga innbyr\u00f0is me\u00f0 eindr\u00e6gni; m\u00f3ti \u00fe\u00e9r innganga \u00feeir s\u00e1ttm\u00e1la,7tjaldb\u00fa\u00f0ir Edom\u00edta og \u00cdsmael\u00edta, M\u00f3ab\u00edta og Hagar\u00edta.8Gebal\u00edtar, Ammon\u00edtar og Amalek\u00edtar, og Filistear me\u00f0 innbyggjurunum \u00ed T\u00fdrus.9Ass\u00fdr\u00eda gengur \u00ed li\u00f0 me\u00f0 \u00feeim og lj\u00e6r sinn arm b\u00f6rnum Lots. (M\u00e1lhv\u00edld).10Gj\u00f6r\u00f0u vi\u00f0 \u00fe\u00e1 <a href=\"https:\/\/biblian.is\/videy\/salmarnir-83-kafli\/\"> [&#8230;]<\/a><\/p>\n","protected":false},"author":1,"featured_media":0,"parent":0,"menu_order":0,"comment_status":"open","ping_status":"open","template":"bibliukaflar.php","meta":{"footnotes":""},"class_list":["post-21410","page","type-page","status-publish","hentry"],"_links":{"self":[{"href":"https:\/\/biblian.is\/videy\/wp-json\/wp\/v2\/pages\/21410","targetHints":{"allow":["GET"]}}],"collection":[{"href":"https:\/\/biblian.is\/videy\/wp-json\/wp\/v2\/pages"}],"about":[{"href":"https:\/\/biblian.is\/videy\/wp-json\/wp\/v2\/types\/page"}],"author":[{"embeddable":true,"href":"https:\/\/biblian.is\/videy\/wp-json\/wp\/v2\/users\/1"}],"replies":[{"embeddable":true,"href":"https:\/\/biblian.is\/videy\/wp-json\/wp\/v2\/comments?post=21410"}],"version-history":[{"count":0,"href":"https:\/\/biblian.is\/videy\/wp-json\/wp\/v2\/pages\/21410\/revisions"}],"wp:attachment":[{"href":"https:\/\/biblian.is\/videy\/wp-json\/wp\/v2\/media?parent=21410"}],"curies":[{"name":"wp","href":"https:\/\/api.w.org\/{rel}","templated":true}]}}