{"id":21409,"date":"2018-01-02T01:01:48","date_gmt":"2018-01-02T01:01:48","guid":{"rendered":"http:\/\/biblian.is\/videy\/salmarnir-82-kafli\/"},"modified":"2018-01-02T01:01:48","modified_gmt":"2018-01-02T01:01:48","slug":"salmarnir-82-kafli","status":"publish","type":"page","link":"https:\/\/biblian.is\/videy\/salmarnir-82-kafli\/","title":{"rendered":"S\u00e1lmarnir 82. kafli"},"content":{"rendered":"<div class=\"fyrirsognVidey\">M\u00f3ti har\u00f0stj\u00f3rum.<\/div>\n<p><a name=\"1\"><span class=\"versanumer\">1<\/span><\/a>S\u00e1lmur Asafs. Gu\u00f0 stendur \u00ed Gu\u00f0s s\u00f6fnu\u00f0i, hann heldur d\u00f3m me\u00f0al gu\u00f0anna.<a name=\"2\"><span class=\"versanumer\">2<\/span><\/a>Hv\u00f6rsu lengi vilji\u00f0 \u00fe\u00e9r d\u00e6ma rangt, og halda me\u00f0 \u00feeim \u00f3gu\u00f0legu.<a name=\"3\"><span class=\"versanumer\">3<\/span><\/a>L\u00e1ti\u00f0 l\u00edtilmagnann og \u00feann f\u00f6\u00f0urlausa n\u00e1 r\u00e9tti, \u00fatvegi\u00f0 r\u00e9ttv\u00edsi aumingjanum og \u00feeim f\u00e1t\u00e6ka.<a name=\"4\"><span class=\"versanumer\">4<\/span><\/a>Bjargi\u00f0 l\u00edtilmagnanum og hinum snau\u00f0a, frelsi\u00f0 hann af hendi hins \u00f3gu\u00f0lega.<a name=\"5\"><span class=\"versanumer\">5<\/span><\/a>En \u00feeir \u00feekkja \u00fea\u00f0 ekki, \u00feeir skilja \u00fea\u00f0 ekki, \u00ed myrkrinu ganga \u00feeir, \u00fev\u00ed hristist allur landsins grundv\u00f6llur.<a name=\"6\"><span class=\"versanumer\">6<\/span><\/a>Eg hefi sagt: \u00fe\u00e9r eru\u00f0 gu\u00f0ir, og \u00fe\u00e9r eru\u00f0 allir b\u00f6rn hins \u00e6\u00f0sta.<a name=\"7\"><span class=\"versanumer\">7<\/span><\/a>En\u2014\u00fe\u00e9r skulu\u00f0 samt deyja sem menn og falla sem a\u00f0rir h\u00f6f\u00f0ingjar.<a name=\"8\"><span class=\"versanumer\">8<\/span><\/a>Gu\u00f0! stattu upp og d\u00e6mdu j\u00f6r\u00f0ina, \u00fev\u00ed \u00fe\u00fa r\u00edkir yfir \u00f6llum \u00fej\u00f3\u00f0um.<\/p>\n<div class=\"footnoteVidey\"><\/div>\n","protected":false},"excerpt":{"rendered":"<p>M\u00f3ti har\u00f0stj\u00f3rum. 1S\u00e1lmur Asafs. Gu\u00f0 stendur \u00ed Gu\u00f0s s\u00f6fnu\u00f0i, hann heldur d\u00f3m me\u00f0al gu\u00f0anna.2Hv\u00f6rsu lengi vilji\u00f0 \u00fe\u00e9r d\u00e6ma rangt, og halda me\u00f0 \u00feeim \u00f3gu\u00f0legu.3L\u00e1ti\u00f0 l\u00edtilmagnann og \u00feann f\u00f6\u00f0urlausa n\u00e1 r\u00e9tti, \u00fatvegi\u00f0 r\u00e9ttv\u00edsi aumingjanum og \u00feeim f\u00e1t\u00e6ka.4Bjargi\u00f0 l\u00edtilmagnanum og hinum snau\u00f0a, frelsi\u00f0 hann af hendi hins \u00f3gu\u00f0lega.5En \u00feeir \u00feekkja \u00fea\u00f0 ekki, \u00feeir skilja \u00fea\u00f0 ekki, \u00ed myrkrinu ganga \u00feeir, \u00fev\u00ed hristist allur landsins grundv\u00f6llur.6Eg hefi sagt: \u00fe\u00e9r eru\u00f0 gu\u00f0ir, og \u00fe\u00e9r eru\u00f0 allir b\u00f6rn hins \u00e6\u00f0sta.7En\u2014\u00fe\u00e9r skulu\u00f0 samt deyja sem menn og falla sem a\u00f0rir h\u00f6f\u00f0ingjar.8Gu\u00f0! stattu upp og d\u00e6mdu j\u00f6r\u00f0ina, \u00fev\u00ed \u00fe\u00fa r\u00edkir yfir \u00f6llum \u00fej\u00f3\u00f0um.<\/p>\n","protected":false},"author":1,"featured_media":0,"parent":0,"menu_order":0,"comment_status":"open","ping_status":"open","template":"bibliukaflar.php","meta":{"footnotes":""},"class_list":["post-21409","page","type-page","status-publish","hentry"],"_links":{"self":[{"href":"https:\/\/biblian.is\/videy\/wp-json\/wp\/v2\/pages\/21409","targetHints":{"allow":["GET"]}}],"collection":[{"href":"https:\/\/biblian.is\/videy\/wp-json\/wp\/v2\/pages"}],"about":[{"href":"https:\/\/biblian.is\/videy\/wp-json\/wp\/v2\/types\/page"}],"author":[{"embeddable":true,"href":"https:\/\/biblian.is\/videy\/wp-json\/wp\/v2\/users\/1"}],"replies":[{"embeddable":true,"href":"https:\/\/biblian.is\/videy\/wp-json\/wp\/v2\/comments?post=21409"}],"version-history":[{"count":0,"href":"https:\/\/biblian.is\/videy\/wp-json\/wp\/v2\/pages\/21409\/revisions"}],"wp:attachment":[{"href":"https:\/\/biblian.is\/videy\/wp-json\/wp\/v2\/media?parent=21409"}],"curies":[{"name":"wp","href":"https:\/\/api.w.org\/{rel}","templated":true}]}}