{"id":21408,"date":"2018-01-02T01:01:48","date_gmt":"2018-01-02T01:01:48","guid":{"rendered":"http:\/\/biblian.is\/videy\/salmarnir-81-kafli\/"},"modified":"2018-01-02T01:01:48","modified_gmt":"2018-01-02T01:01:48","slug":"salmarnir-81-kafli","status":"publish","type":"page","link":"https:\/\/biblian.is\/videy\/salmarnir-81-kafli\/","title":{"rendered":"S\u00e1lmarnir 81. kafli"},"content":{"rendered":"<div class=\"fyrirsognVidey\">\u00c1minning a\u00f0 halda p\u00e1ska.<\/div>\n<p><a name=\"1\"><span class=\"versanumer\">1<\/span><\/a>Til hlj\u00f3\u00f0f\u00e6rameistarans, eftir G\u00edtit; af Asaf.<a name=\"2\"><span class=\"versanumer\">2<\/span><\/a>Syngi\u00f0 me\u00f0 f\u00f6gnu\u00f0i fyrir Gu\u00f0i, vorum styrkleika! fagni\u00f0 fyrir Jakobs Gu\u00f0i!<a name=\"3\"><span class=\"versanumer\">3<\/span><\/a>Hefji\u00f0 lofs\u00f6nginn, sl\u00e1i\u00f0 trumburnar og \u00feau l\u00edflegu hlj\u00f3\u00f0f\u00e6ri og h\u00f6rpu.<a name=\"4\"><span class=\"versanumer\">4<\/span><\/a>Bl\u00e1si\u00f0 \u00ed b\u00e1s\u00fanuna, \u00feegar tungl kemur og fyllist \u00e1 vorum h\u00e1t\u00ed\u00f0isdegi.<a name=\"5\"><span class=\"versanumer\">5<\/span><\/a>\u00dev\u00ed \u00feetta er si\u00f0ur \u00ed \u00cdsrael, bo\u00f0or\u00f0 Jakobs Gu\u00f0s.<a name=\"6\"><span class=\"versanumer\">6<\/span><\/a>\u00deetta gj\u00f6r\u00f0i hann a\u00f0 reglu \u00ed J\u00f3sep, \u00fe\u00e1 hann f\u00f3r \u00e1 m\u00f3ti Egyptalandi. R\u00f6dd \u00feess sem eg ekki \u00feekki, kemur m\u00e9r til eyrna.<a name=\"7\"><span class=\"versanumer\">7<\/span><\/a>\u201eEg t\u00f3k hans her\u00f0ar undan byr\u00f0inni, hans hendur fr\u00edu\u00f0ust fr\u00e1 k\u00f6rfunum,<a name=\"8\"><span class=\"versanumer\">8<\/span><\/a>\u00fe\u00fa kalla\u00f0ir \u00ed ney\u00f0inni og eg fr\u00eda\u00f0i \u00feig, eg b\u00e6nheyr\u00f0i \u00feig fr\u00e1 <span class='VideyAth'>(m\u00ednu)<\/span> \u00ferumusk\u00fdi, eg reyndi \u00feig hj\u00e1 Mer\u00edbavatni. <span class='VideyAth'>(M\u00e1lhv\u00edld)<\/span>.<a name=\"9\"><span class=\"versanumer\">9<\/span><\/a>Heyr, mitt f\u00f3lk! eg vil vitna \u00fe\u00edn \u00e1 me\u00f0al, \u00f3, a\u00f0 \u00fe\u00fa vildir heyra mig, \u00cdsrael!<a name=\"10\"><span class=\"versanumer\">10<\/span><\/a>Enginn Gu\u00f0 \u00fatlendra s\u00e9 \u00fe\u00edn \u00e1 me\u00f0al, ei skaltu tilbi\u00f0ja \u00fatlanda Gu\u00f0i!<a name=\"11\"><span class=\"versanumer\">11<\/span><\/a>Eg er Drottinn \u00feinn Gu\u00f0, sem \u00fatleiddi \u00feig af Egyptalandi; lj\u00fak \u00fe\u00ednum munni v\u00edtt \u00ed sundur, eg mun fylla hann.<a name=\"12\"><span class=\"versanumer\">12<\/span><\/a>En mitt f\u00f3lk heyr\u00f0i ekki m\u00edna raust, og \u00cdsrael vildi ekki hl\u00fd\u00f0a m\u00e9r.<a name=\"13\"><span class=\"versanumer\">13<\/span><\/a>Svo ofurgaf \u00e9g \u00fe\u00e1 \u00fever\u00fa\u00f0 \u00feeirra hjartna, a\u00f0 \u00feeir gengu eftir s\u00ednu eigin r\u00e1\u00f0i.<a name=\"14\"><span class=\"versanumer\">14<\/span><\/a>\u00d3! a\u00f0 mitt f\u00f3lk vildi heyra mig! a\u00f0 \u00cdsrael vildi ganga \u00e1 m\u00ednum vegum.<a name=\"15\"><span class=\"versanumer\">15<\/span><\/a>\u00de\u00e1 skyldi eg innan skamms au\u00f0m\u00fdkja \u00feeirra \u00f3vini, og sn\u00faa minni hendi m\u00f3t \u00feeirra m\u00f3tst\u00f6\u00f0um\u00f6nnum.<a name=\"16\"><span class=\"versanumer\">16<\/span><\/a>\u00deeir sem hata Drottin, skyldu fyrir honum hr\u00e6sna, en lukka <span class='VideyAth'>(Gu\u00f0s f\u00f3lks)<\/span> skyldi vara eil\u00edflega,<a name=\"17\"><span class=\"versanumer\">17<\/span><\/a>eg skyldi f\u00e6\u00f0a \u00fea\u00f0 \u00e1 hveitisfitu, og metta \u00feig me\u00f0 hunangi af hellunni.\u201c<\/p>\n<div class=\"footnoteVidey\"><\/div>\n","protected":false},"excerpt":{"rendered":"<p>\u00c1minning a\u00f0 halda p\u00e1ska. 1Til hlj\u00f3\u00f0f\u00e6rameistarans, eftir G\u00edtit; af Asaf.2Syngi\u00f0 me\u00f0 f\u00f6gnu\u00f0i fyrir Gu\u00f0i, vorum styrkleika! fagni\u00f0 fyrir Jakobs Gu\u00f0i!3Hefji\u00f0 lofs\u00f6nginn, sl\u00e1i\u00f0 trumburnar og \u00feau l\u00edflegu hlj\u00f3\u00f0f\u00e6ri og h\u00f6rpu.4Bl\u00e1si\u00f0 \u00ed b\u00e1s\u00fanuna, \u00feegar tungl kemur og fyllist \u00e1 vorum h\u00e1t\u00ed\u00f0isdegi.5\u00dev\u00ed \u00feetta er si\u00f0ur \u00ed \u00cdsrael, bo\u00f0or\u00f0 Jakobs Gu\u00f0s.6\u00deetta gj\u00f6r\u00f0i hann a\u00f0 reglu \u00ed J\u00f3sep, \u00fe\u00e1 hann f\u00f3r \u00e1 m\u00f3ti Egyptalandi. R\u00f6dd \u00feess sem eg ekki \u00feekki, kemur m\u00e9r til eyrna.7\u201eEg t\u00f3k hans her\u00f0ar undan byr\u00f0inni, hans hendur fr\u00edu\u00f0ust fr\u00e1 k\u00f6rfunum,8\u00fe\u00fa kalla\u00f0ir \u00ed ney\u00f0inni og eg fr\u00eda\u00f0i \u00feig, eg b\u00e6nheyr\u00f0i \u00feig fr\u00e1 (m\u00ednu) \u00ferumusk\u00fdi, eg reyndi \u00feig hj\u00e1 Mer\u00edbavatni. (M\u00e1lhv\u00edld).9Heyr, mitt f\u00f3lk! <a href=\"https:\/\/biblian.is\/videy\/salmarnir-81-kafli\/\"> [&#8230;]<\/a><\/p>\n","protected":false},"author":1,"featured_media":0,"parent":0,"menu_order":0,"comment_status":"open","ping_status":"open","template":"bibliukaflar.php","meta":{"footnotes":""},"class_list":["post-21408","page","type-page","status-publish","hentry"],"_links":{"self":[{"href":"https:\/\/biblian.is\/videy\/wp-json\/wp\/v2\/pages\/21408","targetHints":{"allow":["GET"]}}],"collection":[{"href":"https:\/\/biblian.is\/videy\/wp-json\/wp\/v2\/pages"}],"about":[{"href":"https:\/\/biblian.is\/videy\/wp-json\/wp\/v2\/types\/page"}],"author":[{"embeddable":true,"href":"https:\/\/biblian.is\/videy\/wp-json\/wp\/v2\/users\/1"}],"replies":[{"embeddable":true,"href":"https:\/\/biblian.is\/videy\/wp-json\/wp\/v2\/comments?post=21408"}],"version-history":[{"count":0,"href":"https:\/\/biblian.is\/videy\/wp-json\/wp\/v2\/pages\/21408\/revisions"}],"wp:attachment":[{"href":"https:\/\/biblian.is\/videy\/wp-json\/wp\/v2\/media?parent=21408"}],"curies":[{"name":"wp","href":"https:\/\/api.w.org\/{rel}","templated":true}]}}